{"id":129,"date":"2019-09-04T15:22:07","date_gmt":"2019-09-04T12:22:07","guid":{"rendered":"https:\/\/blog.edu.turku.fi\/klassillinen\/?page_id=129"},"modified":"2022-08-23T13:49:40","modified_gmt":"2022-08-23T10:49:40","slug":"ilmaisulinja","status":"publish","type":"page","link":"https:\/\/blog.edu.turku.fi\/klassillinen\/ilmaisulinja\/","title":{"rendered":"Ilmaisulinja"},"content":{"rendered":"<h4><strong>Ilmaisun tavoitteet<\/strong><\/h4>\n<p>Erityislinjan tavoitteena on, ett\u00e4 opiskelijan ilmaisu kehittyy monipuolisesti ja h\u00e4nen viestint\u00e4valmiutensa harjaantuvat. T\u00e4rke\u00e4\u00e4 on taiteen avulla kasvaminen. Teatterin ja median opiskeleminen edellytt\u00e4\u00e4 opiskelijoilta aktiivista osallistumista oppimisprosessiin ja halua pist\u00e4\u00e4 oma persoonansa peliin oppiakseen uusia tietoja ja taitoja. Ilmaisun opintojaksoilla korostuvat ryhm\u00e4ss\u00e4 toimimisen taidot kuten osallistuvuus, huomaavaisuus ja suvaitsevaisuus. My\u00f6s n\u00e4m\u00e4 taidot ja positiivinen asenne opiskeltavaan aiheeseen vaikuttavat opiskelijan suorituksen arviointiin. Erityislinjan opiskelijoiden on hyvin t\u00e4rke\u00e4\u00e4 ker\u00e4t\u00e4 kaikilla ilmaisuviestinn\u00e4n opintojaksoilla oppimiaan asioita omaan portfolioonsa.<\/p>\n<p><img loading=\"lazy\" decoding=\"async\" class=\"alignnone wp-image-646\" src=\"https:\/\/blog.edu.turku.fi\/klassillinen\/files\/2020\/01\/ipekperill\u00e42-300x200.jpg\" alt=\"Kuvaaja: Ipek Kairinen\" width=\"200\" height=\"133\" srcset=\"https:\/\/blog.edu.turku.fi\/klassillinen\/files\/2020\/01\/ipekperill\u00e42-300x200.jpg 300w, https:\/\/blog.edu.turku.fi\/klassillinen\/files\/2020\/01\/ipekperill\u00e42-1024x683.jpg 1024w, https:\/\/blog.edu.turku.fi\/klassillinen\/files\/2020\/01\/ipekperill\u00e42.jpg 2048w\" sizes=\"auto, (max-width: 200px) 100vw, 200px\" \/><strong> <img loading=\"lazy\" decoding=\"async\" class=\"alignnone wp-image-644\" src=\"https:\/\/blog.edu.turku.fi\/klassillinen\/files\/2020\/01\/DSC_0283-1-300x200.jpg\" alt=\"Kuvaaja: Anastasija Lapina\" width=\"200\" height=\"133\" srcset=\"https:\/\/blog.edu.turku.fi\/klassillinen\/files\/2020\/01\/DSC_0283-1-300x200.jpg 300w, https:\/\/blog.edu.turku.fi\/klassillinen\/files\/2020\/01\/DSC_0283-1-1024x683.jpg 1024w, https:\/\/blog.edu.turku.fi\/klassillinen\/files\/2020\/01\/DSC_0283-1.jpg 2048w\" sizes=\"auto, (max-width: 200px) 100vw, 200px\" \/> <\/strong><strong><img loading=\"lazy\" decoding=\"async\" class=\"alignnone wp-image-645\" src=\"https:\/\/blog.edu.turku.fi\/klassillinen\/files\/2020\/01\/ilona-raitis3-300x169.jpg\" alt=\"Kuvaaja: Ilona Raitis\" width=\"235\" height=\"133\" srcset=\"https:\/\/blog.edu.turku.fi\/klassillinen\/files\/2020\/01\/ilona-raitis3-300x169.jpg 300w, https:\/\/blog.edu.turku.fi\/klassillinen\/files\/2020\/01\/ilona-raitis3-1024x576.jpg 1024w, https:\/\/blog.edu.turku.fi\/klassillinen\/files\/2020\/01\/ilona-raitis3.jpg 2048w\" sizes=\"auto, (max-width: 235px) 100vw, 235px\" \/>\u00a0<\/strong><\/p>\n<p>&nbsp;<\/p>\n","protected":false},"excerpt":{"rendered":"<p>Ilmaisun tavoitteet Erityislinjan tavoitteena on, ett\u00e4 opiskelijan ilmaisu kehittyy monipuolisesti ja h\u00e4nen viestint\u00e4valmiutensa harjaantuvat. T\u00e4rke\u00e4\u00e4 on taiteen avulla kasvaminen. Teatterin &hellip; <\/p>\n","protected":false},"author":2406,"featured_media":0,"parent":0,"menu_order":6,"comment_status":"closed","ping_status":"closed","template":"","meta":{"footnotes":""},"class_list":["post-129","page","type-page","status-publish","hentry"],"_links":{"self":[{"href":"https:\/\/blog.edu.turku.fi\/klassillinen\/wp-json\/wp\/v2\/pages\/129","targetHints":{"allow":["GET"]}}],"collection":[{"href":"https:\/\/blog.edu.turku.fi\/klassillinen\/wp-json\/wp\/v2\/pages"}],"about":[{"href":"https:\/\/blog.edu.turku.fi\/klassillinen\/wp-json\/wp\/v2\/types\/page"}],"author":[{"embeddable":true,"href":"https:\/\/blog.edu.turku.fi\/klassillinen\/wp-json\/wp\/v2\/users\/2406"}],"replies":[{"embeddable":true,"href":"https:\/\/blog.edu.turku.fi\/klassillinen\/wp-json\/wp\/v2\/comments?post=129"}],"version-history":[{"count":12,"href":"https:\/\/blog.edu.turku.fi\/klassillinen\/wp-json\/wp\/v2\/pages\/129\/revisions"}],"predecessor-version":[{"id":1512,"href":"https:\/\/blog.edu.turku.fi\/klassillinen\/wp-json\/wp\/v2\/pages\/129\/revisions\/1512"}],"wp:attachment":[{"href":"https:\/\/blog.edu.turku.fi\/klassillinen\/wp-json\/wp\/v2\/media?parent=129"}],"curies":[{"name":"wp","href":"https:\/\/api.w.org\/{rel}","templated":true}]}}