{"id":126,"date":"2019-09-04T15:21:57","date_gmt":"2019-09-04T12:21:57","guid":{"rendered":"https:\/\/blog.edu.turku.fi\/klassillinen\/?page_id=126"},"modified":"2021-09-15T14:15:17","modified_gmt":"2021-09-15T11:15:17","slug":"hankkeet","status":"publish","type":"page","link":"https:\/\/blog.edu.turku.fi\/klassillinen\/koulun-esittely\/hankkeet\/","title":{"rendered":"Hankkeet"},"content":{"rendered":"<p>Lukiossamme on k\u00e4ynniss\u00e4 useita hankkeita. Ne liittyv\u00e4t opiskelutekniikkaan, opiskelijoiden ohjaamiseen, ty\u00f6el\u00e4m\u00e4yhteisty\u00f6h\u00f6n ja liikkuvaan kouluun. Hankkeet ovat p\u00e4\u00e4osin OPH:n rahoittamia ja koskevat kaikkia kaupungin lukioita.<\/p>\n<p>Erityisesti TuOMO- ja TASE-hankkeiden kehitt\u00e4misess\u00e4 Turun klassillisen lukio on ollut p\u00e4\u00e4vastuussa ja hankkeet ovat saaneet vankan jalansijan koulussamme. Muissa hankkeissa eri lukioiden edustajat viev\u00e4t hankkeita koulun haluamaan ja tarvitsemaan suuntaan. Lis\u00e4tietoja hankkeista l\u00f6yd\u00e4t sivuvalikosta.<\/p>\n","protected":false},"excerpt":{"rendered":"<p>Lukiossamme on k\u00e4ynniss\u00e4 useita hankkeita. Ne liittyv\u00e4t opiskelutekniikkaan, opiskelijoiden ohjaamiseen, ty\u00f6el\u00e4m\u00e4yhteisty\u00f6h\u00f6n ja liikkuvaan kouluun. Hankkeet ovat p\u00e4\u00e4osin OPH:n rahoittamia ja &hellip; <\/p>\n","protected":false},"author":1368,"featured_media":590,"parent":114,"menu_order":5,"comment_status":"closed","ping_status":"closed","template":"","meta":{"footnotes":""},"class_list":["post-126","page","type-page","status-publish","has-post-thumbnail","hentry"],"_links":{"self":[{"href":"https:\/\/blog.edu.turku.fi\/klassillinen\/wp-json\/wp\/v2\/pages\/126","targetHints":{"allow":["GET"]}}],"collection":[{"href":"https:\/\/blog.edu.turku.fi\/klassillinen\/wp-json\/wp\/v2\/pages"}],"about":[{"href":"https:\/\/blog.edu.turku.fi\/klassillinen\/wp-json\/wp\/v2\/types\/page"}],"author":[{"embeddable":true,"href":"https:\/\/blog.edu.turku.fi\/klassillinen\/wp-json\/wp\/v2\/users\/1368"}],"replies":[{"embeddable":true,"href":"https:\/\/blog.edu.turku.fi\/klassillinen\/wp-json\/wp\/v2\/comments?post=126"}],"version-history":[{"count":6,"href":"https:\/\/blog.edu.turku.fi\/klassillinen\/wp-json\/wp\/v2\/pages\/126\/revisions"}],"predecessor-version":[{"id":1293,"href":"https:\/\/blog.edu.turku.fi\/klassillinen\/wp-json\/wp\/v2\/pages\/126\/revisions\/1293"}],"up":[{"embeddable":true,"href":"https:\/\/blog.edu.turku.fi\/klassillinen\/wp-json\/wp\/v2\/pages\/114"}],"wp:featuredmedia":[{"embeddable":true,"href":"https:\/\/blog.edu.turku.fi\/klassillinen\/wp-json\/wp\/v2\/media\/590"}],"wp:attachment":[{"href":"https:\/\/blog.edu.turku.fi\/klassillinen\/wp-json\/wp\/v2\/media?parent=126"}],"curies":[{"name":"wp","href":"https:\/\/api.w.org\/{rel}","templated":true}]}}