{"id":123,"date":"2019-09-04T15:21:38","date_gmt":"2019-09-04T12:21:38","guid":{"rendered":"https:\/\/blog.edu.turku.fi\/klassillinen\/?page_id=123"},"modified":"2019-09-09T12:22:49","modified_gmt":"2019-09-09T09:22:49","slug":"kansainvalisyys","status":"publish","type":"page","link":"https:\/\/blog.edu.turku.fi\/klassillinen\/koulun-esittely\/kansainvalisyys\/","title":{"rendered":"Kansainv\u00e4lisyys"},"content":{"rendered":"<div class=\"entry-content\">\n<p>Lukiomme kielten lukijat tekev\u00e4t lukuvuosittain opintomatkoja opiskelemansa vieraan kielen kohdemaahan.<\/p>\n<p>Yst\u00e4vyyskoulumme on ranskalainen Lyc\u00e9e Emile Zola, Rennesin kaupungista, Bretagnesta. Ranskan lukijat vierailevat Rennesiss\u00e4 joka kev\u00e4t, ja vastaavasti ranskalaiset nuoret tekev\u00e4t viikon matkan Suomeen ja tutustuvat kouluumme. <a href=\"https:\/\/blog.edu.turku.fi\/klassillinenverkkolehti\/2019\/05\/10\/rennes-23-30-4-2019-unohtumaton-viikko-ranskassa\/\" target=\"_blank\" rel=\"noopener\">Lue artikkeli kev\u00e4\u00e4n 2019 Ranskan-matkasta<\/a>.<\/p>\n<p>Rooma-kerho tekee joka toinen vuosi opintomatkan Roomaan. Matkalle voi p\u00e4\u00e4st\u00e4 mukaan klassillisen lukion opiskelija, joka osallistuu aktiivisesti kerhon toimintaan. Rooma-kerho on tarkoitettu kaikille klassillisen opiskelijoille. Tervetuloa mukaan! <a href=\"https:\/\/blog.edu.turku.fi\/klassillinenverkkolehti\/2019\/05\/22\/matkapaivakirja-rooma-2019\/\" target=\"_blank\" rel=\"noopener\">Lue matkap\u00e4iv\u00e4kirja kev\u00e4\u00e4n 2019 matkasta<\/a>.<\/p>\n<p>Viime lukuvuosina matkoja on tehty lis\u00e4ksi mm. Pietariin ja Tukholmaan.<\/p>\n<p>&nbsp;<\/p>\n<\/div>\n","protected":false},"excerpt":{"rendered":"<p>Lukiomme kielten lukijat tekev\u00e4t lukuvuosittain opintomatkoja opiskelemansa vieraan kielen kohdemaahan. Yst\u00e4vyyskoulumme on ranskalainen Lyc\u00e9e Emile Zola, Rennesin kaupungista, Bretagnesta. Ranskan &hellip; <\/p>\n","protected":false},"author":1368,"featured_media":0,"parent":114,"menu_order":4,"comment_status":"closed","ping_status":"closed","template":"","meta":{"footnotes":""},"class_list":["post-123","page","type-page","status-publish","hentry"],"_links":{"self":[{"href":"https:\/\/blog.edu.turku.fi\/klassillinen\/wp-json\/wp\/v2\/pages\/123","targetHints":{"allow":["GET"]}}],"collection":[{"href":"https:\/\/blog.edu.turku.fi\/klassillinen\/wp-json\/wp\/v2\/pages"}],"about":[{"href":"https:\/\/blog.edu.turku.fi\/klassillinen\/wp-json\/wp\/v2\/types\/page"}],"author":[{"embeddable":true,"href":"https:\/\/blog.edu.turku.fi\/klassillinen\/wp-json\/wp\/v2\/users\/1368"}],"replies":[{"embeddable":true,"href":"https:\/\/blog.edu.turku.fi\/klassillinen\/wp-json\/wp\/v2\/comments?post=123"}],"version-history":[{"count":6,"href":"https:\/\/blog.edu.turku.fi\/klassillinen\/wp-json\/wp\/v2\/pages\/123\/revisions"}],"predecessor-version":[{"id":237,"href":"https:\/\/blog.edu.turku.fi\/klassillinen\/wp-json\/wp\/v2\/pages\/123\/revisions\/237"}],"up":[{"embeddable":true,"href":"https:\/\/blog.edu.turku.fi\/klassillinen\/wp-json\/wp\/v2\/pages\/114"}],"wp:attachment":[{"href":"https:\/\/blog.edu.turku.fi\/klassillinen\/wp-json\/wp\/v2\/media?parent=123"}],"curies":[{"name":"wp","href":"https:\/\/api.w.org\/{rel}","templated":true}]}}