{"id":121,"date":"2019-09-04T15:21:19","date_gmt":"2019-09-04T12:21:19","guid":{"rendered":"https:\/\/blog.edu.turku.fi\/klassillinen\/?page_id=121"},"modified":"2020-11-10T14:38:15","modified_gmt":"2020-11-10T12:38:15","slug":"latina","status":"publish","type":"page","link":"https:\/\/blog.edu.turku.fi\/klassillinen\/koulun-esittely\/latina\/","title":{"rendered":"Latina"},"content":{"rendered":"<p>Turun klassillinen lukio j\u00e4rjest\u00e4\u00e4 latinan kursseja ainoana Turun lukioista.<\/p>\n<p>Latinan opinnoissa hankitaan monipuolista yleissivistyst\u00e4. Latinan taito tukee \u00e4idinkielen ja vieraiden kielten opiskelua ja avaa uusia n\u00e4k\u00f6kulmia my\u00f6s muihin oppiaineisiin: matematiikkaan ja luonnontieteisiin, taito- ja taideaineisiin. Opinnoissa perehdyt\u00e4\u00e4n my\u00f6s antiikin historiaan, myytteihin ja tarinoihin sek\u00e4 keskustellaan niiden vaikutuksesta nykykulttuuriin. Latinan parissa ollaan jatkuvalla aikamatkalla nykyisyydest\u00e4 antiikkiin ja taas takaisin! Latinan opiskelu kehitt\u00e4\u00e4 p\u00e4\u00e4ttelytaitoa sek\u00e4 innostaa etsim\u00e4\u00e4n, l\u00f6yt\u00e4m\u00e4\u00e4n ja ty\u00f6st\u00e4m\u00e4\u00e4n tietoa.<\/p>\n<p>Lukiossamme voi opiskella latinaa jopa kymmenen kurssia. Lis\u00e4ksi tarjolla on vanhan kreikan kurssi ja mahdollisuus opiskella vanhaa kreikkaa my\u00f6s yhteisty\u00f6kurssilla Turun yliopistossa.<\/p>\n","protected":false},"excerpt":{"rendered":"<p>Turun klassillinen lukio j\u00e4rjest\u00e4\u00e4 latinan kursseja ainoana Turun lukioista. Latinan opinnoissa hankitaan monipuolista yleissivistyst\u00e4. Latinan taito tukee \u00e4idinkielen ja vieraiden &hellip; <\/p>\n","protected":false},"author":1368,"featured_media":0,"parent":114,"menu_order":3,"comment_status":"closed","ping_status":"closed","template":"","meta":{"footnotes":""},"class_list":["post-121","page","type-page","status-publish","hentry"],"_links":{"self":[{"href":"https:\/\/blog.edu.turku.fi\/klassillinen\/wp-json\/wp\/v2\/pages\/121","targetHints":{"allow":["GET"]}}],"collection":[{"href":"https:\/\/blog.edu.turku.fi\/klassillinen\/wp-json\/wp\/v2\/pages"}],"about":[{"href":"https:\/\/blog.edu.turku.fi\/klassillinen\/wp-json\/wp\/v2\/types\/page"}],"author":[{"embeddable":true,"href":"https:\/\/blog.edu.turku.fi\/klassillinen\/wp-json\/wp\/v2\/users\/1368"}],"replies":[{"embeddable":true,"href":"https:\/\/blog.edu.turku.fi\/klassillinen\/wp-json\/wp\/v2\/comments?post=121"}],"version-history":[{"count":4,"href":"https:\/\/blog.edu.turku.fi\/klassillinen\/wp-json\/wp\/v2\/pages\/121\/revisions"}],"predecessor-version":[{"id":555,"href":"https:\/\/blog.edu.turku.fi\/klassillinen\/wp-json\/wp\/v2\/pages\/121\/revisions\/555"}],"up":[{"embeddable":true,"href":"https:\/\/blog.edu.turku.fi\/klassillinen\/wp-json\/wp\/v2\/pages\/114"}],"wp:attachment":[{"href":"https:\/\/blog.edu.turku.fi\/klassillinen\/wp-json\/wp\/v2\/media?parent=121"}],"curies":[{"name":"wp","href":"https:\/\/api.w.org\/{rel}","templated":true}]}}