{"id":119,"date":"2019-09-04T15:21:01","date_gmt":"2019-09-04T12:21:01","guid":{"rendered":"https:\/\/blog.edu.turku.fi\/klassillinen\/?page_id=119"},"modified":"2025-11-27T14:50:53","modified_gmt":"2025-11-27T12:50:53","slug":"ilmapiiri","status":"publish","type":"page","link":"https:\/\/blog.edu.turku.fi\/klassillinen\/koulun-esittely\/ilmapiiri\/","title":{"rendered":"Toimintaperiaatteita"},"content":{"rendered":"<p>Turun klassillinen lukio sijaitsee Eskelinkadun ja Linnankadun kulmauksessa keskeisell\u00e4 paikalla kaupunkia. Taideviestint\u00e4, perinteet ja klassisen kulttuurin vaaliminen ovat osa jokap\u00e4iv\u00e4ist\u00e4 toimintakulttuuriamme.\u00a0 Olemme\u00a0aikaa seuraava lukio, jossa on laaja ja monipuolinen kurssitarjonta, taitavat opettajat, innostuneet opiskelijat ja my\u00f6nteinen opiskeluilmapiiri.<\/p>\n<p>Teht\u00e4v\u00e4n\u00e4mme on kouluttaa monipuolisesti sivistyneit\u00e4 ylioppilaita, jotka saavat hyv\u00e4t valmiudet jatko-opintoihin ja tulevaisuuteen. Erityislukiona painotamme kulttuurin tuntemusta sek\u00e4 tieteen ja taiteen avulla kasvamista, jotka ovat oppimisen kohteita ja el\u00e4m\u00e4nhallinnan v\u00e4lineit\u00e4. Turun klassillisessa lukiossa tavoitteenamme on vahvistaa opiskelijan itsetuntoa ja laaja-alaista osaamista. Opiskelija, jolla on hyv\u00e4 itsetunto, arvostaa itse\u00e4\u00e4n ja muita sek\u00e4 voi hyvin.<\/p>\n<p>Turun klassillisessa lukiossa arvostetaan laaja-alaisesti yleissivistyst\u00e4 ja kulttuuriarvoja. Koulutamme tavoitteellisia, yhteisty\u00f6kykyisi\u00e4, analyyttiseen ajatteluun kykenevi\u00e4 ja jatko-opintokelpoisia ylioppilaita. Otamme huomioon opiskelijoiden erityisosaamisen ja annamme opiskelijoille ev\u00e4it\u00e4 omien kykyjens\u00e4 toteuttamiseen, jotta he menestyisiv\u00e4t el\u00e4m\u00e4ss\u00e4\u00e4n.<\/p>\n<p>Arvostamme my\u00f6s aktiivista oppimista ja ty\u00f6ntekoa sek\u00e4 kannustavaa ja my\u00f6nteist\u00e4 opiskeluilmapiiri\u00e4. Lukiomme toimintaa ohjaa yhteis\u00f6llisyys, toisista v\u00e4litt\u00e4minen ja vastuullisuus. Arvostamme luontevaa kommunikointia ja ihmisen kohtaamisen taitoa. Tuemme opiskelijoiden muuntautumis- ja valikointikyky\u00e4, jotka auttavat sopeutumaan tulevaisuuden haasteisiin.<\/p>\n<p><a href=\"https:\/\/blog.edu.turku.fi\/klassillinentiedotus\/files\/2014\/10\/Tasa-arvo-ja-yhdenvertaisuusuunnitelma-Turun-klassillinen-lukio-2024-2026.pdf\">Turun klassillisen lukion Tasa-arvo- ja yhdenvertaisuussuunnitelma<\/a><\/p>\n<p>&nbsp;<\/p>\n","protected":false},"excerpt":{"rendered":"<p>Turun klassillinen lukio sijaitsee Eskelinkadun ja Linnankadun kulmauksessa keskeisell\u00e4 paikalla kaupunkia. Taideviestint\u00e4, perinteet ja klassisen kulttuurin vaaliminen ovat osa jokap\u00e4iv\u00e4ist\u00e4 &hellip; <\/p>\n","protected":false},"author":1368,"featured_media":0,"parent":114,"menu_order":2,"comment_status":"closed","ping_status":"closed","template":"","meta":{"footnotes":""},"class_list":["post-119","page","type-page","status-publish","hentry"],"_links":{"self":[{"href":"https:\/\/blog.edu.turku.fi\/klassillinen\/wp-json\/wp\/v2\/pages\/119","targetHints":{"allow":["GET"]}}],"collection":[{"href":"https:\/\/blog.edu.turku.fi\/klassillinen\/wp-json\/wp\/v2\/pages"}],"about":[{"href":"https:\/\/blog.edu.turku.fi\/klassillinen\/wp-json\/wp\/v2\/types\/page"}],"author":[{"embeddable":true,"href":"https:\/\/blog.edu.turku.fi\/klassillinen\/wp-json\/wp\/v2\/users\/1368"}],"replies":[{"embeddable":true,"href":"https:\/\/blog.edu.turku.fi\/klassillinen\/wp-json\/wp\/v2\/comments?post=119"}],"version-history":[{"count":7,"href":"https:\/\/blog.edu.turku.fi\/klassillinen\/wp-json\/wp\/v2\/pages\/119\/revisions"}],"predecessor-version":[{"id":1927,"href":"https:\/\/blog.edu.turku.fi\/klassillinen\/wp-json\/wp\/v2\/pages\/119\/revisions\/1927"}],"up":[{"embeddable":true,"href":"https:\/\/blog.edu.turku.fi\/klassillinen\/wp-json\/wp\/v2\/pages\/114"}],"wp:attachment":[{"href":"https:\/\/blog.edu.turku.fi\/klassillinen\/wp-json\/wp\/v2\/media?parent=119"}],"curies":[{"name":"wp","href":"https:\/\/api.w.org\/{rel}","templated":true}]}}