{"id":117,"date":"2019-09-04T15:20:35","date_gmt":"2019-09-04T12:20:35","guid":{"rendered":"https:\/\/blog.edu.turku.fi\/klassillinen\/?page_id=117"},"modified":"2024-10-16T09:14:50","modified_gmt":"2024-10-16T06:14:50","slug":"historiaa","status":"publish","type":"page","link":"https:\/\/blog.edu.turku.fi\/klassillinen\/koulun-esittely\/historiaa\/","title":{"rendered":"Historiaa"},"content":{"rendered":"<p><strong>Historiamme lyhyt oppim\u00e4\u00e4r\u00e4<\/strong><\/p>\n<p>Turun klassillisen lukion juuret ovat niin kaukana historiassa, ett\u00e4 lukiomme on Turun ja koko maakunnan vanhin suomenkielinen lukio. Syksyll\u00e4 2019 lukio t\u00e4ytti 140 vuotta.<\/p>\n<p>Maamme sivistyksest\u00e4 huolestuneiden yksityishenkil\u00f6iden toimeenpaneman ker\u00e4yksen turvin perustettiin vuonna 1879 kaupunkimme ja koko maakuntamme ensimm\u00e4inen suomenkielinen ylioppilastutkintoon johtava oppikoulu, l\u00e4nsimaista klassillista kulttuuriperint\u00f6\u00e4 yll\u00e4pit\u00e4v\u00e4 <strong>Turun suomalainen lyseo<\/strong>. Lukio aloitti vanhan Seurahuoneen eli nykyisen kaupungintalon sivurakennuksessa.<\/p>\n<p>Uudeksi nimeksi tuli <strong>Turun suomalainen valtiolyseo<\/strong> (1883), kun yksityislyseoon lakattiin ottamasta uusia oppilaita. Yksityislyseon ja valtiolyseon sulauduttua yhdeksi oppikouluksi muodostui <strong>Turun suomalainen lyseo<\/strong> (1887). Lukio toimi konsuli S\u00e4ven talossa osoitteessa Gezeliuksenkatu 2 vuodesta 1882 alkaen. Vuonna 1883 lukio muutti nykyiseen kiinteist\u00f6\u00f6n Linnakadun reunaan entiseen kehruuhuoneeseen Spinhuusiin ja vuonna 1964 otettiin k\u00e4ytt\u00f6\u00f6n olemassa oleva koulurakennus.<\/p>\n<p>Kun reaaliosasto oli erotettu erilliseksi kouluksi, vastasi <strong>Turun suomalainen klassillinen lyseo<\/strong> (1903), my\u00f6hempi <strong>Turun klassillinen lyseo<\/strong> (1950), yksin perinteisest\u00e4 teht\u00e4v\u00e4st\u00e4\u00e4n. Oppilaitoksen historian ensimm\u00e4isten tytt\u00f6jen tultua kouluun muodostui <strong>Turun klassillinen yhteislyseo<\/strong> (1972).<\/p>\n<p>Peruskouluj\u00e4rjestelm\u00e4n noudattama tapa nimitt\u00e4\u00e4 koulu muun kuin tarkoitusper\u00e4n mukaan pakotti Klassikonkin ottamaan nimet <strong>Eskelin koulu ja lukio<\/strong> (1976). T\u00e4ytt\u00e4ess\u00e4\u00e4n 100 vuotta oppilaitos sai takaisin sille kuuluvan nimen <strong>Turun klassikon lukio<\/strong> (1979). Yl\u00e4asteesta puolestaan tuli <strong>Klassikon koulu<\/strong> (1985).<\/p>\n<p>Suurten ik\u00e4luokkien tullessa kouluik\u00e4\u00e4n 1950-luvulla tarvittiin Turussakin lis\u00e4\u00e4 koulutilaa. <strong>Turun toisen yhteiskoulun<\/strong> kannatusyhdistys perustettiin 1958 ja koulu alkoi toimia ylioppilastutkintoon johtavana kouluna iltavuorossa Kupittaan yhteiskoulun tiloissa syksyll\u00e4 1959. Koulun nimi muutettiin <strong>Juhana Herttuan yhteiskouluksi<\/strong>, kun uusi koulutalo otettiin\u00a0 k\u00e4ytt\u00f6\u00f6n 1960. Yhteiskoulu jaettiin 1976 peruskoulun tullessa\u00a0 <strong>Juhana Herttuan lukioksi ja kouluksi<\/strong>.<\/p>\n<p>Lukuvuoden 2013 &#8211; 2014 alusta l\u00e4htien Linnankadulla on toiminut Turun klassillinen lukio, joka muodotui Turun klassikon lukion ja Juhana Herttuan lukion yhdistyess\u00e4. Kiinteist\u00f6ss\u00e4 toimii my\u00f6s Turun iltalukio.<\/p>\n<p>Nyky\u00e4\u00e4n Turun klassillinen lukio on yksi Suomen kolmesta ilmaisutaidonlukiosta. Juhana Herttuan lukiossa vuodesta 1995 toiminut valtakunnallinen erityisteht\u00e4v\u00e4 siirtyi Turun klassilliseen lukion yhdistymisen yhteydess\u00e4. Vuonna 2017 viimeisimm\u00e4ss\u00e4 erityisteht\u00e4v\u00e4haussa Turun klassilliselle lukiolle my\u00f6nnettiin j\u00e4lleen valtakunnallinen erityisteht\u00e4v\u00e4 ilmaisutaitoon painottuvan opetuksen j\u00e4rjest\u00e4miseen. Perusteluissa todettiin osaltamme, ett\u00e4 \u201dhakemuksesta v\u00e4littyi vahva sitoutuminen erityisteht\u00e4v\u00e4\u00e4n, yhteisty\u00f6verkostot ovat alueellisesti kattavat ja henkil\u00f6st\u00f6 on sitoutunut, p\u00e4tev\u00e4 ja uutta etsiv\u00e4.\u201d<\/p>\n","protected":false},"excerpt":{"rendered":"<p>Historiamme lyhyt oppim\u00e4\u00e4r\u00e4 Turun klassillisen lukion juuret ovat niin kaukana historiassa, ett\u00e4 lukiomme on Turun ja koko maakunnan vanhin suomenkielinen &hellip; <\/p>\n","protected":false},"author":1368,"featured_media":0,"parent":114,"menu_order":1,"comment_status":"closed","ping_status":"closed","template":"","meta":{"footnotes":""},"class_list":["post-117","page","type-page","status-publish","hentry"],"_links":{"self":[{"href":"https:\/\/blog.edu.turku.fi\/klassillinen\/wp-json\/wp\/v2\/pages\/117","targetHints":{"allow":["GET"]}}],"collection":[{"href":"https:\/\/blog.edu.turku.fi\/klassillinen\/wp-json\/wp\/v2\/pages"}],"about":[{"href":"https:\/\/blog.edu.turku.fi\/klassillinen\/wp-json\/wp\/v2\/types\/page"}],"author":[{"embeddable":true,"href":"https:\/\/blog.edu.turku.fi\/klassillinen\/wp-json\/wp\/v2\/users\/1368"}],"replies":[{"embeddable":true,"href":"https:\/\/blog.edu.turku.fi\/klassillinen\/wp-json\/wp\/v2\/comments?post=117"}],"version-history":[{"count":15,"href":"https:\/\/blog.edu.turku.fi\/klassillinen\/wp-json\/wp\/v2\/pages\/117\/revisions"}],"predecessor-version":[{"id":1752,"href":"https:\/\/blog.edu.turku.fi\/klassillinen\/wp-json\/wp\/v2\/pages\/117\/revisions\/1752"}],"up":[{"embeddable":true,"href":"https:\/\/blog.edu.turku.fi\/klassillinen\/wp-json\/wp\/v2\/pages\/114"}],"wp:attachment":[{"href":"https:\/\/blog.edu.turku.fi\/klassillinen\/wp-json\/wp\/v2\/media?parent=117"}],"curies":[{"name":"wp","href":"https:\/\/api.w.org\/{rel}","templated":true}]}}