{"id":114,"date":"2019-09-04T15:20:04","date_gmt":"2019-09-04T12:20:04","guid":{"rendered":"https:\/\/blog.edu.turku.fi\/klassillinen\/?page_id=114"},"modified":"2020-06-10T13:21:08","modified_gmt":"2020-06-10T10:21:08","slug":"koulun-esittely","status":"publish","type":"page","link":"https:\/\/blog.edu.turku.fi\/klassillinen\/koulun-esittely\/","title":{"rendered":"Koulun esittely"},"content":{"rendered":"<p>Lukiomme tarjoaa vankkaa yleissivistyst\u00e4, aina latinan kielest\u00e4 l\u00e4htien, sek\u00e4 taide-el\u00e4myksi\u00e4 140 vuoden kokemuksella. Laadukas opetuksemme ja monipuolinen kurssitarjonta sek\u00e4 taitavat opettajat, innostuneet opiskelijat ja my\u00f6nteinen opiskeluilmapiiri takaavat hyv\u00e4t valmiudet jatko-opintoihin niin yleislinjan kuin valtakunnallisen ilmaisulinjan opiskelijoille. Meill\u00e4 on pitk\u00e4t perinteet ja hyv\u00e4 meininki!<\/p>\n","protected":false},"excerpt":{"rendered":"<p>Lukiomme tarjoaa vankkaa yleissivistyst\u00e4, aina latinan kielest\u00e4 l\u00e4htien, sek\u00e4 taide-el\u00e4myksi\u00e4 140 vuoden kokemuksella. Laadukas opetuksemme ja monipuolinen kurssitarjonta sek\u00e4 taitavat &hellip; <\/p>\n","protected":false},"author":1368,"featured_media":0,"parent":0,"menu_order":5,"comment_status":"closed","ping_status":"closed","template":"","meta":{"footnotes":""},"class_list":["post-114","page","type-page","status-publish","hentry"],"_links":{"self":[{"href":"https:\/\/blog.edu.turku.fi\/klassillinen\/wp-json\/wp\/v2\/pages\/114","targetHints":{"allow":["GET"]}}],"collection":[{"href":"https:\/\/blog.edu.turku.fi\/klassillinen\/wp-json\/wp\/v2\/pages"}],"about":[{"href":"https:\/\/blog.edu.turku.fi\/klassillinen\/wp-json\/wp\/v2\/types\/page"}],"author":[{"embeddable":true,"href":"https:\/\/blog.edu.turku.fi\/klassillinen\/wp-json\/wp\/v2\/users\/1368"}],"replies":[{"embeddable":true,"href":"https:\/\/blog.edu.turku.fi\/klassillinen\/wp-json\/wp\/v2\/comments?post=114"}],"version-history":[{"count":35,"href":"https:\/\/blog.edu.turku.fi\/klassillinen\/wp-json\/wp\/v2\/pages\/114\/revisions"}],"predecessor-version":[{"id":961,"href":"https:\/\/blog.edu.turku.fi\/klassillinen\/wp-json\/wp\/v2\/pages\/114\/revisions\/961"}],"wp:attachment":[{"href":"https:\/\/blog.edu.turku.fi\/klassillinen\/wp-json\/wp\/v2\/media?parent=114"}],"curies":[{"name":"wp","href":"https:\/\/api.w.org\/{rel}","templated":true}]}}