{"id":11,"date":"2019-09-04T13:47:06","date_gmt":"2019-09-04T10:47:06","guid":{"rendered":"https:\/\/blog.edu.turku.fi\/klassillinen\/?page_id=11"},"modified":"2022-08-23T13:24:25","modified_gmt":"2022-08-23T10:24:25","slug":"opiskelijalle","status":"publish","type":"page","link":"https:\/\/blog.edu.turku.fi\/klassillinen\/opiskelijalle\/","title":{"rendered":"Opiskelijalle"},"content":{"rendered":"<p>Lukiossa opiskelija voi itse vaikuttaa opinto-ohjelmaansa ja opiskeluaikatauluunsa. Useimmilla lukiolaisilla opiskelu kest\u00e4\u00e4 kolme vuotta. Luokattomuus mahdollistaa opintojen nopeuttamisen tai hidastamisen. Opintojen hidastamisesta tulee aina neuvotella ensin opinto-ohjaajan kanssa ja sen j\u00e4lkeen rehtorin tai apulaisrehtorin kanssa.<\/p>\n<p>Jotta opiskelu etenee sujuvasti, on paras laatia suunnitelma paitsi seuraavaa lukuvuotta my\u00f6s koko lukioaikaa varten. Opinto-ohjelman ja ty\u00f6j\u00e4rjestyksen laatimisessa auttavat ryhm\u00e4nohjaajat, opinto-ohjaajat ja rehtorit. Opinto-ohjelman tulee sis\u00e4lt\u00e4\u00e4 kaikki oppiaineiden pakolliset opintojaksot, v\u00e4hint\u00e4\u00e4n 20 op valtakunnallisia valinnaisia opintojaksoja sek\u00e4 muita valinnaisia opintojaksoja niin, ett\u00e4 lukion suorittamiseen tarvittava v\u00e4himm\u00e4ism\u00e4\u00e4r\u00e4 eli 150 opintopistett\u00e4 t\u00e4yttyy, maksimim\u00e4\u00e4r\u00e4\u00e4 ei ole. Lukion suorittaminen kolmessa vuodessa edellytt\u00e4\u00e4, ett\u00e4 jo ensimm\u00e4isen\u00e4 opiskeluvuotena opinto-ohjelma on laadittava riitt\u00e4v\u00e4n tiiviiksi. Se tarkoittaa, ett\u00e4 ensimm\u00e4iselle vuodelle on valittava n. 30 opintojaksoa (n. 60 opintopistett\u00e4). Jokaisessa periodissa tulisi n\u00e4in keskim\u00e4\u00e4rin olla v\u00e4hint\u00e4\u00e4n kuusi opintojaksoa (v\u00e4h. 12 opintopistett\u00e4).<\/p>\n<p>Jos haluaa nopeuttaa opiskelutahtia, osa opinnoista on suoritettava itsen\u00e4isesti ja esimerkiksi kes\u00e4lukioiden kursseja hy\u00f6dynt\u00e4en.<\/p>\n<p>&nbsp;<\/p>\n","protected":false},"excerpt":{"rendered":"<p>Lukiossa opiskelija voi itse vaikuttaa opinto-ohjelmaansa ja opiskeluaikatauluunsa. Useimmilla lukiolaisilla opiskelu kest\u00e4\u00e4 kolme vuotta. Luokattomuus mahdollistaa opintojen nopeuttamisen tai hidastamisen. &hellip; <\/p>\n","protected":false},"author":1368,"featured_media":0,"parent":0,"menu_order":3,"comment_status":"closed","ping_status":"closed","template":"","meta":{"footnotes":""},"class_list":["post-11","page","type-page","status-publish","hentry"],"_links":{"self":[{"href":"https:\/\/blog.edu.turku.fi\/klassillinen\/wp-json\/wp\/v2\/pages\/11","targetHints":{"allow":["GET"]}}],"collection":[{"href":"https:\/\/blog.edu.turku.fi\/klassillinen\/wp-json\/wp\/v2\/pages"}],"about":[{"href":"https:\/\/blog.edu.turku.fi\/klassillinen\/wp-json\/wp\/v2\/types\/page"}],"author":[{"embeddable":true,"href":"https:\/\/blog.edu.turku.fi\/klassillinen\/wp-json\/wp\/v2\/users\/1368"}],"replies":[{"embeddable":true,"href":"https:\/\/blog.edu.turku.fi\/klassillinen\/wp-json\/wp\/v2\/comments?post=11"}],"version-history":[{"count":6,"href":"https:\/\/blog.edu.turku.fi\/klassillinen\/wp-json\/wp\/v2\/pages\/11\/revisions"}],"predecessor-version":[{"id":1511,"href":"https:\/\/blog.edu.turku.fi\/klassillinen\/wp-json\/wp\/v2\/pages\/11\/revisions\/1511"}],"wp:attachment":[{"href":"https:\/\/blog.edu.turku.fi\/klassillinen\/wp-json\/wp\/v2\/media?parent=11"}],"curies":[{"name":"wp","href":"https:\/\/api.w.org\/{rel}","templated":true}]}}