{"id":108,"date":"2019-09-04T15:18:43","date_gmt":"2019-09-04T12:18:43","guid":{"rendered":"https:\/\/blog.edu.turku.fi\/klassillinen\/?page_id=108"},"modified":"2025-06-16T10:38:15","modified_gmt":"2025-06-16T07:38:15","slug":"huoltajaillat","status":"publish","type":"page","link":"https:\/\/blog.edu.turku.fi\/klassillinen\/huoltajalle\/huoltajaillat\/","title":{"rendered":"Kotiv\u00e4en illat"},"content":{"rendered":"<p>Jokaiselle vuosikurssille j\u00e4rjestet\u00e4\u00e4n vuosittain oma kotiv\u00e4en ilta, johon huoltajat ovat tervetulleita kuulemaan uusimpia uutisia, tapaamaan koulun henkil\u00f6kuntaa ja muita vanhempia.<\/p>\n<p>Kutsu ja osallistumisohjeet l\u00e4hetet\u00e4\u00e4n Wilman kautta.<\/p>\n<p>Lukuvuoden 2025 &#8211; 2026 kotiv\u00e4en illat:<\/p>\n<p>-25-vuositaso (ykk\u00f6set): tiistaina 21.10.2025 klo 18.00<br \/>\n-23-vuositaso (abit): tiistaina 11.11.2025 klo 18.00<br \/>\n-24-vuositaso (kakkoset): tiistaina 21.4.2026 klo 18.00<\/p>\n","protected":false},"excerpt":{"rendered":"<p>Jokaiselle vuosikurssille j\u00e4rjestet\u00e4\u00e4n vuosittain oma kotiv\u00e4en ilta, johon huoltajat ovat tervetulleita kuulemaan uusimpia uutisia, tapaamaan koulun henkil\u00f6kuntaa ja muita vanhempia. &hellip; <\/p>\n","protected":false},"author":1368,"featured_media":0,"parent":106,"menu_order":1,"comment_status":"closed","ping_status":"closed","template":"","meta":{"footnotes":""},"class_list":["post-108","page","type-page","status-publish","hentry"],"_links":{"self":[{"href":"https:\/\/blog.edu.turku.fi\/klassillinen\/wp-json\/wp\/v2\/pages\/108","targetHints":{"allow":["GET"]}}],"collection":[{"href":"https:\/\/blog.edu.turku.fi\/klassillinen\/wp-json\/wp\/v2\/pages"}],"about":[{"href":"https:\/\/blog.edu.turku.fi\/klassillinen\/wp-json\/wp\/v2\/types\/page"}],"author":[{"embeddable":true,"href":"https:\/\/blog.edu.turku.fi\/klassillinen\/wp-json\/wp\/v2\/users\/1368"}],"replies":[{"embeddable":true,"href":"https:\/\/blog.edu.turku.fi\/klassillinen\/wp-json\/wp\/v2\/comments?post=108"}],"version-history":[{"count":23,"href":"https:\/\/blog.edu.turku.fi\/klassillinen\/wp-json\/wp\/v2\/pages\/108\/revisions"}],"predecessor-version":[{"id":1849,"href":"https:\/\/blog.edu.turku.fi\/klassillinen\/wp-json\/wp\/v2\/pages\/108\/revisions\/1849"}],"up":[{"embeddable":true,"href":"https:\/\/blog.edu.turku.fi\/klassillinen\/wp-json\/wp\/v2\/pages\/106"}],"wp:attachment":[{"href":"https:\/\/blog.edu.turku.fi\/klassillinen\/wp-json\/wp\/v2\/media?parent=108"}],"curies":[{"name":"wp","href":"https:\/\/api.w.org\/{rel}","templated":true}]}}