{"id":1071,"date":"2020-10-28T12:04:44","date_gmt":"2020-10-28T10:04:44","guid":{"rendered":"https:\/\/blog.edu.turku.fi\/klassillinen\/?page_id=1071"},"modified":"2021-03-28T12:50:44","modified_gmt":"2021-03-28T09:50:44","slug":"alumnitoimintaa","status":"publish","type":"page","link":"https:\/\/blog.edu.turku.fi\/klassillinen\/koulun-esittely\/alumnitoimintaa\/","title":{"rendered":"Alumnitoimintaa"},"content":{"rendered":"<p>Yll\u00e4pid\u00e4mme alumnitoimintaa mm. j\u00e4rjest\u00e4m\u00e4ll\u00e4 alumnip\u00e4ivi\u00e4, joiden esiintyj\u00e4t ovat valmistuneet joko Turun klassillisesta lyseosta, Eskelin lukiosta, Turun klassikon lukiosta, Juhana Herttuan lukiosta tai Turun klassillisesta lukiosta. Alumneja varten Facebookiin on perustettu oma ryhm\u00e4ns\u00e4, <a href=\"https:\/\/www.facebook.com\/groups\/297515977987256\">Turun klassillisen lukion alumnit<\/a>, johon toivomme mahdollisimman monen meilt\u00e4 valmistuneen liittyv\u00e4n. Sivustolta l\u00f6ytyy my\u00f6s lyhyt kysely, jolla kartoitetaan alumnien sijoittumista lukion j\u00e4lkeen sek\u00e4 toiveita ja halukkuutta osallistua alumnitoimintaan. Ryhm\u00e4\u00e4n ovat meilt\u00e4 valmistuneiden lis\u00e4ksi tervetulleita sek\u00e4 entiset, ett\u00e4 nykyiset opettajat ja henkil\u00f6kunta.<\/p>\n<p>Tulevista tapahtumista ja alumnip\u00e4ivist\u00e4 tiedotetaan sek\u00e4 kyseisess\u00e4 Facebook-ryhm\u00e4ss\u00e4 ett\u00e4 koulun kotisivuilla.<\/p>\n<p>&nbsp;<\/p>\n<p>Turun Klassikot ry (<a href=\"http:\/\/www.turunklassikotry.com\/\">linkki www-sivulle<\/a>)<\/p>\n<p>Koulun alumnitoiminnalla on pitk\u00e4t perinteet. Jo vuonna 1963 perustettiin \u201dTurun Klassikot ry\u201d nimekseen ottanut yhdistys, jonka tarkoituksena tuolloisten s\u00e4\u00e4nt\u00f6jens\u00e4 mukaan oli \u201dtukea aatteellisesti ja taloudellisesti Turun Klassillista lyseota ja sen oppilaita sek\u00e4 toimia sen entisten oppilaiden toveripiirin\u00e4\u201d.<\/p>\n<p>Yhdistys toimii aktiivisesti edelleen vaalien Turun klassillisen lyseon perinteit\u00e4 sek\u00e4 tukien sen toimintaa jatkavia oppilaitoksia ja niiden oppilaita niin aatteellisesti kuin taloudellisestikin, yll\u00e4pit\u00e4en ja syvent\u00e4en oppilaitosten entisten oppilaiden yhteenkuuluvaisuuden tunnetta sek\u00e4 edist\u00e4en erityisesti klassisten kielten opiskelua ja antiikin kulttuurin harrastusta.<\/p>\n<p>Turun Klassikot ry:n j\u00e4seniksi ovat tervetulleita entiset oppilaat, entiset ja nykyiset opettajat sek\u00e4 muutkin yhdistyksen toiminnasta kiinnostuneet henkil\u00f6t.<\/p>\n<p>&nbsp;<\/p>\n","protected":false},"excerpt":{"rendered":"<p>Yll\u00e4pid\u00e4mme alumnitoimintaa mm. j\u00e4rjest\u00e4m\u00e4ll\u00e4 alumnip\u00e4ivi\u00e4, joiden esiintyj\u00e4t ovat valmistuneet joko Turun klassillisesta lyseosta, Eskelin lukiosta, Turun klassikon lukiosta, Juhana Herttuan &hellip; <\/p>\n","protected":false},"author":1368,"featured_media":0,"parent":114,"menu_order":2,"comment_status":"closed","ping_status":"closed","template":"","meta":{"footnotes":""},"class_list":["post-1071","page","type-page","status-publish","hentry"],"_links":{"self":[{"href":"https:\/\/blog.edu.turku.fi\/klassillinen\/wp-json\/wp\/v2\/pages\/1071","targetHints":{"allow":["GET"]}}],"collection":[{"href":"https:\/\/blog.edu.turku.fi\/klassillinen\/wp-json\/wp\/v2\/pages"}],"about":[{"href":"https:\/\/blog.edu.turku.fi\/klassillinen\/wp-json\/wp\/v2\/types\/page"}],"author":[{"embeddable":true,"href":"https:\/\/blog.edu.turku.fi\/klassillinen\/wp-json\/wp\/v2\/users\/1368"}],"replies":[{"embeddable":true,"href":"https:\/\/blog.edu.turku.fi\/klassillinen\/wp-json\/wp\/v2\/comments?post=1071"}],"version-history":[{"count":6,"href":"https:\/\/blog.edu.turku.fi\/klassillinen\/wp-json\/wp\/v2\/pages\/1071\/revisions"}],"predecessor-version":[{"id":1209,"href":"https:\/\/blog.edu.turku.fi\/klassillinen\/wp-json\/wp\/v2\/pages\/1071\/revisions\/1209"}],"up":[{"embeddable":true,"href":"https:\/\/blog.edu.turku.fi\/klassillinen\/wp-json\/wp\/v2\/pages\/114"}],"wp:attachment":[{"href":"https:\/\/blog.edu.turku.fi\/klassillinen\/wp-json\/wp\/v2\/media?parent=1071"}],"curies":[{"name":"wp","href":"https:\/\/api.w.org\/{rel}","templated":true}]}}