{"id":106,"date":"2019-09-04T15:18:24","date_gmt":"2019-09-04T12:18:24","guid":{"rendered":"https:\/\/blog.edu.turku.fi\/klassillinen\/?page_id=106"},"modified":"2021-09-15T15:40:13","modified_gmt":"2021-09-15T12:40:13","slug":"huoltajalle","status":"publish","type":"page","link":"https:\/\/blog.edu.turku.fi\/klassillinen\/huoltajalle\/","title":{"rendered":"Huoltajalle"},"content":{"rendered":"<p>Hyv\u00e4 huoltaja!<\/p>\n<p>Nuoresi opiskelee Turun vanhimmassa suomenkielisess\u00e4 lukiossa. Lukiomme tarjoaa h\u00e4nelle tasokasta opetusta sek\u00e4 perusaineissa ett\u00e4 teatteri- ja mediailmaisussa. Pid\u00e4mme h\u00e4nest\u00e4 huolta tukemalla opintojen etenemist\u00e4 ja aikuiseksi kasvamista. T\u00e4m\u00e4 onnistuu parhaiten yhteisty\u00f6ss\u00e4 kotien kanssa.<\/p>\n<p>Opettajien ja muun henkil\u00f6kunnan yhteystiedot l\u00f6yd\u00e4t <a href=\"https:\/\/blog.edu.turku.fi\/klassillinen\/yhteystiedot\/\">Yhteystiedot<\/a>-kohdasta. Yhteyden heihin saat helpoiten <a href=\"https:\/\/turku.inschool.fi\/\">Wilma-j\u00e4rjestelm\u00e4n<\/a> viesteill\u00e4. Kaikille huoltajille jaetaan Wilma-tunnukset ensimm\u00e4isen\u00e4 lukuvuonna, ja ne ovat voimassa, kunnes opiskelija t\u00e4ytt\u00e4\u00e4 18 vuotta.<\/p>\n<p><strong>Huoltaja selvitt\u00e4\u00e4 Wilman kautta kaikki alaik\u00e4isen opiskelijan poissaolot.<\/strong><\/p>\n","protected":false},"excerpt":{"rendered":"<p>Hyv\u00e4 huoltaja! Nuoresi opiskelee Turun vanhimmassa suomenkielisess\u00e4 lukiossa. Lukiomme tarjoaa h\u00e4nelle tasokasta opetusta sek\u00e4 perusaineissa ett\u00e4 teatteri- ja mediailmaisussa. Pid\u00e4mme &hellip; <\/p>\n","protected":false},"author":1368,"featured_media":0,"parent":0,"menu_order":4,"comment_status":"closed","ping_status":"closed","template":"","meta":{"footnotes":""},"class_list":["post-106","page","type-page","status-publish","hentry"],"_links":{"self":[{"href":"https:\/\/blog.edu.turku.fi\/klassillinen\/wp-json\/wp\/v2\/pages\/106","targetHints":{"allow":["GET"]}}],"collection":[{"href":"https:\/\/blog.edu.turku.fi\/klassillinen\/wp-json\/wp\/v2\/pages"}],"about":[{"href":"https:\/\/blog.edu.turku.fi\/klassillinen\/wp-json\/wp\/v2\/types\/page"}],"author":[{"embeddable":true,"href":"https:\/\/blog.edu.turku.fi\/klassillinen\/wp-json\/wp\/v2\/users\/1368"}],"replies":[{"embeddable":true,"href":"https:\/\/blog.edu.turku.fi\/klassillinen\/wp-json\/wp\/v2\/comments?post=106"}],"version-history":[{"count":7,"href":"https:\/\/blog.edu.turku.fi\/klassillinen\/wp-json\/wp\/v2\/pages\/106\/revisions"}],"predecessor-version":[{"id":1312,"href":"https:\/\/blog.edu.turku.fi\/klassillinen\/wp-json\/wp\/v2\/pages\/106\/revisions\/1312"}],"wp:attachment":[{"href":"https:\/\/blog.edu.turku.fi\/klassillinen\/wp-json\/wp\/v2\/media?parent=106"}],"curies":[{"name":"wp","href":"https:\/\/api.w.org\/{rel}","templated":true}]}}