{"id":103,"date":"2019-09-04T15:17:07","date_gmt":"2019-09-04T12:17:07","guid":{"rendered":"https:\/\/blog.edu.turku.fi\/klassillinen\/?page_id=103"},"modified":"2025-01-22T08:20:02","modified_gmt":"2025-01-22T06:20:02","slug":"ohjeet","status":"publish","type":"page","link":"https:\/\/blog.edu.turku.fi\/klassillinen\/opiskelijalle\/yo-kirjoitukset\/ohjeet\/","title":{"rendered":"Koulukohtaiset ohjeet"},"content":{"rendered":"<p>Kaikki YO-kokeet pidet\u00e4\u00e4n lukiomme liikuntasalissa (2. kerros) ja 4. kerroksen luokissa. Lukion osoite on Eskelinkatu 4, sis\u00e4\u00e4nk\u00e4ynti Linnankadun puolelta. HUOM! Pihaan ei mahdu pys\u00e4k\u00f6im\u00e4\u00e4n.<\/p>\n<p>Tarkemmat ohjeet l\u00f6yd\u00e4t t\u00e4m\u00e4n linkin takaa (Lataa <a href=\"https:\/\/blog.edu.turku.fi\/klassillinentiedotus\/files\/2014\/10\/YO-ohjeet-kirjoituksiin-tuleville-2025K.pdf\">PDF, 262 kt<\/a>).<\/p>\n<p><strong>Varmista hyviss\u00e4 ajoin ennen koep\u00e4iv\u00e4\u00e4, ett\u00e4 koneesi on sopiva digitaalisen yo-kokeen tekemiseen ja ett\u00e4 osaat k\u00e4ynnist\u00e4\u00e4 koneen USB-muistitikulta. <a href=\"https:\/\/blog.edu.turku.fi\/klassillinen\/opiskelijalle\/tietokoneen-hankinta\/\">Tietokoneen hankinta<\/a><\/strong><\/p>\n<p>Tule koululle koep\u00e4iv\u00e4n aamuna\u00a0<strong>viimeist\u00e4\u00e4n klo 8.00<\/strong> tietokoneesi ja siihen liittyvien lis\u00e4tarvikkeiden (verkkokaapeli, kuulokkeet, laturi, hiiri\u2026) kanssa.<\/p>\n<p>Ennen kokeen alkamista kytkemme ja testaamme kaikkien kokelaiden koneet yhdess\u00e4 kokelaan kanssa ja varmistamme, ett\u00e4 kaikki toimii. T\u00e4m\u00e4n j\u00e4lkeen kokelailla on mahdollisuus rauhoittua ja noutaa esim. ev\u00e4it\u00e4 koulun ruokalasta.<\/p>\n<p>Ota mukaasi henkil\u00f6llisyystodistus, kirjoitusv\u00e4lineet ja ev\u00e4it\u00e4. Ev\u00e4it\u00e4 on siis saatavissa my\u00f6s koulun ruokalasta (koulun omille opiskelijoille) koeaamuisin klo 8.15-8.30. Ev\u00e4iss\u00e4 ja asusteissa ei saa olla mink\u00e4\u00e4nlaisia tekstej\u00e4. Kaikki mahdolliset tekstit ev\u00e4iss\u00e4 on kotona peitett\u00e4v\u00e4 esim. maalarinteipill\u00e4. Koetilaan saa tuoda ainoastaan kirjoitusv\u00e4lineet ja ev\u00e4\u00e4t.<\/p>\n<p>Yhteystiedot:<br \/>\nkanslia 040 537 6794, rehtori 050 432 3612, apulaisrehtori 040 358 4966.<\/p>\n","protected":false},"excerpt":{"rendered":"<p>Kaikki YO-kokeet pidet\u00e4\u00e4n lukiomme liikuntasalissa (2. kerros) ja 4. kerroksen luokissa. Lukion osoite on Eskelinkatu 4, sis\u00e4\u00e4nk\u00e4ynti Linnankadun puolelta. HUOM! &hellip; <\/p>\n","protected":false},"author":1368,"featured_media":0,"parent":98,"menu_order":2,"comment_status":"closed","ping_status":"closed","template":"","meta":{"footnotes":""},"class_list":["post-103","page","type-page","status-publish","hentry"],"_links":{"self":[{"href":"https:\/\/blog.edu.turku.fi\/klassillinen\/wp-json\/wp\/v2\/pages\/103","targetHints":{"allow":["GET"]}}],"collection":[{"href":"https:\/\/blog.edu.turku.fi\/klassillinen\/wp-json\/wp\/v2\/pages"}],"about":[{"href":"https:\/\/blog.edu.turku.fi\/klassillinen\/wp-json\/wp\/v2\/types\/page"}],"author":[{"embeddable":true,"href":"https:\/\/blog.edu.turku.fi\/klassillinen\/wp-json\/wp\/v2\/users\/1368"}],"replies":[{"embeddable":true,"href":"https:\/\/blog.edu.turku.fi\/klassillinen\/wp-json\/wp\/v2\/comments?post=103"}],"version-history":[{"count":23,"href":"https:\/\/blog.edu.turku.fi\/klassillinen\/wp-json\/wp\/v2\/pages\/103\/revisions"}],"predecessor-version":[{"id":1816,"href":"https:\/\/blog.edu.turku.fi\/klassillinen\/wp-json\/wp\/v2\/pages\/103\/revisions\/1816"}],"up":[{"embeddable":true,"href":"https:\/\/blog.edu.turku.fi\/klassillinen\/wp-json\/wp\/v2\/pages\/98"}],"wp:attachment":[{"href":"https:\/\/blog.edu.turku.fi\/klassillinen\/wp-json\/wp\/v2\/media?parent=103"}],"curies":[{"name":"wp","href":"https:\/\/api.w.org\/{rel}","templated":true}]}}