{"id":616,"date":"2023-05-25T12:59:46","date_gmt":"2023-05-25T09:59:46","guid":{"rendered":"https:\/\/blog.edu.turku.fi\/kiinamylly\/?page_id=616"},"modified":"2026-01-12T13:35:49","modified_gmt":"2026-01-12T11:35:49","slug":"konsultaatio","status":"publish","type":"page","link":"https:\/\/blog.edu.turku.fi\/kiinamylly\/konsultaatio\/","title":{"rendered":"Konsultaatio"},"content":{"rendered":"\n<p>Kiinamyllyn koulu tarjoaa ohjausta ja konsultaatiota Varsinais-Suomen hyvinvointialueella. Konsultaatio- ja ohjauspalveluja tarjotaan esi- ja perusopetusik\u00e4isille lapsille ja nuorille. Konsultaatiopyynn\u00f6n voi tehd\u00e4 hoitava taho, koulu tai sosiaalitoimi. Yhteydenotto voi tulla my\u00f6s huoltajalta. Lapsen tai nuoren huoltajilta pit\u00e4\u00e4 aina olla lupa konsultaatioon.<\/p>\n\n\n\n<p>Ohjaus- ja konsultaatioty\u00f6 sis\u00e4ltyy Kiinamyllyn koulun palveluihin. Turun ulkopuolisilta kunnilta laskutetaan ty\u00f6tekij\u00e4n matkakustannukset.<\/p>\n\n\n\n<p>Ohjaus- ja konsultaatioty\u00f6n tavoitteena on tukea oppilaan koulunk\u00e4ynti\u00e4 omassa koulussa ja l\u00f6yt\u00e4\u00e4 tapauskohtaisesti tilanteeseen sopivat tukimuodot yhteisty\u00f6ss\u00e4 oppilaan verkoston kanssa.<\/p>\n\n\n\n<figure class=\"wp-block-image size-large\"><a href=\"https:\/\/blog.edu.turku.fi\/kiinamylly\/files\/2025\/09\/prosessikuva-18.8.25.jpg\"><img loading=\"lazy\" decoding=\"async\" width=\"1024\" height=\"444\" src=\"https:\/\/blog.edu.turku.fi\/kiinamylly\/files\/2025\/09\/prosessikuva-18.8.25-1024x444.jpg\" alt=\"prosessikaavio\" class=\"wp-image-1017\" srcset=\"https:\/\/blog.edu.turku.fi\/kiinamylly\/files\/2025\/09\/prosessikuva-18.8.25-1024x444.jpg 1024w, https:\/\/blog.edu.turku.fi\/kiinamylly\/files\/2025\/09\/prosessikuva-18.8.25-300x130.jpg 300w, https:\/\/blog.edu.turku.fi\/kiinamylly\/files\/2025\/09\/prosessikuva-18.8.25.jpg 1720w\" sizes=\"auto, (max-width: 709px) 85vw, (max-width: 909px) 67vw, (max-width: 1362px) 62vw, 840px\" \/><\/a><\/figure>\n\n\n\n<p>Konsultatiivinen <strong>taustaty\u00f6 ja tilanteen kartoitus<\/strong> tarkoittaa yhteydenpitoa oppilaan ymp\u00e4rill\u00e4 toimiviin toimijoihin (vanhemmat, koulu, hoito, sosiaalitoimi tms.)<\/p>\n\n\n\n<p>Konsultatiivinen <strong>ty\u00f6skentely<\/strong> tarkoittaa oppilaan tilanteen monipuolista tarkastelua ja vaihtoehtoisten toimintamallien etsimist\u00e4 omassa koulussa sek\u00e4 ymm\u00e4rryksen lis\u00e4\u00e4mist\u00e4 oppilaan asioissa. Ty\u00f6skentelymuotoja ovat kouluk\u00e4ynnit, oppilaan ja perheen tapaamiset, MAR-palaverit ja verkostot.<\/p>\n\n\n\n<p><strong><a href=\"https:\/\/blog.edu.turku.fi\/kiinamylly\/oppilaaksiottoprosessi\/\">Avo-oppilaspaikan hakeminen<\/a><\/strong>&nbsp;Kiinamyllyn kouluun tapahtuu konsultaation kautta.<\/p>\n\n\n\n<p>Konsultaatiopyynn\u00f6t s\u00e4hk\u00f6postitse: sairaalaopetus.konsultaatio[\u00e4t]edu.turku.fi<\/p>\n\n\n\n<p>Minna Ahlb\u00e4ck<br>Niina Ekqvist<br>P\u00e4lvi Holma-Kirstil\u00e4<\/p>\n\n\n\n<p>Konsultaatioiden puhelinp\u00e4ivystys maanantaisin\u00a0klo 12-14\u00a0p.\u00a0044-9022573.\u00a0<\/p>\n","protected":false},"excerpt":{"rendered":"<p>Kiinamyllyn koulu tarjoaa ohjausta ja konsultaatiota Varsinais-Suomen hyvinvointialueella. Konsultaatio- ja ohjauspalveluja tarjotaan esi- ja perusopetusik\u00e4isille lapsille ja nuorille. Konsultaatiopyynn\u00f6n voi tehd\u00e4 hoitava taho, koulu tai sosiaalitoimi. Yhteydenotto voi tulla my\u00f6s huoltajalta. Lapsen tai nuoren huoltajilta pit\u00e4\u00e4 aina olla lupa konsultaatioon. Ohjaus- ja konsultaatioty\u00f6 sis\u00e4ltyy Kiinamyllyn koulun palveluihin. Turun ulkopuolisilta kunnilta laskutetaan ty\u00f6tekij\u00e4n matkakustannukset. Ohjaus- ja &hellip; <a href=\"https:\/\/blog.edu.turku.fi\/kiinamylly\/konsultaatio\/\" class=\"more-link\">Jatka lukemista<span class=\"screen-reader-text\"> &#8221;Konsultaatio&#8221;<\/span><\/a><\/p>\n","protected":false},"author":1671,"featured_media":0,"parent":0,"menu_order":0,"comment_status":"closed","ping_status":"closed","template":"","meta":{"footnotes":""},"class_list":["post-616","page","type-page","status-publish","hentry"],"_links":{"self":[{"href":"https:\/\/blog.edu.turku.fi\/kiinamylly\/wp-json\/wp\/v2\/pages\/616","targetHints":{"allow":["GET"]}}],"collection":[{"href":"https:\/\/blog.edu.turku.fi\/kiinamylly\/wp-json\/wp\/v2\/pages"}],"about":[{"href":"https:\/\/blog.edu.turku.fi\/kiinamylly\/wp-json\/wp\/v2\/types\/page"}],"author":[{"embeddable":true,"href":"https:\/\/blog.edu.turku.fi\/kiinamylly\/wp-json\/wp\/v2\/users\/1671"}],"replies":[{"embeddable":true,"href":"https:\/\/blog.edu.turku.fi\/kiinamylly\/wp-json\/wp\/v2\/comments?post=616"}],"version-history":[{"count":22,"href":"https:\/\/blog.edu.turku.fi\/kiinamylly\/wp-json\/wp\/v2\/pages\/616\/revisions"}],"predecessor-version":[{"id":1057,"href":"https:\/\/blog.edu.turku.fi\/kiinamylly\/wp-json\/wp\/v2\/pages\/616\/revisions\/1057"}],"wp:attachment":[{"href":"https:\/\/blog.edu.turku.fi\/kiinamylly\/wp-json\/wp\/v2\/media?parent=616"}],"curies":[{"name":"wp","href":"https:\/\/api.w.org\/{rel}","templated":true}]}}