{"id":602,"date":"2023-05-25T12:53:41","date_gmt":"2023-05-25T09:53:41","guid":{"rendered":"https:\/\/blog.edu.turku.fi\/kiinamylly\/?page_id=602"},"modified":"2026-03-10T12:54:52","modified_gmt":"2026-03-10T10:54:52","slug":"kontaktuppgifter","status":"publish","type":"page","link":"https:\/\/blog.edu.turku.fi\/kiinamylly\/kontaktuppgifter\/","title":{"rendered":"Yhteystiedot"},"content":{"rendered":"\n<p><strong>Hallinto<\/strong><\/p>\n\n\n\n<figure class=\"wp-block-table\"><table class=\"has-fixed-layout\"><tbody><tr><td>Koulunjohtaja<\/td><td>Mynttinen Juha-Pekka<\/td><td>0404808511<\/td><\/tr><tr><td>Varajohtaja<\/td><td>Tiina Revonlahti<\/td><td>0449074385<\/td><\/tr><tr><td>Koulusihteeri<\/td><td>Puraja Pia<\/td><td>0401947051<\/td><\/tr><tr><td>Taksikyydit<\/td><td>Heikkil\u00e4 Pirjo<\/td><td>0449074384<\/td><\/tr><tr><td>Opetusharjoittelijat<\/td><td>Kaunisto Heikki<\/td><td>0404878289<\/td><\/tr><tr><td>Ohjaajaharjoittelijat<\/td><td>Lehtonen Tiina<\/td><td>0449074211<\/td><\/tr><\/tbody><\/table><\/figure>\n\n\n\n<p><strong>Opettajat<\/strong><\/p>\n\n\n\n<figure class=\"wp-block-table\"><table class=\"has-fixed-layout\"><tbody><tr><td>Aaltola Anniina<\/td><td>0449074684<\/td><\/tr><tr><td>Ahlb\u00e4ck Minna<\/td><td>0449074680<\/td><\/tr><tr><td>Byskata Johanna<\/td><td>0401795411<\/td><\/tr><tr><td>Ekqvist Niina<\/td><td>0449074681<\/td><\/tr><tr><td>Gustafsson Anton<\/td><td>0406721043<\/td><\/tr><tr><td>Holma-Kirstil\u00e4 P\u00e4lvi<\/td><td>0401939798<\/td><\/tr><tr><td>Irmola Taina<\/td><td>0407050849<\/td><\/tr><tr><td>Kallio Tarja<\/td><td>0449074682<\/td><\/tr><tr><td>Kaunisto Heikki<\/td><td>0404878289<\/td><\/tr><tr><td>Laur\u00e9n-Knuutila Tiina<\/td><td>0449074438<\/td><\/tr><tr><td>Liski Heli<\/td><td>0504071521<\/td><\/tr><tr><td>Moulder Lorenz<\/td><td>0401928834<\/td><\/tr><tr><td>Oja Pilke<\/td><td>0404870856<\/td><\/tr><tr><td>Pynn\u00f6nen Larimatti<\/td><td>0406288045<\/td><\/tr><tr><td>Revonlahti Tiina<\/td><td>0449074385<\/td><\/tr><tr><td>Salminen Alexa<\/td><td>0403578410<\/td><\/tr><tr><td>Sandell Daniela<\/td><td>0406550869<\/td><\/tr><tr><td>Stenvall-Vihervuori Gabriella<\/td><td>0401628071<\/td><\/tr><tr><td>Syrj\u00e4l\u00e4 Maiju<\/td><td>0401863528<\/td><\/tr><tr><td>V\u00e4is\u00e4nen Johanna<\/td><td>0449075603<\/td><\/tr><\/tbody><\/table><\/figure>\n\n\n\n<p><strong>Koulunk\u00e4ynninohjaajat<\/strong><\/p>\n\n\n\n<figure class=\"wp-block-table\"><table class=\"has-fixed-layout\"><tbody><tr><td>Heikkil\u00e4 Pirjo<\/td><td>0449074384<\/td><\/tr><tr><td>Jyre-Myllynen Helj\u00e4<\/td><td>0504323708<\/td><\/tr><tr><td>Kiuru Janica<\/td><td>0449022279<\/td><\/tr><tr><td>Lehtonen Tiina<\/td><td>0449074211<\/td><\/tr><tr><td>Malka Susanna<\/td><td>0401856791<\/td><\/tr><tr><td>M\u00e4kivaara Jade<\/td><td>0444913213<\/td><\/tr><tr><td>Opacic Sharon<\/td><td>0444916226<\/td><\/tr><tr><td>Rytk\u00f6nen Joona<\/td><td>0449021286<\/td><\/tr><tr><td>Uusitalo Hanna<\/td><td>0401395573<\/td><\/tr><tr><td>Vainio Jenny<\/td><td>0405416279<\/td><\/tr><tr><td>V\u00e4h\u00e4nikkil\u00e4 Teija<\/td><td>0405438176<\/td><\/tr><tr><td>Willberg Ronnie<\/td><td>0449074841<\/td><\/tr><\/tbody><\/table><\/figure>\n\n\n\n<p><strong>Oppilashuolto<\/strong><\/p>\n\n\n\n<figure class=\"wp-block-table\"><table class=\"has-fixed-layout\"><tbody><tr><td>Koulupsykologi<\/td><td>Hilakari Raisa<\/td><td>0447509245<\/td><\/tr><tr><td>Terveydenhoitaja<\/td><td>Egutkina Julia<\/td><td>0449073229<\/td><\/tr><tr><td>Koulukuraattori<\/td><td>Harjunp\u00e4\u00e4 Marina<\/td><td>0406210714<\/td><\/tr><\/tbody><\/table><\/figure>\n\n\n\n<p>S\u00e4hk\u00f6postiosoitteet ovat muotoa etunimi.sukunimi@edu.turku.fi.<\/p>\n\n\n\n<p><strong>Postiosoite:<\/strong><br>\nLemmink\u00e4isenkatu 14-18 C 20520 Turku<\/p>\n\n\n\n<p><strong>Yksik\u00f6iden osoitteet:<br>\nDatacity<\/strong> Lemmink\u00e4isenkatu 14-18 C 20520 Turku<\/p>\n\n\n\n<p><strong>Eurocity <\/strong>Joukahaisenkatu 1 20520 Turku 1. kerros<\/p>\n\n\n\n<p><strong>Nuorisopsykiatrian osasto <\/strong>Kunnallissairaalantie 20 talo 4 A, 2. kerros<br>\nPL 52 20701 Turku<\/p>\n\n\n\n<p><strong>Majakkasairaala <\/strong>Savitehtaankatu 5 A, 5. kerros<br>\nPL52 20521 Turku<\/p>\n\n\n\n<p><\/p>\n","protected":false},"excerpt":{"rendered":"<p>Hallinto Koulunjohtaja Mynttinen Juha-Pekka 0404808511 Varajohtaja Tiina Revonlahti 0449074385 Koulusihteeri Puraja Pia 0401947051 Taksikyydit Heikkil\u00e4 Pirjo 0449074384 Opetusharjoittelijat Kaunisto Heikki 0404878289 Ohjaajaharjoittelijat Lehtonen Tiina 0449074211 Opettajat Aaltola Anniina 0449074684 Ahlb\u00e4ck Minna 0449074680 Byskata Johanna 0401795411 Ekqvist Niina 0449074681 Gustafsson Anton 0406721043 Holma-Kirstil\u00e4 P\u00e4lvi 0401939798 Irmola Taina 0407050849 Kallio Tarja 0449074682 Kaunisto Heikki 0404878289 Laur\u00e9n-Knuutila Tiina &hellip; <a href=\"https:\/\/blog.edu.turku.fi\/kiinamylly\/kontaktuppgifter\/\" class=\"more-link\">Jatka lukemista<span class=\"screen-reader-text\"> &#8221;Yhteystiedot&#8221;<\/span><\/a><\/p>\n","protected":false},"author":656,"featured_media":0,"parent":0,"menu_order":0,"comment_status":"closed","ping_status":"closed","template":"","meta":{"footnotes":""},"class_list":["post-602","page","type-page","status-publish","hentry"],"_links":{"self":[{"href":"https:\/\/blog.edu.turku.fi\/kiinamylly\/wp-json\/wp\/v2\/pages\/602","targetHints":{"allow":["GET"]}}],"collection":[{"href":"https:\/\/blog.edu.turku.fi\/kiinamylly\/wp-json\/wp\/v2\/pages"}],"about":[{"href":"https:\/\/blog.edu.turku.fi\/kiinamylly\/wp-json\/wp\/v2\/types\/page"}],"author":[{"embeddable":true,"href":"https:\/\/blog.edu.turku.fi\/kiinamylly\/wp-json\/wp\/v2\/users\/656"}],"replies":[{"embeddable":true,"href":"https:\/\/blog.edu.turku.fi\/kiinamylly\/wp-json\/wp\/v2\/comments?post=602"}],"version-history":[{"count":75,"href":"https:\/\/blog.edu.turku.fi\/kiinamylly\/wp-json\/wp\/v2\/pages\/602\/revisions"}],"predecessor-version":[{"id":1065,"href":"https:\/\/blog.edu.turku.fi\/kiinamylly\/wp-json\/wp\/v2\/pages\/602\/revisions\/1065"}],"wp:attachment":[{"href":"https:\/\/blog.edu.turku.fi\/kiinamylly\/wp-json\/wp\/v2\/media?parent=602"}],"curies":[{"name":"wp","href":"https:\/\/api.w.org\/{rel}","templated":true}]}}