{"id":592,"date":"2023-05-25T10:48:45","date_gmt":"2023-05-25T07:48:45","guid":{"rendered":"https:\/\/blog.edu.turku.fi\/kiinamylly\/?page_id=592"},"modified":"2024-09-02T13:09:51","modified_gmt":"2024-09-02T10:09:51","slug":"fyrsjukhus","status":"publish","type":"page","link":"https:\/\/blog.edu.turku.fi\/kiinamylly\/fyrsjukhus\/","title":{"rendered":"Majakkasairaala"},"content":{"rendered":"\n<p>Annamme opetusta esi- ja perusopetusik\u00e4isille oppilaille sairaalajakson aikana. Ty\u00f6skentelemme Turun kaupungin koulujen ty\u00f6- ja loma-aikojen mukaan.<\/p>\n\n\n\n<p><strong>Ty\u00f6muotomme:<\/strong><\/p>\n\n\n\n<ul class=\"wp-block-list\">\n<li>l\u00e4hiopetus; vuoteenvieri- ja\/tai luokkaopetus<\/li>\n\n\n\n<li>yhteisty\u00f6 oppilaan huoltajien ja kotikoulun kanssa<\/li>\n\n\n\n<li>kouluverkostot<\/li>\n\n\n\n<li>moniammatillinen yhteisty\u00f6 Majakkasairaalassa<\/li>\n<\/ul>\n\n\n\n<p><strong> Osastot, joilla toimimme:<\/strong><\/p>\n\n\n\n<p>TYKS lasten ja nuorten klinikan<\/p>\n\n\n\n<ul class=\"wp-block-list\">\n<li>pediatrinen osasto<\/li>\n\n\n\n<li>kirurginen osasto<\/li>\n\n\n\n<li>veri- ja sy\u00f6p\u00e4sairauksien osasto<\/li>\n\n\n\n<li>teho-osasto<\/li>\n\n\n\n<li>neurologinen poliklinikka<\/li>\n<\/ul>\n\n\n\n<p><strong>Sijainti:<\/strong><br>\nMajakkasairaala: Savitehtaankatu 5, Turku 52<br>\nA-hissit, 5. krs<\/p>\n\n\n\n<p><strong>Opettajat: <\/strong><br>\nGabriella Stenvall-Vihervuori 0401628071<br>\nMaiju Syrj\u00e4l\u00e4 0401863528<\/p>\n\n\n\n<p><strong>Ohjaaja:<\/strong><br>\nJanica Kiuru 0449074162<\/p>\n\n\n\n<figure class=\"wp-block-image\"><a href=\"https:\/\/blog.edu.turku.fi\/kiinamylly\/files\/2023\/05\/Majakka.jpg\"><img decoding=\"async\" src=\"https:\/\/blog.edu.turku.fi\/kiinamylly\/files\/2023\/05\/Majakka-233x300.jpg\" alt=\"\"\/><\/a><\/figure>\n\n\n\n<p><\/p>\n","protected":false},"excerpt":{"rendered":"<p>Annamme opetusta esi- ja perusopetusik\u00e4isille oppilaille sairaalajakson aikana. Ty\u00f6skentelemme Turun kaupungin koulujen ty\u00f6- ja loma-aikojen mukaan. Ty\u00f6muotomme: Osastot, joilla toimimme: TYKS lasten ja nuorten klinikan Sijainti: Majakkasairaala: Savitehtaankatu 5, Turku 52 A-hissit, 5. krs Opettajat: Gabriella Stenvall-Vihervuori 0401628071 Maiju Syrj\u00e4l\u00e4 0401863528 Ohjaaja: Janica Kiuru 0449074162<\/p>\n","protected":false},"author":656,"featured_media":0,"parent":0,"menu_order":0,"comment_status":"closed","ping_status":"closed","template":"","meta":{"footnotes":""},"class_list":["post-592","page","type-page","status-publish","hentry"],"_links":{"self":[{"href":"https:\/\/blog.edu.turku.fi\/kiinamylly\/wp-json\/wp\/v2\/pages\/592","targetHints":{"allow":["GET"]}}],"collection":[{"href":"https:\/\/blog.edu.turku.fi\/kiinamylly\/wp-json\/wp\/v2\/pages"}],"about":[{"href":"https:\/\/blog.edu.turku.fi\/kiinamylly\/wp-json\/wp\/v2\/types\/page"}],"author":[{"embeddable":true,"href":"https:\/\/blog.edu.turku.fi\/kiinamylly\/wp-json\/wp\/v2\/users\/656"}],"replies":[{"embeddable":true,"href":"https:\/\/blog.edu.turku.fi\/kiinamylly\/wp-json\/wp\/v2\/comments?post=592"}],"version-history":[{"count":26,"href":"https:\/\/blog.edu.turku.fi\/kiinamylly\/wp-json\/wp\/v2\/pages\/592\/revisions"}],"predecessor-version":[{"id":953,"href":"https:\/\/blog.edu.turku.fi\/kiinamylly\/wp-json\/wp\/v2\/pages\/592\/revisions\/953"}],"wp:attachment":[{"href":"https:\/\/blog.edu.turku.fi\/kiinamylly\/wp-json\/wp\/v2\/media?parent=592"}],"curies":[{"name":"wp","href":"https:\/\/api.w.org\/{rel}","templated":true}]}}