{"id":585,"date":"2023-05-25T13:02:21","date_gmt":"2023-05-25T10:02:21","guid":{"rendered":"https:\/\/blog.edu.turku.fi\/kiinamylly\/?page_id=585"},"modified":"2025-09-03T13:33:30","modified_gmt":"2025-09-03T10:33:30","slug":"koulupsykologi","status":"publish","type":"page","link":"https:\/\/blog.edu.turku.fi\/kiinamylly\/koulupsykologi\/","title":{"rendered":"Koulupsykologi"},"content":{"rendered":"<p>Kiinamyllyn koulun oppilashuollossa toimii koulupsykologi. Koulupsykologi osallistuu mahdollisten tulevien oppilaiden alkutapaamisiin ja jo koulussa opiskelevien oppilaiden kouluverkostoihin. Usein my\u00f6s hoitoneuvotteluihin opettaja ja koulupsykologi saavat kutsun. Yhteisty\u00f6 oppilasta hoitavien tahojen kanssa onkin keskeist\u00e4 sairaalakoulun koulupsykologin ty\u00f6ss\u00e4.<\/p>\n<p>Koulupsykologin ty\u00f6 Kiinamyllyn koulussa painottuu tiimity\u00f6skentelyyn opettajien kanssa. Pohdimme yhdess\u00e4 opettajan kanssa oppilaan koulunk\u00e4ynti\u00e4 ja miten tukea oppilaan kuntoutumista ja hyvinvointia koulun keinoin.<\/p>\n<p>Koulupsykologi voi tehd\u00e4 my\u00f6s oppimisedellytysten kartoitusta tai muita psykologisia tutkimuksia, jos niiden tarvetta on ja n\u00e4in sovitaan oppilasta hoitavien tahojen kanssa.<\/p>\n<p>Tavoitteena on olla mukana koulun arjen toiminnoissa ja p\u00e4\u00e4st\u00e4 n\u00e4in tutustumaan oppilaisiin heid\u00e4n onnistumisissaan ja haasteissaan.<\/p>\n<p>Koulupsykologi Raisa Hilakari 044 750 9245, raisa.hilakari@varha.fi<\/p>\n","protected":false},"excerpt":{"rendered":"<p>Kiinamyllyn koulun oppilashuollossa toimii koulupsykologi. Koulupsykologi osallistuu mahdollisten tulevien oppilaiden alkutapaamisiin ja jo koulussa opiskelevien oppilaiden kouluverkostoihin. Usein my\u00f6s hoitoneuvotteluihin opettaja ja koulupsykologi saavat kutsun. Yhteisty\u00f6 oppilasta hoitavien tahojen kanssa onkin keskeist\u00e4 sairaalakoulun koulupsykologin ty\u00f6ss\u00e4. Koulupsykologin ty\u00f6 Kiinamyllyn koulussa painottuu tiimity\u00f6skentelyyn opettajien kanssa. Pohdimme yhdess\u00e4 opettajan kanssa oppilaan koulunk\u00e4ynti\u00e4 ja miten tukea oppilaan kuntoutumista ja &hellip; <a href=\"https:\/\/blog.edu.turku.fi\/kiinamylly\/koulupsykologi\/\" class=\"more-link\">Jatka lukemista<span class=\"screen-reader-text\"> &#8221;Koulupsykologi&#8221;<\/span><\/a><\/p>\n","protected":false},"author":656,"featured_media":0,"parent":0,"menu_order":0,"comment_status":"closed","ping_status":"closed","template":"","meta":{"footnotes":""},"class_list":["post-585","page","type-page","status-publish","hentry"],"_links":{"self":[{"href":"https:\/\/blog.edu.turku.fi\/kiinamylly\/wp-json\/wp\/v2\/pages\/585","targetHints":{"allow":["GET"]}}],"collection":[{"href":"https:\/\/blog.edu.turku.fi\/kiinamylly\/wp-json\/wp\/v2\/pages"}],"about":[{"href":"https:\/\/blog.edu.turku.fi\/kiinamylly\/wp-json\/wp\/v2\/types\/page"}],"author":[{"embeddable":true,"href":"https:\/\/blog.edu.turku.fi\/kiinamylly\/wp-json\/wp\/v2\/users\/656"}],"replies":[{"embeddable":true,"href":"https:\/\/blog.edu.turku.fi\/kiinamylly\/wp-json\/wp\/v2\/comments?post=585"}],"version-history":[{"count":7,"href":"https:\/\/blog.edu.turku.fi\/kiinamylly\/wp-json\/wp\/v2\/pages\/585\/revisions"}],"predecessor-version":[{"id":1015,"href":"https:\/\/blog.edu.turku.fi\/kiinamylly\/wp-json\/wp\/v2\/pages\/585\/revisions\/1015"}],"wp:attachment":[{"href":"https:\/\/blog.edu.turku.fi\/kiinamylly\/wp-json\/wp\/v2\/media?parent=585"}],"curies":[{"name":"wp","href":"https:\/\/api.w.org\/{rel}","templated":true}]}}