{"id":583,"date":"2023-05-25T12:45:09","date_gmt":"2023-05-25T09:45:09","guid":{"rendered":"https:\/\/blog.edu.turku.fi\/kiinamylly\/?page_id=583"},"modified":"2025-09-09T11:08:20","modified_gmt":"2025-09-09T08:08:20","slug":"psykiatrian-osasto-opetus","status":"publish","type":"page","link":"https:\/\/blog.edu.turku.fi\/kiinamylly\/psykiatrian-osasto-opetus\/","title":{"rendered":"Psykiatrian osasto-opetus"},"content":{"rendered":"\n<p>Lasten- ja nuorisopsykiatrian osasto-opetuksessa opetetaan psykiatrisessa osastohoidossa olevia oppilaita.<\/p>\n\n\n\n<p>Osastojakson pituus ja p\u00e4iv\u00e4ohjelma vaihtelevat oppilaskohtaisesti. Koska oppilaiden koulunk\u00e4yntikyky ja hoitoaika vaihtelevat, osastojakson aikana edet\u00e4\u00e4n yksil\u00f6llisesti oppilaan vointi huomioiden. Jakson aikana sairaalakoulun opettajat tekev\u00e4t tiivist\u00e4 yhteisty\u00f6t\u00e4 hoitohenkil\u00f6st\u00f6n kanssa.<\/p>\n\n\n\n<p>Osastojakson alkaessa sairaalakoulun opettajat ovat yhteydess\u00e4 huoltajien luvalla oppilaan omaan kouluun.<\/p>\n\n\n\n<p>Opetuksessa k\u00e4ytet\u00e4\u00e4n oppilaan omia oppikirjoja.<\/p>\n\n\n\n<p>Sairaalakoulun opettajat osallistuvat oppilasta koskeviin moniammatillisiin verkostoihin.<\/p>\n\n\n\n<p>Sairaalakoulujaksoa ei merkit\u00e4 poissaoloksi oppilaan omassa koulussa.<\/p>\n\n\n\n<figure class=\"wp-block-image size-large is-resized \\&quot;wp-block-image\"><a href=\"https:\/\/blog.edu.turku.fi\/kiinamylly\/files\/2023\/08\/Datacity.jpeg\"><img loading=\"lazy\" decoding=\"async\" width=\"1024\" height=\"768\" src=\"https:\/\/blog.edu.turku.fi\/kiinamylly\/files\/2023\/08\/Datacity-1024x768.jpeg\" alt=\"\" class=\"wp-image-768\" style=\"width:348px;height:auto\" srcset=\"https:\/\/blog.edu.turku.fi\/kiinamylly\/files\/2023\/08\/Datacity.jpeg 1024w, https:\/\/blog.edu.turku.fi\/kiinamylly\/files\/2023\/08\/Datacity-300x225.jpeg 300w\" sizes=\"auto, (max-width: 709px) 85vw, (max-width: 909px) 67vw, (max-width: 1362px) 62vw, 840px\" \/><\/a><\/figure>\n\n\n\n<p><strong>Lasten psykiatrian osasto-opetus, Datacity<\/strong><br>Opettajat:<br>Anton Gustafsson 0406721043<br>Tiina Revonlahti 0449074385<\/p>\n\n\n\n<p>Ohjaaja: Heikkil\u00e4 Pirjo 0449074384<br>Osoite: Lemmink\u00e4isenkatu 14-18 C 20520 Turku<\/p>\n\n\n\n<figure class=\"wp-block-image size-large is-resized \\&quot;wp-block-image\"><a href=\"https:\/\/blog.edu.turku.fi\/kiinamylly\/files\/2023\/05\/nuoriso.jpeg\"><img loading=\"lazy\" decoding=\"async\" width=\"768\" height=\"1024\" src=\"https:\/\/blog.edu.turku.fi\/kiinamylly\/files\/2023\/05\/nuoriso-768x1024.jpeg\" alt=\"\" class=\"wp-image-680\" style=\"width:271px;height:auto\" srcset=\"https:\/\/blog.edu.turku.fi\/kiinamylly\/files\/2023\/05\/nuoriso.jpeg 768w, https:\/\/blog.edu.turku.fi\/kiinamylly\/files\/2023\/05\/nuoriso-225x300.jpeg 225w\" sizes=\"auto, (max-width: 768px) 85vw, 768px\" \/><\/a><\/figure>\n\n\n\n<p><strong>Nuorisopsykiatrian osasto-opetus<\/strong> ja <strong>Nuorten tehostettu avo-hoito<\/strong><br> Opettajat:<br> Johanna Byskata 0401795411<br> Tiina Lauren-Knuutila 0449074438<\/p>\n\n\n\n<p>Osoite: Kunnallissairaalantie 20 talo 4 A, 2. kerros PL 52 20701 Turku<\/p>\n\n\n\n<p>&nbsp;<\/p>\n\n\n\n<p><strong>Sy\u00f6mish\u00e4iri\u00f6yksikk\u00f6<\/strong><br> Opettaja: Taina Irmola 0407050849<br> Osoite: Joukahaisenkatu 1 20520 Turku 1. kerros<\/p>\n","protected":false},"excerpt":{"rendered":"<p>Lasten- ja nuorisopsykiatrian osasto-opetuksessa opetetaan psykiatrisessa osastohoidossa olevia oppilaita. Osastojakson pituus ja p\u00e4iv\u00e4ohjelma vaihtelevat oppilaskohtaisesti. Koska oppilaiden koulunk\u00e4yntikyky ja hoitoaika vaihtelevat, osastojakson aikana edet\u00e4\u00e4n yksil\u00f6llisesti oppilaan vointi huomioiden. Jakson aikana sairaalakoulun opettajat tekev\u00e4t tiivist\u00e4 yhteisty\u00f6t\u00e4 hoitohenkil\u00f6st\u00f6n kanssa. Osastojakson alkaessa sairaalakoulun opettajat ovat yhteydess\u00e4 huoltajien luvalla oppilaan omaan kouluun. Opetuksessa k\u00e4ytet\u00e4\u00e4n oppilaan omia oppikirjoja. Sairaalakoulun opettajat &hellip; <a href=\"https:\/\/blog.edu.turku.fi\/kiinamylly\/psykiatrian-osasto-opetus\/\" class=\"more-link\">Jatka lukemista<span class=\"screen-reader-text\"> &#8221;Psykiatrian osasto-opetus&#8221;<\/span><\/a><\/p>\n","protected":false},"author":656,"featured_media":0,"parent":0,"menu_order":0,"comment_status":"closed","ping_status":"closed","template":"","meta":{"footnotes":""},"class_list":["post-583","page","type-page","status-publish","hentry"],"_links":{"self":[{"href":"https:\/\/blog.edu.turku.fi\/kiinamylly\/wp-json\/wp\/v2\/pages\/583","targetHints":{"allow":["GET"]}}],"collection":[{"href":"https:\/\/blog.edu.turku.fi\/kiinamylly\/wp-json\/wp\/v2\/pages"}],"about":[{"href":"https:\/\/blog.edu.turku.fi\/kiinamylly\/wp-json\/wp\/v2\/types\/page"}],"author":[{"embeddable":true,"href":"https:\/\/blog.edu.turku.fi\/kiinamylly\/wp-json\/wp\/v2\/users\/656"}],"replies":[{"embeddable":true,"href":"https:\/\/blog.edu.turku.fi\/kiinamylly\/wp-json\/wp\/v2\/comments?post=583"}],"version-history":[{"count":31,"href":"https:\/\/blog.edu.turku.fi\/kiinamylly\/wp-json\/wp\/v2\/pages\/583\/revisions"}],"predecessor-version":[{"id":1029,"href":"https:\/\/blog.edu.turku.fi\/kiinamylly\/wp-json\/wp\/v2\/pages\/583\/revisions\/1029"}],"wp:attachment":[{"href":"https:\/\/blog.edu.turku.fi\/kiinamylly\/wp-json\/wp\/v2\/media?parent=583"}],"curies":[{"name":"wp","href":"https:\/\/api.w.org\/{rel}","templated":true}]}}