{"id":580,"date":"2023-05-25T13:01:28","date_gmt":"2023-05-25T10:01:28","guid":{"rendered":"https:\/\/blog.edu.turku.fi\/kiinamylly\/?page_id=580"},"modified":"2026-03-10T12:56:05","modified_gmt":"2026-03-10T10:56:05","slug":"avo-opetus","status":"publish","type":"page","link":"https:\/\/blog.edu.turku.fi\/kiinamylly\/avo-opetus\/","title":{"rendered":"Avo-opetus"},"content":{"rendered":"\n<p><strong>Kenelle?<\/strong><\/p>\n\n\n\n<p>Avoluokkaopetus on tarkoitettu oppilaille, joiden koulunk\u00e4ynti on keskeytynyt tai on vaarassa keskeyty\u00e4. Avo-opetuspaikkaa haetaan oppilaan koulun, hoidon tai vanhempien toimesta. Avoluokkien oppilailla tulee olla avohoidon psykiatrinen hoitokontakti. Avo-opetusjakso kest\u00e4\u00e4 p\u00e4\u00e4s\u00e4\u00e4nt\u00f6isesti puolesta vuodesta vuoteen. Avo-oppilaaksi voidaan hakea <a href=\"https:\/\/blog.edu.turku.fi\/kiinamylly\/oppilaaksiottoprosessi\/\">konsultaatioprosessin<\/a> kautta.<\/p>\n\n\n\n<p><strong>Koulunk\u00e4ynti kuntoutumisen tukena<\/strong><\/p>\n\n\n\n<p>Kiinamyllyn koulussa toimii avoluokkia vuosiluokilla 1.-9. suomeksi ja ruotsiksi. Opetus tapahtuu pienluokissa, joissa ty\u00f6skentelee erityisluokanopettajista ja koulunk\u00e4ynninohjaajista koostuva tiimi. Avo-opetuksessa toimii my\u00f6s koulupsykologi. Koulunk\u00e4ynti suunnitellaan yksil\u00f6llisesti hoidon rinnalla oppilaan voimavarojen ja psyykkisen voinnin mukaan.<\/p>\n\n\n\n<p>Oppilaan koulupaikka pysyy omassa koulussa ja h\u00e4n noudattaa oman koulunsa opetussuunnitelmaa sairaalakoulujakson ajan. Oppimateriaalit tulevat omasta koulusta. Pedagoginen suunnittelu ja arviointi tehd\u00e4\u00e4n yhteisty\u00f6ss\u00e4 sairaalakoulun ja oman koulun v\u00e4lill\u00e4. N\u00e4ill\u00e4 toimenpiteill\u00e4 pohjustetaan oppilaan paluuta omaan kouluunsa.<\/p>\n\n\n\n<p><strong>Verkostoyhteisty\u00f6<\/strong><\/p>\n\n\n\n<p>Avo-opetusjakson aikana tehd\u00e4\u00e4n tiivist\u00e4 yhteisty\u00f6t\u00e4 oppilaan asioita hoitavan verkoston kanssa. Verkostoon kuuluu mm. oma koulu, psykiatrinen hoitotaho, sosiaalitoimi ja muut oppilaan asioissa toimivat tahot. Avo-opetusjakson aikana on v\u00e4hint\u00e4\u00e4n\u202fkolme verkostotapaamista.<\/p>\n\n\n\n<p>Avo-opetusjakson l\u00e4hentyess\u00e4 loppuaan, oppilasta ryhdyt\u00e4\u00e4n nivelt\u00e4m\u00e4\u00e4n takaisin omaan kouluunsa, toisen asteen opintoihin tai tarvittaessa muuhun, oppilaalle sopivaan opetusryhm\u00e4\u00e4n. Oppilaan paluuta pyrit\u00e4\u00e4n valmistelemaan huolellisesti ja pitk\u00e4j\u00e4nteisesti. Paluu omaan kouluun tai siirtyminen jatko-opintoihin tapahtuu sairaalakoulun aikuisen tuella.<\/p>\n\n\n\n<figure class=\"wp-block-image size-large is-resized \\&quot;wp-block-image\"><a href=\"https:\/\/blog.edu.turku.fi\/kiinamylly\/files\/2023\/08\/Datacity.jpeg\"><img loading=\"lazy\" decoding=\"async\" width=\"1024\" height=\"768\" src=\"https:\/\/blog.edu.turku.fi\/kiinamylly\/files\/2023\/08\/Datacity-1024x768.jpeg\" alt=\"\" class=\"wp-image-768\" style=\"aspect-ratio:1;width:405px;height:auto\" srcset=\"https:\/\/blog.edu.turku.fi\/kiinamylly\/files\/2023\/08\/Datacity.jpeg 1024w, https:\/\/blog.edu.turku.fi\/kiinamylly\/files\/2023\/08\/Datacity-300x225.jpeg 300w\" sizes=\"auto, (max-width: 709px) 85vw, (max-width: 909px) 67vw, (max-width: 1362px) 62vw, 840px\" \/><\/a><\/figure>\n\n\n\n<p><\/p>\n\n\n\n<p><strong>Alakoulun avo-opetus, Datacity<\/strong><\/p>\n\n\n\n<p>Opettajat:<br> Lorenz Moulder 0401928834<br> Larimatti Pynn\u00f6nen 0406288045<br> Johanna V\u00e4is\u00e4nen 0449075603<\/p>\n\n\n\n<p>Koulunk\u00e4ynninohjaajat:<br>Tiina Lehtonen 0449074211<br>Jade M\u00e4kivaara 044 4913213<br>Sharon Opacic 0444916226<br>Teija V\u00e4h\u00e4nikkil\u00e4 0405438176<br>Ronnie Willberg 0449074841<\/p>\n\n\n\n<p><\/p>\n\n\n\n<p><\/p>\n\n\n\n<p><strong>Yl\u00e4koulun avo-opetus, Datacity<\/strong><\/p>\n\n\n\n<p>Opettajat:<br> Anniina Aaltola 0401928834<br> Heikki Kaunisto 0404878289<br> Heli Liski 0504071521<br> Pilke Oja 0449075437<\/p>\n\n\n\n<p>Koulunk\u00e4ynninohjaajat:<br>Helj\u00e4 Jyre-Myllynen 0504323708<br>Joona Rytk\u00f6nen 0449021286<br>Hanna Uusitalo 0401395573<br>Jenny Vainio 040 5416279<\/p>\n\n\n\n<figure class=\"wp-block-image size-large is-resized \\&quot;wp-block-image\"><a href=\"https:\/\/blog.edu.turku.fi\/kiinamylly\/files\/2024\/04\/IMG_3269.jpg\"><img loading=\"lazy\" decoding=\"async\" width=\"1024\" height=\"632\" src=\"https:\/\/blog.edu.turku.fi\/kiinamylly\/files\/2024\/04\/IMG_3269-1024x632.jpg\" alt=\"\" class=\"wp-image-902\" style=\"width:537px;height:auto\" srcset=\"https:\/\/blog.edu.turku.fi\/kiinamylly\/files\/2024\/04\/IMG_3269.jpg 1024w, https:\/\/blog.edu.turku.fi\/kiinamylly\/files\/2024\/04\/IMG_3269-300x185.jpg 300w\" sizes=\"auto, (max-width: 709px) 85vw, (max-width: 909px) 67vw, (max-width: 1362px) 62vw, 840px\" \/><\/a><\/figure>\n\n\n\n<p><strong>Yl\u00e4koulun avo-opetus, Eurocity<\/strong><\/p>\n\n\n\n<p>Opettajat:<br>\nTaina Irmola 0407050849<br>\nDaniela Sandell 0406550869<\/p>\n\n\n\n<p>Koulunk\u00e4ynninohjaaja:<br>\nSusanna Malka 0401856791<\/p>\n","protected":false},"excerpt":{"rendered":"<p>Kenelle? Avoluokkaopetus on tarkoitettu oppilaille, joiden koulunk\u00e4ynti on keskeytynyt tai on vaarassa keskeyty\u00e4. Avo-opetuspaikkaa haetaan oppilaan koulun, hoidon tai vanhempien toimesta. Avoluokkien oppilailla tulee olla avohoidon psykiatrinen hoitokontakti. Avo-opetusjakso kest\u00e4\u00e4 p\u00e4\u00e4s\u00e4\u00e4nt\u00f6isesti puolesta vuodesta vuoteen. Avo-oppilaaksi voidaan hakea konsultaatioprosessin kautta. Koulunk\u00e4ynti kuntoutumisen tukena Kiinamyllyn koulussa toimii avoluokkia vuosiluokilla 1.-9. suomeksi ja ruotsiksi. Opetus tapahtuu pienluokissa, joissa &hellip; <a href=\"https:\/\/blog.edu.turku.fi\/kiinamylly\/avo-opetus\/\" class=\"more-link\">Jatka lukemista<span class=\"screen-reader-text\"> &#8221;Avo-opetus&#8221;<\/span><\/a><\/p>\n","protected":false},"author":656,"featured_media":0,"parent":0,"menu_order":0,"comment_status":"closed","ping_status":"closed","template":"","meta":{"footnotes":""},"class_list":["post-580","page","type-page","status-publish","hentry"],"_links":{"self":[{"href":"https:\/\/blog.edu.turku.fi\/kiinamylly\/wp-json\/wp\/v2\/pages\/580","targetHints":{"allow":["GET"]}}],"collection":[{"href":"https:\/\/blog.edu.turku.fi\/kiinamylly\/wp-json\/wp\/v2\/pages"}],"about":[{"href":"https:\/\/blog.edu.turku.fi\/kiinamylly\/wp-json\/wp\/v2\/types\/page"}],"author":[{"embeddable":true,"href":"https:\/\/blog.edu.turku.fi\/kiinamylly\/wp-json\/wp\/v2\/users\/656"}],"replies":[{"embeddable":true,"href":"https:\/\/blog.edu.turku.fi\/kiinamylly\/wp-json\/wp\/v2\/comments?post=580"}],"version-history":[{"count":93,"href":"https:\/\/blog.edu.turku.fi\/kiinamylly\/wp-json\/wp\/v2\/pages\/580\/revisions"}],"predecessor-version":[{"id":1067,"href":"https:\/\/blog.edu.turku.fi\/kiinamylly\/wp-json\/wp\/v2\/pages\/580\/revisions\/1067"}],"wp:attachment":[{"href":"https:\/\/blog.edu.turku.fi\/kiinamylly\/wp-json\/wp\/v2\/media?parent=580"}],"curies":[{"name":"wp","href":"https:\/\/api.w.org\/{rel}","templated":true}]}}