{"id":574,"date":"2023-05-25T10:07:52","date_gmt":"2023-05-25T07:07:52","guid":{"rendered":"https:\/\/blog.edu.turku.fi\/kiinamylly\/?page_id=574"},"modified":"2024-09-02T13:07:17","modified_gmt":"2024-09-02T10:07:17","slug":"etusivu","status":"publish","type":"page","link":"https:\/\/blog.edu.turku.fi\/kiinamylly\/","title":{"rendered":"Etusivu"},"content":{"rendered":"\n<p>Erikoissairaanhoidossa olevalle esi- tai perusopetusik\u00e4iselle oppilaalle annetaan opetusta, jolla on oppimista ja koulunk\u00e4ynti\u00e4 yll\u00e4pit\u00e4v\u00e4 sek\u00e4 oppilaan hoitotavoitteita tukeva kokonaiskuntoutuksellinen tavoite. Sairaalan sijaintikunta on velvollinen j\u00e4rjest\u00e4m\u00e4\u00e4n opetusta sairaalassa potilaana olevalle oppilaalle. My\u00f6s muulle erikoissairaanhoidossa olevalle oppilaalle on j\u00e4rjestett\u00e4v\u00e4 opetusta siin\u00e4 m\u00e4\u00e4rin kuin se h\u00e4nen terveytens\u00e4, pedagogiset erityistarpeensa ja erikoissairaanhoidon hoidolliset ja kuntoutukselliset toimenpiteet huomioon ottaen on perusteltua, jos opetuksen j\u00e4rjest\u00e4minen ei muutoin ole tukitoimista huolimatta oppilaan edun mukaista.<\/p>\n\n\n\n<p>Turun opetustoimen alainen<strong>&nbsp;Kiinamyllyn koulu<\/strong> vastaa TYKS:n lasten- ja nuorten klinikan sek\u00e4 lasten- ja nuorisopsykiatrian sairaalaopetuksesta. Oppilaat tulevat Varsinais-Suomen hyvinvointialueella olevista kunnista. Sairaalahoidossa olevien oppilaiden lis\u00e4ksi koulussamme annetaan opetusta psykiatrisessa avohoidossa oleville oppilaille, joiden koulunk\u00e4ynti on keskeytynyt tai on vaarassa keskeyty\u00e4 psyykkisten ongelmien vuoksi.<\/p>\n","protected":false},"excerpt":{"rendered":"<p>Erikoissairaanhoidossa olevalle esi- tai perusopetusik\u00e4iselle oppilaalle annetaan opetusta, jolla on oppimista ja koulunk\u00e4ynti\u00e4 yll\u00e4pit\u00e4v\u00e4 sek\u00e4 oppilaan hoitotavoitteita tukeva kokonaiskuntoutuksellinen tavoite. Sairaalan sijaintikunta on velvollinen j\u00e4rjest\u00e4m\u00e4\u00e4n opetusta sairaalassa potilaana olevalle oppilaalle. My\u00f6s muulle erikoissairaanhoidossa olevalle oppilaalle on j\u00e4rjestett\u00e4v\u00e4 opetusta siin\u00e4 m\u00e4\u00e4rin kuin se h\u00e4nen terveytens\u00e4, pedagogiset erityistarpeensa ja erikoissairaanhoidon hoidolliset ja kuntoutukselliset toimenpiteet huomioon ottaen on &hellip; <a href=\"https:\/\/blog.edu.turku.fi\/kiinamylly\/\" class=\"more-link\">Jatka lukemista<span class=\"screen-reader-text\"> &#8221;Etusivu&#8221;<\/span><\/a><\/p>\n","protected":false},"author":1671,"featured_media":0,"parent":0,"menu_order":1,"comment_status":"closed","ping_status":"closed","template":"","meta":{"footnotes":""},"class_list":["post-574","page","type-page","status-publish","hentry"],"_links":{"self":[{"href":"https:\/\/blog.edu.turku.fi\/kiinamylly\/wp-json\/wp\/v2\/pages\/574","targetHints":{"allow":["GET"]}}],"collection":[{"href":"https:\/\/blog.edu.turku.fi\/kiinamylly\/wp-json\/wp\/v2\/pages"}],"about":[{"href":"https:\/\/blog.edu.turku.fi\/kiinamylly\/wp-json\/wp\/v2\/types\/page"}],"author":[{"embeddable":true,"href":"https:\/\/blog.edu.turku.fi\/kiinamylly\/wp-json\/wp\/v2\/users\/1671"}],"replies":[{"embeddable":true,"href":"https:\/\/blog.edu.turku.fi\/kiinamylly\/wp-json\/wp\/v2\/comments?post=574"}],"version-history":[{"count":11,"href":"https:\/\/blog.edu.turku.fi\/kiinamylly\/wp-json\/wp\/v2\/pages\/574\/revisions"}],"predecessor-version":[{"id":950,"href":"https:\/\/blog.edu.turku.fi\/kiinamylly\/wp-json\/wp\/v2\/pages\/574\/revisions\/950"}],"wp:attachment":[{"href":"https:\/\/blog.edu.turku.fi\/kiinamylly\/wp-json\/wp\/v2\/media?parent=574"}],"curies":[{"name":"wp","href":"https:\/\/api.w.org\/{rel}","templated":true}]}}