{"id":232,"date":"2014-05-28T12:08:12","date_gmt":"2014-05-28T09:08:12","guid":{"rendered":"https:\/\/blog.edu.turku.fi\/kiinamylly\/?page_id=232"},"modified":"2026-01-20T11:51:28","modified_gmt":"2026-01-20T09:51:28","slug":"kiinamyllyn-koulun-ystavat","status":"publish","type":"page","link":"https:\/\/blog.edu.turku.fi\/kiinamylly\/kiinamyllyn-koulun-ystavat\/","title":{"rendered":"Kiinamyllyn koulun yst\u00e4v\u00e4t ry"},"content":{"rendered":"\n<p>Kiinamyllyn koulun yst\u00e4v\u00e4t ry. on syksyll\u00e4 2003 perustettu koulun tukiyhdistys. Yhdistyksen tarkoituksena on tehd\u00e4 sairaalaopetusta tunnetuksi sek\u00e4 tukea oppilaiden opiskelua tarjoamalla hyvi\u00e4 oppimiskokemuksia ja el\u00e4myksi\u00e4 niin koulussa kuin koulua ymp\u00e4r\u00f6iv\u00e4ss\u00e4 maailmassa. Toimintaa toteutetaan mm. erilaisilla retkill\u00e4, teatteri- ja konserttik\u00e4ynneill\u00e4 sek\u00e4 terapeuttisella harrastetoiminnalla. Yhdistys pit\u00e4\u00e4 my\u00f6s yhteytt\u00e4 alan tutkijoihin, terveydenhuollon henkil\u00f6st\u00f6\u00f6n ja muihin yhteisty\u00f6tahoihin<\/p>\n\n\n\n<p>Yhdistyksen s\u00e4\u00e4nt\u00f6m\u00e4\u00e4r\u00e4iset kokoukset pidet\u00e4\u00e4n kev\u00e4\u00e4ll\u00e4 ja syksyll\u00e4. Kokouksista tiedotetaan t\u00e4ll\u00e4 sivustolla.<\/p>\n\n\n\n<h2 class=\"wp-block-heading \\&quot;wp-block-heading\">Miten voit tukea Kiinamyllyn koulun yst\u00e4v\u00e4t ry. toimintaa?<\/h2>\n\n\n\n<p>&#8211; Halutessasi voit liitty\u00e4 yhdistyksen j\u00e4seneksi ja osallistua toiminnan j\u00e4rjest\u00e4miseen.<br>\n&#8211; Yksityishenkil\u00f6t, yritykset ja yhdistykset voivat antaa lahjoituksia yhdistyksen toimintaan.<\/p>\n\n\n\n<h2 class=\"wp-block-heading \\&quot;wp-block-heading\">Tervetuloa koulutukseen<\/h2>\n\n\n\n<div data-wp-interactive=\"core\/file\" class=\"wp-block-file\"><object data-wp-bind--hidden=\"!state.hasPdfPreview\" hidden class=\"wp-block-file__embed\" data=\"https:\/\/blog.edu.turku.fi\/kiinamylly\/files\/2026\/01\/Luentokutsu-1.pdf\" type=\"application\/pdf\" style=\"width:100%;height:410px\" aria-label=\"Tiedoston Luentokutsu upotus.\"><\/object><a id=\"wp-block-file--media-39e74ca9-08f2-43cd-83d8-5aff82db1600\" href=\"https:\/\/blog.edu.turku.fi\/kiinamylly\/files\/2026\/01\/Luentokutsu-1.pdf\">Luentokutsu<\/a><a href=\"https:\/\/blog.edu.turku.fi\/kiinamylly\/files\/2026\/01\/Luentokutsu-1.pdf\" class=\"wp-block-file__button wp-element-button\" download aria-describedby=\"wp-block-file--media-39e74ca9-08f2-43cd-83d8-5aff82db1600\">Lataa<\/a><\/div>\n\n\n\n<h2 class=\"wp-block-heading \\&quot;wp-block-heading\">Yhdistyksen yhteystiedot<\/h2>\n\n\n\n<p>Hallituksen puheenjohtaja: P\u00e4lvi Holma-Kirstil\u00e4<br> palvi.holma-kirstila[\u00e4t]edu.turku.fi, 0401939798<\/p>\n\n\n\n<p>Kiinamyllyn koulun yst\u00e4v\u00e4t ry.<br>\nc\/o Kiinamyllyn koulu<br>\nLemmink\u00e4isenkatu 14-18 C<br>\n20520 Turku<\/p>\n\n\n\n<p>Y-tunnus: 2792673-5<\/p>\n\n\n\n<p>pankkiyhteys:<br>\nFI63 1652 3000 0123 05<\/p>\n","protected":false},"excerpt":{"rendered":"<p>Kiinamyllyn koulun yst\u00e4v\u00e4t ry. on syksyll\u00e4 2003 perustettu koulun tukiyhdistys. Yhdistyksen tarkoituksena on tehd\u00e4 sairaalaopetusta tunnetuksi sek\u00e4 tukea oppilaiden opiskelua tarjoamalla hyvi\u00e4 oppimiskokemuksia ja el\u00e4myksi\u00e4 niin koulussa kuin koulua ymp\u00e4r\u00f6iv\u00e4ss\u00e4 maailmassa. Toimintaa toteutetaan mm. erilaisilla retkill\u00e4, teatteri- ja konserttik\u00e4ynneill\u00e4 sek\u00e4 terapeuttisella harrastetoiminnalla. Yhdistys pit\u00e4\u00e4 my\u00f6s yhteytt\u00e4 alan tutkijoihin, terveydenhuollon henkil\u00f6st\u00f6\u00f6n ja muihin yhteisty\u00f6tahoihin Yhdistyksen s\u00e4\u00e4nt\u00f6m\u00e4\u00e4r\u00e4iset &hellip; <a href=\"https:\/\/blog.edu.turku.fi\/kiinamylly\/kiinamyllyn-koulun-ystavat\/\" class=\"more-link\">Jatka lukemista<span class=\"screen-reader-text\"> &#8221;Kiinamyllyn koulun yst\u00e4v\u00e4t ry&#8221;<\/span><\/a><\/p>\n","protected":false},"author":157,"featured_media":0,"parent":0,"menu_order":0,"comment_status":"closed","ping_status":"closed","template":"","meta":{"footnotes":""},"class_list":["post-232","page","type-page","status-publish","hentry"],"_links":{"self":[{"href":"https:\/\/blog.edu.turku.fi\/kiinamylly\/wp-json\/wp\/v2\/pages\/232","targetHints":{"allow":["GET"]}}],"collection":[{"href":"https:\/\/blog.edu.turku.fi\/kiinamylly\/wp-json\/wp\/v2\/pages"}],"about":[{"href":"https:\/\/blog.edu.turku.fi\/kiinamylly\/wp-json\/wp\/v2\/types\/page"}],"author":[{"embeddable":true,"href":"https:\/\/blog.edu.turku.fi\/kiinamylly\/wp-json\/wp\/v2\/users\/157"}],"replies":[{"embeddable":true,"href":"https:\/\/blog.edu.turku.fi\/kiinamylly\/wp-json\/wp\/v2\/comments?post=232"}],"version-history":[{"count":38,"href":"https:\/\/blog.edu.turku.fi\/kiinamylly\/wp-json\/wp\/v2\/pages\/232\/revisions"}],"predecessor-version":[{"id":1061,"href":"https:\/\/blog.edu.turku.fi\/kiinamylly\/wp-json\/wp\/v2\/pages\/232\/revisions\/1061"}],"wp:attachment":[{"href":"https:\/\/blog.edu.turku.fi\/kiinamylly\/wp-json\/wp\/v2\/media?parent=232"}],"curies":[{"name":"wp","href":"https:\/\/api.w.org\/{rel}","templated":true}]}}