{"id":1037,"date":"2025-09-10T10:22:21","date_gmt":"2025-09-10T07:22:21","guid":{"rendered":"https:\/\/blog.edu.turku.fi\/kiinamylly\/?page_id=1037"},"modified":"2025-09-10T10:22:36","modified_gmt":"2025-09-10T07:22:36","slug":"kurkistuksia-kouluun","status":"publish","type":"page","link":"https:\/\/blog.edu.turku.fi\/kiinamylly\/kurkistuksia-kouluun\/","title":{"rendered":"Kurkistuksia kouluun"},"content":{"rendered":"\n<p><strong>El\u00e4inavusteinen toiminta<\/strong><\/p>\n\n\n\n<p>El\u00e4inavusteinen toiminta Kiinamyllyn koulussa on joko yksil\u00f6- tai ryhm\u00e4muotoista toimintaa, jossa on el\u00e4in mukana. El\u00e4inavusteinen toiminta tarkoittaa el\u00e4imen mukaan ottamista ihmisten hyvinvoinnin edist\u00e4miseksi. El\u00e4inavusteinen toiminta tukee perusopetuksen tavoitteiden saavuttamista lis\u00e4\u00e4m\u00e4ll\u00e4 oppilaiden hyvinvointia, itsetuntemusta ja vuorovaikutustaitoja.<\/p>\n\n\n\n<p>El\u00e4inavusteisen toiminnan tavoitteena on lis\u00e4t\u00e4 oppilaiden toimintakyky\u00e4 ja osallisuutta, luoda my\u00f6nteist\u00e4 ilmapiiri\u00e4 ja vuorovaikutusta sek\u00e4 opettaa tunteiden tunnistamista ja ilmaisua. <\/p>\n\n\n\n<p>Kiinamyllyn koulussa vierailee koiria ja kissoja. Lis\u00e4ksi meill\u00e4 on kotilo ja torakoita.<\/p>\n\n\n<div class=\"wp-block-image\">\n<figure class=\"aligncenter size-large is-resized\"><a href=\"https:\/\/blog.edu.turku.fi\/kiinamylly\/files\/2023\/05\/a7ac7d7c-8999-4eba-8327-62b9199464c7.jpg\"><img loading=\"lazy\" decoding=\"async\" width=\"749\" height=\"864\" src=\"https:\/\/blog.edu.turku.fi\/kiinamylly\/files\/2023\/05\/a7ac7d7c-8999-4eba-8327-62b9199464c7-749x864.jpg\" alt=\"\" class=\"wp-image-718\" style=\"width:256px;height:auto\" srcset=\"https:\/\/blog.edu.turku.fi\/kiinamylly\/files\/2023\/05\/a7ac7d7c-8999-4eba-8327-62b9199464c7.jpg 749w, https:\/\/blog.edu.turku.fi\/kiinamylly\/files\/2023\/05\/a7ac7d7c-8999-4eba-8327-62b9199464c7-260x300.jpg 260w\" sizes=\"auto, (max-width: 749px) 85vw, 749px\" \/><\/a><figcaption class=\"wp-element-caption\">Dio-koira vierailee s\u00e4\u00e4nn\u00f6llisesti Datacityn yksik\u00f6ss\u00e4.<\/figcaption><\/figure>\n<\/div>\n\n\n<p>El\u00e4inavusteista toimintaa olemme my\u00f6s toteuttaneet yhteisty\u00f6ss\u00e4 Tyynel\u00e4n terapiael\u00e4intilan kanssa.<\/p>\n\n\n\n<figure class=\"wp-block-gallery has-nested-images columns-default is-cropped wp-block-gallery-1 is-layout-flex wp-block-gallery-is-layout-flex\">\n<figure class=\"wp-block-image size-large\"><a href=\"https:\/\/blog.edu.turku.fi\/kiinamylly\/files\/2023\/05\/tyynelan-kanat.jpg\"><img loading=\"lazy\" decoding=\"async\" width=\"585\" height=\"991\" data-id=\"720\" src=\"https:\/\/blog.edu.turku.fi\/kiinamylly\/files\/2023\/05\/tyynelan-kanat-585x991.jpg\" alt=\"\" class=\"wp-image-720\" srcset=\"https:\/\/blog.edu.turku.fi\/kiinamylly\/files\/2023\/05\/tyynelan-kanat.jpg 585w, https:\/\/blog.edu.turku.fi\/kiinamylly\/files\/2023\/05\/tyynelan-kanat-177x300.jpg 177w\" sizes=\"auto, (max-width: 585px) 85vw, 585px\" \/><\/a><\/figure>\n\n\n\n<figure class=\"wp-block-image size-large\"><a href=\"https:\/\/blog.edu.turku.fi\/kiinamylly\/files\/2023\/05\/tyynelan-lammas.jpg\"><img loading=\"lazy\" decoding=\"async\" width=\"900\" height=\"717\" data-id=\"722\" src=\"https:\/\/blog.edu.turku.fi\/kiinamylly\/files\/2023\/05\/tyynelan-lammas-900x717.jpg\" alt=\"\" class=\"wp-image-722\" srcset=\"https:\/\/blog.edu.turku.fi\/kiinamylly\/files\/2023\/05\/tyynelan-lammas.jpg 900w, https:\/\/blog.edu.turku.fi\/kiinamylly\/files\/2023\/05\/tyynelan-lammas-300x239.jpg 300w\" sizes=\"auto, (max-width: 709px) 85vw, (max-width: 909px) 67vw, (max-width: 1362px) 62vw, 840px\" \/><\/a><\/figure>\n\n\n\n<figure class=\"wp-block-image size-large\"><a href=\"https:\/\/blog.edu.turku.fi\/kiinamylly\/files\/2023\/05\/8802f486-7eaf-4288-a485-ed8748c50390.jpg\"><img loading=\"lazy\" decoding=\"async\" width=\"762\" height=\"1024\" data-id=\"723\" src=\"https:\/\/blog.edu.turku.fi\/kiinamylly\/files\/2023\/05\/8802f486-7eaf-4288-a485-ed8748c50390-762x1024.jpg\" alt=\"\" class=\"wp-image-723\" srcset=\"https:\/\/blog.edu.turku.fi\/kiinamylly\/files\/2023\/05\/8802f486-7eaf-4288-a485-ed8748c50390.jpg 762w, https:\/\/blog.edu.turku.fi\/kiinamylly\/files\/2023\/05\/8802f486-7eaf-4288-a485-ed8748c50390-223x300.jpg 223w\" sizes=\"auto, (max-width: 762px) 85vw, 762px\" \/><\/a><\/figure>\n\n\n\n<figure class=\"wp-block-image size-large\"><a href=\"https:\/\/blog.edu.turku.fi\/kiinamylly\/files\/2023\/05\/PHOTO-2023-05-26-12-20-44.jpg\"><img loading=\"lazy\" decoding=\"async\" width=\"768\" height=\"1024\" data-id=\"733\" src=\"https:\/\/blog.edu.turku.fi\/kiinamylly\/files\/2023\/05\/PHOTO-2023-05-26-12-20-44-768x1024.jpg\" alt=\"\" class=\"wp-image-733\" srcset=\"https:\/\/blog.edu.turku.fi\/kiinamylly\/files\/2023\/05\/PHOTO-2023-05-26-12-20-44.jpg 768w, https:\/\/blog.edu.turku.fi\/kiinamylly\/files\/2023\/05\/PHOTO-2023-05-26-12-20-44-225x300.jpg 225w\" sizes=\"auto, (max-width: 768px) 85vw, 768px\" \/><\/a><\/figure>\n\n\n\n<figure class=\"wp-block-image size-large\"><a href=\"https:\/\/blog.edu.turku.fi\/kiinamylly\/files\/2023\/05\/Taavi.jpg\"><img loading=\"lazy\" decoding=\"async\" width=\"592\" height=\"1024\" data-id=\"725\" src=\"https:\/\/blog.edu.turku.fi\/kiinamylly\/files\/2023\/05\/Taavi-592x1024.jpg\" alt=\"\" class=\"wp-image-725\" srcset=\"https:\/\/blog.edu.turku.fi\/kiinamylly\/files\/2023\/05\/Taavi.jpg 592w, https:\/\/blog.edu.turku.fi\/kiinamylly\/files\/2023\/05\/Taavi-173x300.jpg 173w\" sizes=\"auto, (max-width: 592px) 85vw, 592px\" \/><\/a><\/figure>\n\n\n\n<figure class=\"wp-block-image size-large\"><a href=\"https:\/\/blog.edu.turku.fi\/kiinamylly\/files\/2023\/05\/PHOTO-2023-05-26-12-18-28.jpg\"><img loading=\"lazy\" decoding=\"async\" width=\"768\" height=\"1024\" data-id=\"734\" src=\"https:\/\/blog.edu.turku.fi\/kiinamylly\/files\/2023\/05\/PHOTO-2023-05-26-12-18-28-768x1024.jpg\" alt=\"\" class=\"wp-image-734\" srcset=\"https:\/\/blog.edu.turku.fi\/kiinamylly\/files\/2023\/05\/PHOTO-2023-05-26-12-18-28.jpg 768w, https:\/\/blog.edu.turku.fi\/kiinamylly\/files\/2023\/05\/PHOTO-2023-05-26-12-18-28-225x300.jpg 225w\" sizes=\"auto, (max-width: 768px) 85vw, 768px\" \/><\/a><\/figure>\n\n\n\n<figure class=\"wp-block-image size-large\"><a href=\"https:\/\/blog.edu.turku.fi\/kiinamylly\/files\/2023\/05\/PHOTO-2023-05-26-12-30-25.jpg\"><img loading=\"lazy\" decoding=\"async\" width=\"768\" height=\"1024\" data-id=\"732\" src=\"https:\/\/blog.edu.turku.fi\/kiinamylly\/files\/2023\/05\/PHOTO-2023-05-26-12-30-25-768x1024.jpg\" alt=\"\" class=\"wp-image-732\" srcset=\"https:\/\/blog.edu.turku.fi\/kiinamylly\/files\/2023\/05\/PHOTO-2023-05-26-12-30-25.jpg 768w, https:\/\/blog.edu.turku.fi\/kiinamylly\/files\/2023\/05\/PHOTO-2023-05-26-12-30-25-225x300.jpg 225w\" sizes=\"auto, (max-width: 768px) 85vw, 768px\" \/><\/a><figcaption class=\"wp-element-caption\">Vuohet ovat uteliaita ja tiet\u00e4v\u00e4t, ett\u00e4 kiinisl\u00e4isill\u00e4 on mukana kuivaa leip\u00e4\u00e4.<\/figcaption><\/figure>\n<\/figure>\n\n\n\n<p><\/p>\n\n\n\n<p>Linkki Turku-postin juttuun <a href=\"https:\/\/issuu.com\/turunviestinta\/docs\/turkuposti_2_2023\">Turkuposti 2\/2023<\/a><\/p>\n\n\n\n<p>Linkki YLEn juttuun <a href=\"https:\/\/yle.fi\/a\/74-20027509\">El\u00e4imet tuovat turvaa ja kehitt\u00e4v\u00e4t sairaalakoulun oppilaiden tunnetaitoja Turussa <\/a><\/p>\n\n\n\n<p><\/p>\n","protected":false},"excerpt":{"rendered":"<p>El\u00e4inavusteinen toiminta El\u00e4inavusteinen toiminta Kiinamyllyn koulussa on joko yksil\u00f6- tai ryhm\u00e4muotoista toimintaa, jossa on el\u00e4in mukana. El\u00e4inavusteinen toiminta tarkoittaa el\u00e4imen mukaan ottamista ihmisten hyvinvoinnin edist\u00e4miseksi. El\u00e4inavusteinen toiminta tukee perusopetuksen tavoitteiden saavuttamista lis\u00e4\u00e4m\u00e4ll\u00e4 oppilaiden hyvinvointia, itsetuntemusta ja vuorovaikutustaitoja. El\u00e4inavusteisen toiminnan tavoitteena on lis\u00e4t\u00e4 oppilaiden toimintakyky\u00e4 ja osallisuutta, luoda my\u00f6nteist\u00e4 ilmapiiri\u00e4 ja vuorovaikutusta sek\u00e4 opettaa tunteiden tunnistamista &hellip; <a href=\"https:\/\/blog.edu.turku.fi\/kiinamylly\/kurkistuksia-kouluun\/\" class=\"more-link\">Jatka lukemista<span class=\"screen-reader-text\"> &#8221;Kurkistuksia kouluun&#8221;<\/span><\/a><\/p>\n","protected":false},"author":9,"featured_media":0,"parent":0,"menu_order":0,"comment_status":"closed","ping_status":"closed","template":"","meta":{"footnotes":""},"class_list":["post-1037","page","type-page","status-publish","hentry"],"_links":{"self":[{"href":"https:\/\/blog.edu.turku.fi\/kiinamylly\/wp-json\/wp\/v2\/pages\/1037","targetHints":{"allow":["GET"]}}],"collection":[{"href":"https:\/\/blog.edu.turku.fi\/kiinamylly\/wp-json\/wp\/v2\/pages"}],"about":[{"href":"https:\/\/blog.edu.turku.fi\/kiinamylly\/wp-json\/wp\/v2\/types\/page"}],"author":[{"embeddable":true,"href":"https:\/\/blog.edu.turku.fi\/kiinamylly\/wp-json\/wp\/v2\/users\/9"}],"replies":[{"embeddable":true,"href":"https:\/\/blog.edu.turku.fi\/kiinamylly\/wp-json\/wp\/v2\/comments?post=1037"}],"version-history":[{"count":2,"href":"https:\/\/blog.edu.turku.fi\/kiinamylly\/wp-json\/wp\/v2\/pages\/1037\/revisions"}],"predecessor-version":[{"id":1039,"href":"https:\/\/blog.edu.turku.fi\/kiinamylly\/wp-json\/wp\/v2\/pages\/1037\/revisions\/1039"}],"wp:attachment":[{"href":"https:\/\/blog.edu.turku.fi\/kiinamylly\/wp-json\/wp\/v2\/media?parent=1037"}],"curies":[{"name":"wp","href":"https:\/\/api.w.org\/{rel}","templated":true}]}}