{"id":47,"date":"2025-09-09T10:48:26","date_gmt":"2025-09-09T07:48:26","guid":{"rendered":"https:\/\/blog.edu.turku.fi\/kiinamylly-sv\/?page_id=47"},"modified":"2025-09-24T10:19:35","modified_gmt":"2025-09-24T07:19:35","slug":"skolpsykolog","status":"publish","type":"page","link":"https:\/\/blog.edu.turku.fi\/kiinamylly-sv\/skolpsykolog\/","title":{"rendered":"Skolpsykolog"},"content":{"rendered":"\n<p>I elevv\u00e5rden vid sjukhusskolan Kiinamyllyn koulu finns en skolpsykolog. Skolpsykologen deltar i de f\u00f6rsta m\u00f6tena med de eventuella framtida eleverna och i skoln\u00e4tverken f\u00f6r de elever som redan studerar i skolan. Ofta f\u00e5r ocks\u00e5 l\u00e4raren och skolpsykologen en kallelse till v\u00e5rdf\u00f6rhandlingarna. Samarbetet med de instanser som v\u00e5rdar eleven \u00e4r ju centralt i sjukhusskolpsykologens arbete.<\/p>\n\n\n\n<p>Skolpsykologens arbete i sjukhusskolan Kiinamyllyn koulu fokuserar p\u00e5 lagarbete med l\u00e4rarna. Tillsammans med l\u00e4raren funderar vi p\u00e5 elevens skolg\u00e5ng och hur man st\u00f6djer elevens rehabilitering och v\u00e4lbefinnande med hj\u00e4lp av skolan.<\/p>\n\n\n\n<p>Skolpsykologen kan ocks\u00e5 g\u00f6ra en kartl\u00e4ggning av inl\u00e4rningsf\u00f6ruts\u00e4ttningarna eller andra psykologiska unders\u00f6kningar, om det finns behov av s\u00e5dana och om man p\u00e5 detta s\u00e4tt kommer \u00f6verens med dem som v\u00e5rdar eleven.<\/p>\n\n\n\n<p>M\u00e5let \u00e4r att vara med i skolans vardagliga aktiviteter och p\u00e5 s\u00e5 s\u00e4tt l\u00e4ra k\u00e4nna eleverna i deras framg\u00e5ng och utmaningar.<\/p>\n\n\n\n<p>Skolpsykolog, Raisa Hilakari 044 750 9245, f\u00f6rnamn.efternamn@varha.fi<\/p>\n","protected":false},"excerpt":{"rendered":"<p>I elevv\u00e5rden vid sjukhusskolan Kiinamyllyn koulu finns en skolpsykolog. Skolpsykologen deltar i de f\u00f6rsta m\u00f6tena med de eventuella framtida eleverna och i skoln\u00e4tverken f\u00f6r de elever som redan studerar i skolan. Ofta f\u00e5r ocks\u00e5 l\u00e4raren och skolpsykologen en kallelse till v\u00e5rdf\u00f6rhandlingarna. Samarbetet med de instanser som v\u00e5rdar eleven \u00e4r ju centralt i sjukhusskolpsykologens arbete. Skolpsykologens &hellip; <a href=\"https:\/\/blog.edu.turku.fi\/kiinamylly-sv\/skolpsykolog\/\" class=\"more-link\">Jatka lukemista<span class=\"screen-reader-text\"> &#8221;Skolpsykolog&#8221;<\/span><\/a><\/p>\n","protected":false},"author":9,"featured_media":0,"parent":0,"menu_order":0,"comment_status":"closed","ping_status":"closed","template":"","meta":{"footnotes":""},"class_list":["post-47","page","type-page","status-publish","hentry"],"_links":{"self":[{"href":"https:\/\/blog.edu.turku.fi\/kiinamylly-sv\/wp-json\/wp\/v2\/pages\/47","targetHints":{"allow":["GET"]}}],"collection":[{"href":"https:\/\/blog.edu.turku.fi\/kiinamylly-sv\/wp-json\/wp\/v2\/pages"}],"about":[{"href":"https:\/\/blog.edu.turku.fi\/kiinamylly-sv\/wp-json\/wp\/v2\/types\/page"}],"author":[{"embeddable":true,"href":"https:\/\/blog.edu.turku.fi\/kiinamylly-sv\/wp-json\/wp\/v2\/users\/9"}],"replies":[{"embeddable":true,"href":"https:\/\/blog.edu.turku.fi\/kiinamylly-sv\/wp-json\/wp\/v2\/comments?post=47"}],"version-history":[{"count":3,"href":"https:\/\/blog.edu.turku.fi\/kiinamylly-sv\/wp-json\/wp\/v2\/pages\/47\/revisions"}],"predecessor-version":[{"id":59,"href":"https:\/\/blog.edu.turku.fi\/kiinamylly-sv\/wp-json\/wp\/v2\/pages\/47\/revisions\/59"}],"wp:attachment":[{"href":"https:\/\/blog.edu.turku.fi\/kiinamylly-sv\/wp-json\/wp\/v2\/media?parent=47"}],"curies":[{"name":"wp","href":"https:\/\/api.w.org\/{rel}","templated":true}]}}