{"id":43,"date":"2025-09-09T10:48:04","date_gmt":"2025-09-09T07:48:04","guid":{"rendered":"https:\/\/blog.edu.turku.fi\/kiinamylly-sv\/?page_id=43"},"modified":"2025-09-24T10:17:23","modified_gmt":"2025-09-24T07:17:23","slug":"fyrsjukhus","status":"publish","type":"page","link":"https:\/\/blog.edu.turku.fi\/kiinamylly-sv\/fyrsjukhus\/","title":{"rendered":"Fyrsjukhus"},"content":{"rendered":"\n<p>Vi undervisar elever som g\u00e5r i f\u00f6r- och grundskolan.&nbsp; Vi f\u00f6ljer arbets- och lovtiderna f\u00f6r \u00c5bo stads skolor.<\/p>\n\n\n\n<p><strong>V\u00e5ra arbetsformer:<\/strong><\/p>\n\n\n\n<ul class=\"wp-block-list\">\n<li>n\u00e4rundervisning vid b\u00e4ddarna och\/eller gruppundervisning<\/li>\n\n\n\n<li>samarbete med elevens v\u00e5rdnadshavare och hemskola<\/li>\n\n\n\n<li>n\u00e4tverksm\u00f6ten<\/li>\n\n\n\n<li>m\u00e5ngprofessionellt samarbete i Fyrsjukhuset<\/li>\n<\/ul>\n\n\n\n<p><strong>Avdelningarna:<\/strong>&nbsp;\u00c5UCS barn- och ungdomskliniken<\/p>\n\n\n\n<ul class=\"wp-block-list\">\n<li>avdelningen f\u00f6r barn och unga<\/li>\n\n\n\n<li>avdelningen f\u00f6r barn och ungdomskirurgi, samt ortopedi<\/li>\n\n\n\n<li>hematologiska avdelningen<\/li>\n\n\n\n<li>intensivv\u00e5rdsavdelningen<\/li>\n\n\n\n<li>barnneurologiska polikliniken<\/li>\n<\/ul>\n\n\n\n<p><strong>Vi finns i:<br><\/strong>Fyrsjukhuset Keramikfabriksgatan 5, \u00c5bo 52 A-hissen, 5. v\u00e5n<\/p>\n\n\n\n<p><strong>L\u00e4rare:<br><\/strong>Gabriella&nbsp;Stenvall-Vihervuori 0401628071<br>Maiju Syrj\u00e4l\u00e4 0401863528\u200b<\/p>\n\n\n\n<p><strong>Skolg\u00e5ngshandledare:<\/strong>\u200b<br>Janica Kiuru 0449074162<\/p>\n\n\n\n<figure class=\"wp-block-image size-full is-resized\"><img loading=\"lazy\" decoding=\"async\" width=\"794\" height=\"1024\" src=\"https:\/\/blog.edu.turku.fi\/kiinamylly-sv\/files\/2025\/09\/Majakka.jpg\" alt=\"\" class=\"wp-image-44\" style=\"width:299px;height:auto\" srcset=\"https:\/\/blog.edu.turku.fi\/kiinamylly-sv\/files\/2025\/09\/Majakka.jpg 794w, https:\/\/blog.edu.turku.fi\/kiinamylly-sv\/files\/2025\/09\/Majakka-233x300.jpg 233w, https:\/\/blog.edu.turku.fi\/kiinamylly-sv\/files\/2025\/09\/Majakka-768x990.jpg 768w\" sizes=\"auto, (max-width: 794px) 85vw, 794px\" \/><\/figure>\n","protected":false},"excerpt":{"rendered":"<p>Vi undervisar elever som g\u00e5r i f\u00f6r- och grundskolan.&nbsp; Vi f\u00f6ljer arbets- och lovtiderna f\u00f6r \u00c5bo stads skolor. V\u00e5ra arbetsformer: Avdelningarna:&nbsp;\u00c5UCS barn- och ungdomskliniken Vi finns i:Fyrsjukhuset Keramikfabriksgatan 5, \u00c5bo 52 A-hissen, 5. v\u00e5n L\u00e4rare:Gabriella&nbsp;Stenvall-Vihervuori 0401628071Maiju Syrj\u00e4l\u00e4 0401863528\u200b Skolg\u00e5ngshandledare:\u200bJanica Kiuru 0449074162<\/p>\n","protected":false},"author":9,"featured_media":0,"parent":0,"menu_order":0,"comment_status":"closed","ping_status":"closed","template":"","meta":{"footnotes":""},"class_list":["post-43","page","type-page","status-publish","hentry"],"_links":{"self":[{"href":"https:\/\/blog.edu.turku.fi\/kiinamylly-sv\/wp-json\/wp\/v2\/pages\/43","targetHints":{"allow":["GET"]}}],"collection":[{"href":"https:\/\/blog.edu.turku.fi\/kiinamylly-sv\/wp-json\/wp\/v2\/pages"}],"about":[{"href":"https:\/\/blog.edu.turku.fi\/kiinamylly-sv\/wp-json\/wp\/v2\/types\/page"}],"author":[{"embeddable":true,"href":"https:\/\/blog.edu.turku.fi\/kiinamylly-sv\/wp-json\/wp\/v2\/users\/9"}],"replies":[{"embeddable":true,"href":"https:\/\/blog.edu.turku.fi\/kiinamylly-sv\/wp-json\/wp\/v2\/comments?post=43"}],"version-history":[{"count":2,"href":"https:\/\/blog.edu.turku.fi\/kiinamylly-sv\/wp-json\/wp\/v2\/pages\/43\/revisions"}],"predecessor-version":[{"id":57,"href":"https:\/\/blog.edu.turku.fi\/kiinamylly-sv\/wp-json\/wp\/v2\/pages\/43\/revisions\/57"}],"wp:attachment":[{"href":"https:\/\/blog.edu.turku.fi\/kiinamylly-sv\/wp-json\/wp\/v2\/media?parent=43"}],"curies":[{"name":"wp","href":"https:\/\/api.w.org\/{rel}","templated":true}]}}