{"id":40,"date":"2025-09-09T10:46:40","date_gmt":"2025-09-09T07:46:40","guid":{"rendered":"https:\/\/blog.edu.turku.fi\/kiinamylly-sv\/?page_id=40"},"modified":"2025-09-24T10:16:33","modified_gmt":"2025-09-24T07:16:33","slug":"undervisning-vid-psykiatriska-avdelningen","status":"publish","type":"page","link":"https:\/\/blog.edu.turku.fi\/kiinamylly-sv\/undervisning-vid-psykiatriska-avdelningen\/","title":{"rendered":"Undervisning vid psykiatriska avdelningen"},"content":{"rendered":"\n<p>I avdelningsundervisningen inom barn- och ungdomspsykiatrin undervisas elever inom den psykiatriska avdelningsv\u00e5rden.<br>Avdelningsperiodens l\u00e4ngd och dagsprogram varierar elevvis. Eftersom elevernas skolg\u00e5ngsf\u00f6rm\u00e5ga och v\u00e5rdtid varierar, framskrider man individuellt under avdelningsperioden med h\u00e4nsyn till elevens m\u00e5ende och ork.<\/p>\n\n\n\n<p>Under avdelningsperioden samarbetar l\u00e4rarna p\u00e5 sjukhusskolan n\u00e4ra med v\u00e5rdpersonalen.<\/p>\n\n\n\n<p>N\u00e4r avdelningsperioden b\u00f6rjar, tar l\u00e4rarna p\u00e5 sjukhusskolan kontakt med elevens egen skola med v\u00e5rdnadshavarnas tillst\u00e5nd.<\/p>\n\n\n\n<p>I undervisningen anv\u00e4nds elevens egna l\u00e4rob\u00f6cker.<\/p>\n\n\n\n<p>L\u00e4rarna p\u00e5 sjukhusskolan deltar i de multiprofessionella n\u00e4tverk som ber\u00f6r eleven.<\/p>\n\n\n\n<p>Sjukhusskolperioden antecknas inte som fr\u00e5nvaro i elevens egen skola.<\/p>\n\n\n\n<p><strong>Undervisning vid barnpsykiatrisk avdelning, Datacity<\/strong><br>L\u00e4rare:<br>Anton Gustafsson 0406721043<br>Tiina Revonlahti 0449074385<\/p>\n\n\n\n<p>Skolg\u00e5ngshandledare: Heikkil\u00e4 Pirjo 0449074384<br>Vi finns i: Lemmink\u00e4isgatan 14-18 C 20520 Turku<\/p>\n","protected":false},"excerpt":{"rendered":"<p>I avdelningsundervisningen inom barn- och ungdomspsykiatrin undervisas elever inom den psykiatriska avdelningsv\u00e5rden.Avdelningsperiodens l\u00e4ngd och dagsprogram varierar elevvis. Eftersom elevernas skolg\u00e5ngsf\u00f6rm\u00e5ga och v\u00e5rdtid varierar, framskrider man individuellt under avdelningsperioden med h\u00e4nsyn till elevens m\u00e5ende och ork. Under avdelningsperioden samarbetar l\u00e4rarna p\u00e5 sjukhusskolan n\u00e4ra med v\u00e5rdpersonalen. N\u00e4r avdelningsperioden b\u00f6rjar, tar l\u00e4rarna p\u00e5 sjukhusskolan kontakt med elevens egen &hellip; <a href=\"https:\/\/blog.edu.turku.fi\/kiinamylly-sv\/undervisning-vid-psykiatriska-avdelningen\/\" class=\"more-link\">Jatka lukemista<span class=\"screen-reader-text\"> &#8221;Undervisning vid psykiatriska avdelningen&#8221;<\/span><\/a><\/p>\n","protected":false},"author":9,"featured_media":0,"parent":0,"menu_order":0,"comment_status":"closed","ping_status":"closed","template":"","meta":{"footnotes":""},"class_list":["post-40","page","type-page","status-publish","hentry"],"_links":{"self":[{"href":"https:\/\/blog.edu.turku.fi\/kiinamylly-sv\/wp-json\/wp\/v2\/pages\/40","targetHints":{"allow":["GET"]}}],"collection":[{"href":"https:\/\/blog.edu.turku.fi\/kiinamylly-sv\/wp-json\/wp\/v2\/pages"}],"about":[{"href":"https:\/\/blog.edu.turku.fi\/kiinamylly-sv\/wp-json\/wp\/v2\/types\/page"}],"author":[{"embeddable":true,"href":"https:\/\/blog.edu.turku.fi\/kiinamylly-sv\/wp-json\/wp\/v2\/users\/9"}],"replies":[{"embeddable":true,"href":"https:\/\/blog.edu.turku.fi\/kiinamylly-sv\/wp-json\/wp\/v2\/comments?post=40"}],"version-history":[{"count":3,"href":"https:\/\/blog.edu.turku.fi\/kiinamylly-sv\/wp-json\/wp\/v2\/pages\/40\/revisions"}],"predecessor-version":[{"id":56,"href":"https:\/\/blog.edu.turku.fi\/kiinamylly-sv\/wp-json\/wp\/v2\/pages\/40\/revisions\/56"}],"wp:attachment":[{"href":"https:\/\/blog.edu.turku.fi\/kiinamylly-sv\/wp-json\/wp\/v2\/media?parent=40"}],"curies":[{"name":"wp","href":"https:\/\/api.w.org\/{rel}","templated":true}]}}