{"id":37,"date":"2025-09-09T10:46:15","date_gmt":"2025-09-09T07:46:15","guid":{"rendered":"https:\/\/blog.edu.turku.fi\/kiinamylly-sv\/?page_id=37"},"modified":"2025-09-09T10:46:15","modified_gmt":"2025-09-09T07:46:15","slug":"undervisning-inom-oppenvarden","status":"publish","type":"page","link":"https:\/\/blog.edu.turku.fi\/kiinamylly-sv\/undervisning-inom-oppenvarden\/","title":{"rendered":"Undervisning inom \u00f6ppenv\u00e5rden"},"content":{"rendered":"\n<p><strong>Till vem?<\/strong><\/p>\n\n\n\n<p>Klassundervisning inom \u00f6ppenv\u00e5rden \u00e4r avsedd f\u00f6r elever vars skolg\u00e5ng har avbrutits eller riskerar att avbrytas. Ans\u00f6kan om en undervisningsplats inom \u00f6ppenv\u00e5rden g\u00f6rs av elevens skola, v\u00e5rd eller f\u00f6r\u00e4ldrar. Elever i klasser inom \u00f6ppenv\u00e5rden ska ha psykiatrisk v\u00e5rdkontakt inom \u00f6ppenv\u00e5rden. Undervisningsperioden inom \u00f6ppenv\u00e5rden varar i regel fr\u00e5n ett halvt \u00e5r till ett \u00e5r. Man kan ans\u00f6ka om att bli antagen som elev inom \u00f6ppenv\u00e5rden via konsultationsprocessen.<\/p>\n\n\n\n<p><strong>Skolg\u00e5ng som st\u00f6d f\u00f6r rehabilitering<\/strong><\/p>\n\n\n\n<p>I sjukhusskolan Kiinamyllyn koulu finns det klasser inom \u00f6ppenv\u00e5rden p\u00e5 \u00e5rskurserna 1\u20139 p\u00e5 finska och svenska. Undervisningen sker i sm\u00e5klasser, d\u00e4r ett team best\u00e5ende av specialklassl\u00e4rare och skolg\u00e5ngshandledare arbetar. I undervisningen inom \u00f6ppenv\u00e5rden arbetar ocks\u00e5 en skolpsykolog. Skolg\u00e5ngen planeras individuellt vid sidan av v\u00e5rden enligt elevens resurser och psykiska tillst\u00e5nd.<br>Eleven beh\u00e5ller sin skolplats i den egna skolan och han\/hon f\u00f6ljer den egna skolans l\u00e4roplan under sjukhusskolperioden. L\u00e4romedlen kommer fr\u00e5n egen skola. Den pedagogiska planeringen och bed\u00f6mningen g\u00f6rs i samarbete mellan sjukhusskolan och den egna skolan. Syftet med dessa \u00e5tg\u00e4rder \u00e4r att f\u00f6rbereda eleven att \u00e5terv\u00e4nda till sin egen skola.<\/p>\n\n\n\n<p><strong>N\u00e4tverkssamarbete<\/strong><\/p>\n\n\n\n<p>Under undervisningsperioden inom \u00f6ppenv\u00e5rden samarbetar man n\u00e4ra med det n\u00e4tverk som sk\u00f6ter elevens angel\u00e4genheter. Till n\u00e4tverket h\u00f6r bland annat den egna skolan, den psykiatriska v\u00e5rdinstansen, socialv\u00e4sendet och andra akt\u00f6rer som verkar i elevens angel\u00e4genheter. Under undervisningsperioden inom \u00f6ppenv\u00e5rden \u00e4r det minst tre n\u00e4tverksm\u00f6ten.<br>N\u00e4r undervisningsperioden inom \u00f6ppenv\u00e5rden n\u00e4rmar sig slutet, b\u00f6rjar man att anpassa eleven till \u00f6verg\u00e5ngen fr\u00e5n v\u00e5rd till sin egen skola, till studier p\u00e5 andra stadiet eller vid behov till n\u00e5gon annan undervisningsgrupp som l\u00e4mpar sig f\u00f6r eleven. Man f\u00f6rs\u00f6ker f\u00f6rbereda elevens \u00e5terv\u00e4ndo omsorgsfullt och l\u00e5ngsiktigt. \u00c5terv\u00e4ndo till egen skola eller \u00f6verg\u00e5ng till fortsatta studier sker med st\u00f6d av en vuxen vid sjukhusskolan.<\/p>\n\n\n\n<p>Kontaktuppgifter:<br>l\u00e5gstadie Lorenz Moulder 0401928834<br>l\u00e5gstadie Ronnie Willberg 0449074841<br>h\u00f6gstadie Daniela Sandell 0406550869<\/p>\n","protected":false},"excerpt":{"rendered":"<p>Till vem? Klassundervisning inom \u00f6ppenv\u00e5rden \u00e4r avsedd f\u00f6r elever vars skolg\u00e5ng har avbrutits eller riskerar att avbrytas. Ans\u00f6kan om en undervisningsplats inom \u00f6ppenv\u00e5rden g\u00f6rs av elevens skola, v\u00e5rd eller f\u00f6r\u00e4ldrar. Elever i klasser inom \u00f6ppenv\u00e5rden ska ha psykiatrisk v\u00e5rdkontakt inom \u00f6ppenv\u00e5rden. Undervisningsperioden inom \u00f6ppenv\u00e5rden varar i regel fr\u00e5n ett halvt \u00e5r till ett \u00e5r. Man &hellip; <a href=\"https:\/\/blog.edu.turku.fi\/kiinamylly-sv\/undervisning-inom-oppenvarden\/\" class=\"more-link\">Jatka lukemista<span class=\"screen-reader-text\"> &#8221;Undervisning inom \u00f6ppenv\u00e5rden&#8221;<\/span><\/a><\/p>\n","protected":false},"author":9,"featured_media":0,"parent":0,"menu_order":0,"comment_status":"closed","ping_status":"closed","template":"","meta":{"footnotes":""},"class_list":["post-37","page","type-page","status-publish","hentry"],"_links":{"self":[{"href":"https:\/\/blog.edu.turku.fi\/kiinamylly-sv\/wp-json\/wp\/v2\/pages\/37","targetHints":{"allow":["GET"]}}],"collection":[{"href":"https:\/\/blog.edu.turku.fi\/kiinamylly-sv\/wp-json\/wp\/v2\/pages"}],"about":[{"href":"https:\/\/blog.edu.turku.fi\/kiinamylly-sv\/wp-json\/wp\/v2\/types\/page"}],"author":[{"embeddable":true,"href":"https:\/\/blog.edu.turku.fi\/kiinamylly-sv\/wp-json\/wp\/v2\/users\/9"}],"replies":[{"embeddable":true,"href":"https:\/\/blog.edu.turku.fi\/kiinamylly-sv\/wp-json\/wp\/v2\/comments?post=37"}],"version-history":[{"count":1,"href":"https:\/\/blog.edu.turku.fi\/kiinamylly-sv\/wp-json\/wp\/v2\/pages\/37\/revisions"}],"predecessor-version":[{"id":39,"href":"https:\/\/blog.edu.turku.fi\/kiinamylly-sv\/wp-json\/wp\/v2\/pages\/37\/revisions\/39"}],"wp:attachment":[{"href":"https:\/\/blog.edu.turku.fi\/kiinamylly-sv\/wp-json\/wp\/v2\/media?parent=37"}],"curies":[{"name":"wp","href":"https:\/\/api.w.org\/{rel}","templated":true}]}}