{"id":29,"date":"2025-09-09T10:28:11","date_gmt":"2025-09-09T07:28:11","guid":{"rendered":"https:\/\/blog.edu.turku.fi\/kiinamylly-sv\/?page_id=29"},"modified":"2025-09-09T10:28:11","modified_gmt":"2025-09-09T07:28:11","slug":"registrerad-forening-rf-kiinamyllyn-koulun-ystavat","status":"publish","type":"page","link":"https:\/\/blog.edu.turku.fi\/kiinamylly-sv\/registrerad-forening-rf-kiinamyllyn-koulun-ystavat\/","title":{"rendered":"Registrerad f\u00f6rening rf Kiinamyllyn koulun yst\u00e4v\u00e4t"},"content":{"rendered":"\n<p>Registrerad f\u00f6rening rf Kiinamyllyn koulun yst\u00e4v\u00e4t ry \u00e4r skolans st\u00f6df\u00f6rening som grundades h\u00f6sten 2003. F\u00f6reningens syfte \u00e4r att \u00f6ka k\u00e4nnedomen om sjukhusundervisningen samt st\u00f6dja elevernas studier genom att erbjuda goda inl\u00e4rningserfarenheter och upplevelser b\u00e5de i skolan och i omv\u00e4rlden. Verksamheten genomf\u00f6rs bland annat genom olika utflykter, teater- och konsertbes\u00f6k samt med terapeutiska fritidsaktiviteter. F\u00f6reningen h\u00e5ller ocks\u00e5 kontakt med forskare inom branschen, personalen inom h\u00e4lso- och sjukv\u00e5rden och andra ber\u00f6rda samarbetsparter.<br>F\u00f6reningens stadgeenliga m\u00f6ten h\u00e5lls p\u00e5 v\u00e5ren och h\u00f6sten. Information om m\u00f6tena finns p\u00e5 den h\u00e4r webbplatsen.<\/p>\n\n\n\n<h2 class=\"wp-block-heading\">Hur kan du st\u00f6dja verksamheten hos registrerad f\u00f6rening rf Kiinamyllyn koulun yst\u00e4v\u00e4t ry?<\/h2>\n\n\n\n<p>\u2013 Du kan, om du vill, bli medlem i f\u00f6reningen och delta i organiseringen av verksamheten.<br>\u2013 Privatpersoner, f\u00f6retag och f\u00f6reningar kan ge donationer till f\u00f6reningens verksamhet.<\/p>\n","protected":false},"excerpt":{"rendered":"<p>Registrerad f\u00f6rening rf Kiinamyllyn koulun yst\u00e4v\u00e4t ry \u00e4r skolans st\u00f6df\u00f6rening som grundades h\u00f6sten 2003. F\u00f6reningens syfte \u00e4r att \u00f6ka k\u00e4nnedomen om sjukhusundervisningen samt st\u00f6dja elevernas studier genom att erbjuda goda inl\u00e4rningserfarenheter och upplevelser b\u00e5de i skolan och i omv\u00e4rlden. Verksamheten genomf\u00f6rs bland annat genom olika utflykter, teater- och konsertbes\u00f6k samt med terapeutiska fritidsaktiviteter. F\u00f6reningen h\u00e5ller &hellip; <a href=\"https:\/\/blog.edu.turku.fi\/kiinamylly-sv\/registrerad-forening-rf-kiinamyllyn-koulun-ystavat\/\" class=\"more-link\">Jatka lukemista<span class=\"screen-reader-text\"> &#8221;Registrerad f\u00f6rening rf Kiinamyllyn koulun yst\u00e4v\u00e4t&#8221;<\/span><\/a><\/p>\n","protected":false},"author":9,"featured_media":0,"parent":0,"menu_order":0,"comment_status":"closed","ping_status":"closed","template":"","meta":{"footnotes":""},"class_list":["post-29","page","type-page","status-publish","hentry"],"_links":{"self":[{"href":"https:\/\/blog.edu.turku.fi\/kiinamylly-sv\/wp-json\/wp\/v2\/pages\/29","targetHints":{"allow":["GET"]}}],"collection":[{"href":"https:\/\/blog.edu.turku.fi\/kiinamylly-sv\/wp-json\/wp\/v2\/pages"}],"about":[{"href":"https:\/\/blog.edu.turku.fi\/kiinamylly-sv\/wp-json\/wp\/v2\/types\/page"}],"author":[{"embeddable":true,"href":"https:\/\/blog.edu.turku.fi\/kiinamylly-sv\/wp-json\/wp\/v2\/users\/9"}],"replies":[{"embeddable":true,"href":"https:\/\/blog.edu.turku.fi\/kiinamylly-sv\/wp-json\/wp\/v2\/comments?post=29"}],"version-history":[{"count":1,"href":"https:\/\/blog.edu.turku.fi\/kiinamylly-sv\/wp-json\/wp\/v2\/pages\/29\/revisions"}],"predecessor-version":[{"id":31,"href":"https:\/\/blog.edu.turku.fi\/kiinamylly-sv\/wp-json\/wp\/v2\/pages\/29\/revisions\/31"}],"wp:attachment":[{"href":"https:\/\/blog.edu.turku.fi\/kiinamylly-sv\/wp-json\/wp\/v2\/media?parent=29"}],"curies":[{"name":"wp","href":"https:\/\/api.w.org\/{rel}","templated":true}]}}