{"id":26,"date":"2025-09-09T10:27:32","date_gmt":"2025-09-09T07:27:32","guid":{"rendered":"https:\/\/blog.edu.turku.fi\/kiinamylly-sv\/?page_id=26"},"modified":"2025-09-09T10:27:32","modified_gmt":"2025-09-09T07:27:32","slug":"ingangssida","status":"publish","type":"page","link":"https:\/\/blog.edu.turku.fi\/kiinamylly-sv\/","title":{"rendered":"Ing\u00e5ngssida"},"content":{"rendered":"\n<p>F\u00f6r elever i f\u00f6rskoleundervisning eller grundl\u00e4ggande utbildning intagna f\u00f6r specialiserad sjukv\u00e5rd ges undervisning som har som m\u00e5l att uppr\u00e4tth\u00e5lla l\u00e4randet och skolg\u00e5ngen och att genom en allomfattande rehabilitering st\u00f6dja m\u00e5len f\u00f6r den v\u00e5rd som eleven f\u00e5r. Den kommun d\u00e4r sjukhuset finns \u00e4r skyldig att f\u00f6r elever som \u00e4r patienter p\u00e5 sjukhuset ordna undervisning. \u00c4ven f\u00f6r andra elever i specialiserad sjukv\u00e5rd ska ordnas undervisning i den omfattning detta \u00e4r motiverat med beaktande av elevens h\u00e4lsa, pedagogiska specialbehov och terapeutiska och rehabiliterande \u00e5tg\u00e4rder inom den specialiserade sjukv\u00e5rden, om det inte trots st\u00f6d\u00e5tg\u00e4rder \u00e4r till elevens f\u00f6rdel att undervisningen ordnas p\u00e5 n\u00e5got annat s\u00e4tt.<\/p>\n\n\n\n<p>Sjukhusskolan&nbsp;<strong>Kiinamyllyn koulu<\/strong>, som lyder under undervisningsv\u00e4sendet i \u00c5bo, ansvarar f\u00f6r sjukhusundervisning inom \u00c5UCS barn- och ungdomskliniken samt barn- och ungdomspsykiatrin. Eleverna kommer fr\u00e5n kommuner inom Egentliga Finlands v\u00e4lf\u00e4rdsomr\u00e5de. F\u00f6rutom de elever som v\u00e5rdas p\u00e5 sjukhus undervisar v\u00e5r skola elever inom den psykiatriska \u00f6ppenv\u00e5rden, vars skolg\u00e5ng har avbrutits eller riskerar att avbrytas p\u00e5 grund av psykiska problem.<\/p>\n","protected":false},"excerpt":{"rendered":"<p>F\u00f6r elever i f\u00f6rskoleundervisning eller grundl\u00e4ggande utbildning intagna f\u00f6r specialiserad sjukv\u00e5rd ges undervisning som har som m\u00e5l att uppr\u00e4tth\u00e5lla l\u00e4randet och skolg\u00e5ngen och att genom en allomfattande rehabilitering st\u00f6dja m\u00e5len f\u00f6r den v\u00e5rd som eleven f\u00e5r. Den kommun d\u00e4r sjukhuset finns \u00e4r skyldig att f\u00f6r elever som \u00e4r patienter p\u00e5 sjukhuset ordna undervisning. \u00c4ven f\u00f6r &hellip; <a href=\"https:\/\/blog.edu.turku.fi\/kiinamylly-sv\/\" class=\"more-link\">Jatka lukemista<span class=\"screen-reader-text\"> &#8221;Ing\u00e5ngssida&#8221;<\/span><\/a><\/p>\n","protected":false},"author":9,"featured_media":0,"parent":0,"menu_order":0,"comment_status":"closed","ping_status":"closed","template":"","meta":{"footnotes":""},"class_list":["post-26","page","type-page","status-publish","hentry"],"_links":{"self":[{"href":"https:\/\/blog.edu.turku.fi\/kiinamylly-sv\/wp-json\/wp\/v2\/pages\/26","targetHints":{"allow":["GET"]}}],"collection":[{"href":"https:\/\/blog.edu.turku.fi\/kiinamylly-sv\/wp-json\/wp\/v2\/pages"}],"about":[{"href":"https:\/\/blog.edu.turku.fi\/kiinamylly-sv\/wp-json\/wp\/v2\/types\/page"}],"author":[{"embeddable":true,"href":"https:\/\/blog.edu.turku.fi\/kiinamylly-sv\/wp-json\/wp\/v2\/users\/9"}],"replies":[{"embeddable":true,"href":"https:\/\/blog.edu.turku.fi\/kiinamylly-sv\/wp-json\/wp\/v2\/comments?post=26"}],"version-history":[{"count":1,"href":"https:\/\/blog.edu.turku.fi\/kiinamylly-sv\/wp-json\/wp\/v2\/pages\/26\/revisions"}],"predecessor-version":[{"id":28,"href":"https:\/\/blog.edu.turku.fi\/kiinamylly-sv\/wp-json\/wp\/v2\/pages\/26\/revisions\/28"}],"wp:attachment":[{"href":"https:\/\/blog.edu.turku.fi\/kiinamylly-sv\/wp-json\/wp\/v2\/media?parent=26"}],"curies":[{"name":"wp","href":"https:\/\/api.w.org\/{rel}","templated":true}]}}