{"id":17,"date":"2025-09-09T10:24:31","date_gmt":"2025-09-09T07:24:31","guid":{"rendered":"https:\/\/blog.edu.turku.fi\/kiinamylly-sv\/?page_id=17"},"modified":"2025-09-25T10:01:15","modified_gmt":"2025-09-25T07:01:15","slug":"kontaktuppgifter","status":"publish","type":"page","link":"https:\/\/blog.edu.turku.fi\/kiinamylly-sv\/kontaktuppgifter\/","title":{"rendered":"Kontaktuppgifter"},"content":{"rendered":"\n<p><strong>Administration<\/strong><\/p>\n\n\n\n<figure class=\"wp-block-table\"><table class=\"has-fixed-layout\"><tbody><tr><td>Skolf\u00f6rest\u00e5ndare<\/td><td>Juha-Pekka Mynttinen<\/td><td>0404808511<\/td><\/tr><tr><td>Bitr\u00e4dande skolf\u00f6rest\u00e5ndare<\/td><td>Tiina Revonlahti<\/td><td>0449074385<\/td><\/tr><tr><td>Skolsekreterare<\/td><td>Pia Puraja<\/td><td>0401947051<\/td><\/tr><\/tbody><\/table><\/figure>\n\n\n\n<p><strong>L\u00e4rare<\/strong><\/p>\n\n\n\n<figure class=\"wp-block-table\"><table class=\"has-fixed-layout\"><tbody><tr><td>Aaltola Anniina<\/td><td>0449074684<\/td><\/tr><tr><td>Ahlb\u00e4ck Minna<\/td><td>0449074680<\/td><\/tr><tr><td>Byskata Johanna<\/td><td>0401795411<\/td><\/tr><tr><td>Ekqvist Niina<\/td><td>0449074681<\/td><\/tr><tr><td>Gustafsson Anton<\/td><td>0406721043<\/td><\/tr><tr><td>Holma-Kirstil\u00e4 P\u00e4lvi<\/td><td>0401939798<\/td><\/tr><tr><td>Irmola Taina<\/td><td>0407050849<\/td><\/tr><tr><td>Kallio Tarja<\/td><td>0449074682<\/td><\/tr><tr><td>Kaunisto Heikki<\/td><td>0404878289<\/td><\/tr><tr><td>Laur\u00e9n-Knuutila Tiina<\/td><td>0449074438<\/td><\/tr><tr><td>Liski Heli<\/td><td>0504071521<\/td><\/tr><tr><td>Moulder Lorenz<\/td><td>0401928834<\/td><\/tr><tr><td>Oja Pilke<\/td><td>0449074681<\/td><\/tr><tr><td>Revonlahti Tiina<\/td><td>0449074385<\/td><\/tr><tr><td>Salminen Alexa<\/td><td>0406288045<\/td><\/tr><tr><td>Sandell Daniela<\/td><td>0406550869<\/td><\/tr><tr><td>Stenvall-Vihervuori Gabriella<\/td><td>0401628071<\/td><\/tr><tr><td>Syrj\u00e4l\u00e4 Maiju<\/td><td>0401863528<\/td><\/tr><tr><td>V\u00e4is\u00e4nen Johanna<\/td><td>0449075603<\/td><\/tr><\/tbody><\/table><\/figure>\n\n\n\n<p><strong>Skolg\u00e5ngshandledare<\/strong><\/p>\n\n\n\n<figure class=\"wp-block-table\"><table class=\"has-fixed-layout\"><tbody><tr><td>Heikkil\u00e4 Pirjo<\/td><td>0449074384<\/td><\/tr><tr><td>Jyre-Myllyl\u00e4 Helj\u00e4<\/td><td>0504323708<\/td><\/tr><tr><td>Kiuru Janica<\/td><td>0449074162<\/td><\/tr><tr><td>Lehtonen Tiina<\/td><td>0449074211<\/td><\/tr><tr><td>Malka Susanna<\/td><td>0401856791<\/td><\/tr><tr><td>M\u00e4kivaara Jade<\/td><td>0444913213<\/td><\/tr><tr><td>Opacic Sharon<\/td><td>0444916226<\/td><\/tr><tr><td>Rytk\u00f6nen Joona<\/td><td>0449021286<\/td><\/tr><tr><td>Uusitalo Hanna<\/td><td>0401395573<\/td><\/tr><tr><td>Vainio Jenny<\/td><td>0405416279<\/td><\/tr><tr><td>V\u00e4h\u00e4nikkil\u00e4 Teija<\/td><td>0405438176<\/td><\/tr><tr><td>Willberg Ronnie<\/td><td>0449074841<\/td><\/tr><\/tbody><\/table><\/figure>\n\n\n\n<p><strong>\u00d6vrig personal<\/strong><\/p>\n\n\n\n<figure class=\"wp-block-table\"><table class=\"has-fixed-layout\"><tbody><tr><td>Skolpsykolog<\/td><td>Hilakari Raisa<\/td><td>0447509245<\/td><\/tr><tr><td>Skolh\u00e4lsov\u00e5rdare<\/td><td>Egutkina Julia<\/td><td>0449073229<\/td><\/tr><tr><td>Skolkurator<\/td><td>Harjunp\u00e4\u00e4 Marina<\/td><td>0406210714<\/td><\/tr><\/tbody><\/table><\/figure>\n\n\n\n<p><strong>Postaddress:<\/strong>&nbsp;Lemmink\u00e4isgatan 14-18 C 20520 \u00c5bo e-postaddress: fornamn.efternamn@edu.turku.fi.<\/p>\n\n\n\n<p><strong>Verksamhetsst\u00e4llernas adresser:<br>Datacity<\/strong>&nbsp;Lemmink\u00e4isgatan 14-18 C 20520 \u00c5bo<\/p>\n\n\n\n<p><strong>Joukahainengatans enhet&nbsp;<\/strong>Joukahainengatan 1 (1.v\u00e5n.)&nbsp; 20520 \u00c5bo<\/p>\n\n\n\n<p><strong>Ungdomspsykiatriska avdelning&nbsp;<\/strong>Kommunalsjukhusv\u00e4gen 20 byggnad 4 B, 2. v\u00e5n.<br>PL 52 20701 \u00c5bo<\/p>\n\n\n\n<p><strong>Fyrsjukhus&nbsp;<\/strong>Keramikfabriksgatan 5 A, 5. v\u00e5n.<br>PL52 20521 \u00c5bo<\/p>\n","protected":false},"excerpt":{"rendered":"<p>Administration Skolf\u00f6rest\u00e5ndare Juha-Pekka Mynttinen 0404808511 Bitr\u00e4dande skolf\u00f6rest\u00e5ndare Tiina Revonlahti 0449074385 Skolsekreterare Pia Puraja 0401947051 L\u00e4rare Aaltola Anniina 0449074684 Ahlb\u00e4ck Minna 0449074680 Byskata Johanna 0401795411 Ekqvist Niina 0449074681 Gustafsson Anton 0406721043 Holma-Kirstil\u00e4 P\u00e4lvi 0401939798 Irmola Taina 0407050849 Kallio Tarja 0449074682 Kaunisto Heikki 0404878289 Laur\u00e9n-Knuutila Tiina 0449074438 Liski Heli 0504071521 Moulder Lorenz 0401928834 Oja Pilke 0449074681 Revonlahti &hellip; <a href=\"https:\/\/blog.edu.turku.fi\/kiinamylly-sv\/kontaktuppgifter\/\" class=\"more-link\">Jatka lukemista<span class=\"screen-reader-text\"> &#8221;Kontaktuppgifter&#8221;<\/span><\/a><\/p>\n","protected":false},"author":9,"featured_media":0,"parent":0,"menu_order":0,"comment_status":"closed","ping_status":"closed","template":"","meta":{"footnotes":""},"class_list":["post-17","page","type-page","status-publish","hentry"],"_links":{"self":[{"href":"https:\/\/blog.edu.turku.fi\/kiinamylly-sv\/wp-json\/wp\/v2\/pages\/17","targetHints":{"allow":["GET"]}}],"collection":[{"href":"https:\/\/blog.edu.turku.fi\/kiinamylly-sv\/wp-json\/wp\/v2\/pages"}],"about":[{"href":"https:\/\/blog.edu.turku.fi\/kiinamylly-sv\/wp-json\/wp\/v2\/types\/page"}],"author":[{"embeddable":true,"href":"https:\/\/blog.edu.turku.fi\/kiinamylly-sv\/wp-json\/wp\/v2\/users\/9"}],"replies":[{"embeddable":true,"href":"https:\/\/blog.edu.turku.fi\/kiinamylly-sv\/wp-json\/wp\/v2\/comments?post=17"}],"version-history":[{"count":4,"href":"https:\/\/blog.edu.turku.fi\/kiinamylly-sv\/wp-json\/wp\/v2\/pages\/17\/revisions"}],"predecessor-version":[{"id":65,"href":"https:\/\/blog.edu.turku.fi\/kiinamylly-sv\/wp-json\/wp\/v2\/pages\/17\/revisions\/65"}],"wp:attachment":[{"href":"https:\/\/blog.edu.turku.fi\/kiinamylly-sv\/wp-json\/wp\/v2\/media?parent=17"}],"curies":[{"name":"wp","href":"https:\/\/api.w.org\/{rel}","templated":true}]}}