{"id":14,"date":"2025-09-09T10:23:17","date_gmt":"2025-09-09T07:23:17","guid":{"rendered":"https:\/\/blog.edu.turku.fi\/kiinamylly-sv\/?page_id=14"},"modified":"2025-09-24T10:21:03","modified_gmt":"2025-09-24T07:21:03","slug":"konsultation","status":"publish","type":"page","link":"https:\/\/blog.edu.turku.fi\/kiinamylly-sv\/konsultation\/","title":{"rendered":"Konsultation"},"content":{"rendered":"\n<p>Sjukhusskolan Kiinamyllyn koulu erbjuder handledning och konsultation inom Egentliga Finlands v\u00e4lf\u00e4rdsomr\u00e5de. Konsultations- och handledningstj\u00e4nster tillhandah\u00e5lls barn och unga i den grundl\u00e4ggande utbildningen som omfattas av specialiserad sjukv\u00e5rd. Konsultationsbeg\u00e4ran kan g\u00f6ras av v\u00e5rdgivaren, skolan eller socialv\u00e4sendet. Kontakten kan ocks\u00e5 komma fr\u00e5n v\u00e5rdnadshavaren. Man ska alltid ha tillst\u00e5nd till konsultation som getts av barnets eller den unga personens v\u00e5rdnadshavare.<br>Handlednings- och konsultationsarbetet ing\u00e5r i tj\u00e4nsterna vid sjukhusskolan Kiinamyllyn koulu. Av kommunerna utanf\u00f6r \u00c5bo tas det betalt f\u00f6r arbetstagarens resekostnader.<br>M\u00e5let med handlednings- och konsultationsarbetet \u00e4r att st\u00f6dja elevens skolg\u00e5ng och att fr\u00e5n fall till fall hitta st\u00f6dformer som passar situationen i samarbete med elevens n\u00e4tverk.<\/p>\n\n\n\n<figure class=\"wp-block-image size-large\"><img loading=\"lazy\" decoding=\"async\" width=\"1024\" height=\"444\" src=\"https:\/\/blog.edu.turku.fi\/kiinamylly-sv\/files\/2025\/09\/prosessikuva-18.8.25-1024x444.jpg\" alt=\"\" class=\"wp-image-15\" srcset=\"https:\/\/blog.edu.turku.fi\/kiinamylly-sv\/files\/2025\/09\/prosessikuva-18.8.25.jpg 1024w, https:\/\/blog.edu.turku.fi\/kiinamylly-sv\/files\/2025\/09\/prosessikuva-18.8.25-300x130.jpg 300w\" sizes=\"auto, (max-width: 709px) 85vw, (max-width: 909px) 67vw, (max-width: 1362px) 62vw, 840px\" \/><\/figure>\n\n\n\n<p><a href=\"https:\/\/blog.edu.turku.fi\/%22https:\/\/blog.edu.turku.fi\/kiinamylly\/fi\/oppilaaksiottoprosessi\/\/%22\"><strong>Ans\u00f6kan om en elevplats inom \u00f6ppenv\u00e5rden<\/strong><\/a>&nbsp;sker genom konsultation.<br>Konsultativt&nbsp;<strong>bakgrundsarbete och en kartl\u00e4ggning av situationen<\/strong>&nbsp;betyder kontakt med akt\u00f6rer runt eleven (f\u00f6r\u00e4ldrar, skola, v\u00e5rd, socialv\u00e4sendet och dylikt.)<\/p>\n\n\n\n<p>Det konsultativa&nbsp;<strong>arbetet<\/strong>&nbsp;inneb\u00e4r en m\u00e5ngsidig och omfattande granskning av elevens situation och s\u00f6kande efter alternativa verksamhetsmodeller samt \u00f6kad f\u00f6rst\u00e5else i elevens angel\u00e4genheter. Arbetsformerna omfattar skolbes\u00f6k, m\u00f6ten mellan elev och familj, m\u00f6ten mellan sektors\u00f6vergripande expertgrupper (MAR-m\u00f6ten) och n\u00e4tverk.<\/p>\n\n\n\n<p>Konsultationsf\u00f6rfr\u00e5gningar via e-post:<\/p>\n\n\n\n<p>L\u00e5gstadie: Minna Ahlb\u00e4ck<br>H\u00f6gstadie: Niina Ekqvist<br>Nepsy: P\u00e4lvi Holma-Kirstil\u00e4<\/p>\n\n\n\n<p>e-post: fornamn.efternamn@edu.turku.fi<\/p>\n","protected":false},"excerpt":{"rendered":"<p>Sjukhusskolan Kiinamyllyn koulu erbjuder handledning och konsultation inom Egentliga Finlands v\u00e4lf\u00e4rdsomr\u00e5de. Konsultations- och handledningstj\u00e4nster tillhandah\u00e5lls barn och unga i den grundl\u00e4ggande utbildningen som omfattas av specialiserad sjukv\u00e5rd. Konsultationsbeg\u00e4ran kan g\u00f6ras av v\u00e5rdgivaren, skolan eller socialv\u00e4sendet. Kontakten kan ocks\u00e5 komma fr\u00e5n v\u00e5rdnadshavaren. Man ska alltid ha tillst\u00e5nd till konsultation som getts av barnets eller den unga &hellip; <a href=\"https:\/\/blog.edu.turku.fi\/kiinamylly-sv\/konsultation\/\" class=\"more-link\">Jatka lukemista<span class=\"screen-reader-text\"> &#8221;Konsultation&#8221;<\/span><\/a><\/p>\n","protected":false},"author":9,"featured_media":0,"parent":0,"menu_order":0,"comment_status":"closed","ping_status":"closed","template":"","meta":{"footnotes":""},"class_list":["post-14","page","type-page","status-publish","hentry"],"_links":{"self":[{"href":"https:\/\/blog.edu.turku.fi\/kiinamylly-sv\/wp-json\/wp\/v2\/pages\/14","targetHints":{"allow":["GET"]}}],"collection":[{"href":"https:\/\/blog.edu.turku.fi\/kiinamylly-sv\/wp-json\/wp\/v2\/pages"}],"about":[{"href":"https:\/\/blog.edu.turku.fi\/kiinamylly-sv\/wp-json\/wp\/v2\/types\/page"}],"author":[{"embeddable":true,"href":"https:\/\/blog.edu.turku.fi\/kiinamylly-sv\/wp-json\/wp\/v2\/users\/9"}],"replies":[{"embeddable":true,"href":"https:\/\/blog.edu.turku.fi\/kiinamylly-sv\/wp-json\/wp\/v2\/comments?post=14"}],"version-history":[{"count":2,"href":"https:\/\/blog.edu.turku.fi\/kiinamylly-sv\/wp-json\/wp\/v2\/pages\/14\/revisions"}],"predecessor-version":[{"id":60,"href":"https:\/\/blog.edu.turku.fi\/kiinamylly-sv\/wp-json\/wp\/v2\/pages\/14\/revisions\/60"}],"wp:attachment":[{"href":"https:\/\/blog.edu.turku.fi\/kiinamylly-sv\/wp-json\/wp\/v2\/media?parent=14"}],"curies":[{"name":"wp","href":"https:\/\/api.w.org\/{rel}","templated":true}]}}