{"id":900,"date":"2019-02-14T15:09:29","date_gmt":"2019-02-14T13:09:29","guid":{"rendered":"https:\/\/blog.edu.turku.fi\/kielivirta\/?page_id=900"},"modified":"2019-05-08T12:29:28","modified_gmt":"2019-05-08T09:29:28","slug":"kielikarnevaali-30-4-2019-ylakoulu","status":"publish","type":"page","link":"https:\/\/blog.edu.turku.fi\/kielivirta\/?page_id=900","title":{"rendered":"Kielikarnevaali 30.4.2019 &#8211; yl\u00e4koulu"},"content":{"rendered":"<p>Yl\u00e4koulun Kielikarnevaali j\u00e4rjestettiin vapun aattona 30.4. <span dir=\"ltr\">Ty\u00f6v\u00e4enopiston ja Luostarivuoren koulun alueella. Oppilaat osallistuivat tapahtuman aikana 3-4 ty\u00f6pajaan ja he liikkuivat pajasta toiseen omina luokkinaan. Tapahtuma-aikana oppilaat pelasivat my\u00f6s omissa joukkueissaan SEPPO-peli\u00e4.<\/span><\/p>\n<p>Yl\u00e4koulun ty\u00f6pajoina oli mm. Language of Magic, Language of rythm\/Rytmin kieli, Language of the dance\/Tanssin kieli, Language of an image\/Kuvan kieli ja Speaking without words\/Kehon kieli.<\/p>\n<p><img loading=\"lazy\" decoding=\"async\" class=\"wp-image-1006 size-large alignnone\" src=\"https:\/\/blog.edu.turku.fi\/kielivirta\/files\/2019\/05\/IMG_20190430_094438-1024x768.jpg\" alt=\"\" width=\"1024\" height=\"768\" srcset=\"https:\/\/blog.edu.turku.fi\/kielivirta\/files\/2019\/05\/IMG_20190430_094438-1024x768.jpg 1024w, https:\/\/blog.edu.turku.fi\/kielivirta\/files\/2019\/05\/IMG_20190430_094438-200x150.jpg 200w, https:\/\/blog.edu.turku.fi\/kielivirta\/files\/2019\/05\/IMG_20190430_094438-300x225.jpg 300w, https:\/\/blog.edu.turku.fi\/kielivirta\/files\/2019\/05\/IMG_20190430_094438.jpg 2048w\" sizes=\"auto, (max-width: 767px) 89vw, (max-width: 1000px) 54vw, (max-width: 1071px) 543px, 580px\" \/><\/p>\n<p>Yl\u00e4koulun Kielikarnevaalista valmistui oppilasvoimin videokooste.<\/p>\n<p><iframe loading=\"lazy\" title=\"Kielikarnevaali 2019 yl\u00e4koulu\" width=\"525\" height=\"295\" src=\"https:\/\/www.youtube.com\/embed\/fz3ItfNH-UU?feature=oembed\" frameborder=\"0\" allow=\"accelerometer; autoplay; clipboard-write; encrypted-media; gyroscope; picture-in-picture; web-share\" referrerpolicy=\"strict-origin-when-cross-origin\" allowfullscreen><\/iframe><\/p>\n<p style=\"text-align: center\"><strong>Kiitos! Tack! Thank you! Merci! Danke! \u0421\u043f\u0430\u0441\u0438\u0431\u043e!<\/strong><\/p>\n","protected":false},"excerpt":{"rendered":"<p>Yl\u00e4koulun Kielikarnevaali j\u00e4rjestettiin vapun aattona 30.4. Ty\u00f6v\u00e4enopiston ja Luostarivuoren koulun alueella. Oppilaat osallistuivat tapahtuman aikana 3-4 ty\u00f6pajaan ja he liikkuivat pajasta toiseen omina luokkinaan. Tapahtuma-aikana oppilaat pelasivat my\u00f6s omissa joukkueissaan SEPPO-peli\u00e4. Yl\u00e4koulun ty\u00f6pajoina oli mm. Language of Magic, Language of rythm\/Rytmin kieli, Language of the dance\/Tanssin kieli, Language of an image\/Kuvan kieli ja Speaking without &hellip; <\/p>\n<p class=\"link-more\"><a href=\"https:\/\/blog.edu.turku.fi\/kielivirta\/?page_id=900\" class=\"more-link\">Jatka lukemista<span class=\"screen-reader-text\"> &#8221;Kielikarnevaali 30.4.2019 &#8211; yl\u00e4koulu&#8221;<\/span><\/a><\/p>\n","protected":false},"author":2465,"featured_media":0,"parent":344,"menu_order":5,"comment_status":"closed","ping_status":"closed","template":"","meta":{"footnotes":""},"class_list":["post-900","page","type-page","status-publish","hentry"],"_links":{"self":[{"href":"https:\/\/blog.edu.turku.fi\/kielivirta\/index.php?rest_route=\/wp\/v2\/pages\/900","targetHints":{"allow":["GET"]}}],"collection":[{"href":"https:\/\/blog.edu.turku.fi\/kielivirta\/index.php?rest_route=\/wp\/v2\/pages"}],"about":[{"href":"https:\/\/blog.edu.turku.fi\/kielivirta\/index.php?rest_route=\/wp\/v2\/types\/page"}],"author":[{"embeddable":true,"href":"https:\/\/blog.edu.turku.fi\/kielivirta\/index.php?rest_route=\/wp\/v2\/users\/2465"}],"replies":[{"embeddable":true,"href":"https:\/\/blog.edu.turku.fi\/kielivirta\/index.php?rest_route=%2Fwp%2Fv2%2Fcomments&post=900"}],"version-history":[{"count":7,"href":"https:\/\/blog.edu.turku.fi\/kielivirta\/index.php?rest_route=\/wp\/v2\/pages\/900\/revisions"}],"predecessor-version":[{"id":1015,"href":"https:\/\/blog.edu.turku.fi\/kielivirta\/index.php?rest_route=\/wp\/v2\/pages\/900\/revisions\/1015"}],"up":[{"embeddable":true,"href":"https:\/\/blog.edu.turku.fi\/kielivirta\/index.php?rest_route=\/wp\/v2\/pages\/344"}],"wp:attachment":[{"href":"https:\/\/blog.edu.turku.fi\/kielivirta\/index.php?rest_route=%2Fwp%2Fv2%2Fmedia&parent=900"}],"curies":[{"name":"wp","href":"https:\/\/api.w.org\/{rel}","templated":true}]}}