{"id":880,"date":"2019-01-31T15:20:53","date_gmt":"2019-01-31T13:20:53","guid":{"rendered":"https:\/\/blog.edu.turku.fi\/kielivirta\/?page_id=880"},"modified":"2019-05-01T17:02:04","modified_gmt":"2019-05-01T14:02:04","slug":"kielikarnevaali-11-4-2019-3","status":"publish","type":"page","link":"https:\/\/blog.edu.turku.fi\/kielivirta\/?page_id=880","title":{"rendered":"Kielikarnevaali 11.4.2019 &#8211; alakoulu"},"content":{"rendered":"<div class=\"entry-content\">\n<p><img loading=\"lazy\" decoding=\"async\" class=\"size-medium wp-image-892 alignleft\" src=\"https:\/\/blog.edu.turku.fi\/kielivirta\/files\/2019\/02\/juliste-239x300.jpg\" alt=\"\" width=\"239\" height=\"300\" srcset=\"https:\/\/blog.edu.turku.fi\/kielivirta\/files\/2019\/02\/juliste-239x300.jpg 239w, https:\/\/blog.edu.turku.fi\/kielivirta\/files\/2019\/02\/juliste-159x200.jpg 159w, https:\/\/blog.edu.turku.fi\/kielivirta\/files\/2019\/02\/juliste.jpg 640w\" sizes=\"auto, (max-width: 239px) 100vw, 239px\" \/>Kielellisist\u00e4 leikki\u00e4 ja toimintaa Kupittaan urheiluhallissa to 11.4. 2019.<\/p>\n<p>Turun Kielivirta kokosi 11.4.2019 jo kolmatta kertaa Turun seudun kieliluokkien alakoululaiset Kielikarnevaali-tapahtumaan! Turun urheiluhallissa j\u00e4rjestettyyn karnevaalip\u00e4iv\u00e4\u00e4n osallistui kaiken kaikkiaan yli 1 000 oppilasta ja opettajaa!<\/p>\n<p><strong>1-2 -luokkien<\/strong> toiminnasta vastasi Turun yliopiston kieltenopiskelijat, kiitos kaikille kielirastitoimintaan osallistuneille!<\/p>\n<\/div>\n<p><strong>3-6 -luokkien<\/strong> oppilaat pelasivat SEPPO-peli\u00e4. Joukkueet p\u00e4rj\u00e4siv\u00e4t hienosti, urheiluhallissa oli melkoinen kuhina ja suhina! Kiitos SEPPO-pelin tuomareina toimineet Topeliuksen koulun 8-9 -luokkalaiset, SEPPO-toimijat sek\u00e4 natiivit!<\/p>\n<p>ISO kiitos osallistujille, j\u00e4rjest\u00e4jille sek\u00e4 yhteisty\u00f6kumppaneille. Teimme yhdess\u00e4 j\u00e4lleen kerran ikimuistoisen Kielikarnevaalin!<\/p>\n<p>Alakoulun Kielikarnevaalista on valmistunut my\u00f6s <a href=\"https:\/\/www.youtube.com\/watch?v=uYEPqx4IRNc\">videokooste<\/a>.<\/p>\n<p><iframe loading=\"lazy\" title=\"Kielikarnevaali 2019\" width=\"525\" height=\"295\" src=\"https:\/\/www.youtube.com\/embed\/uYEPqx4IRNc?feature=oembed\" frameborder=\"0\" allow=\"accelerometer; autoplay; clipboard-write; encrypted-media; gyroscope; picture-in-picture; web-share\" referrerpolicy=\"strict-origin-when-cross-origin\" allowfullscreen><\/iframe><\/p>\n<figure id=\"attachment_1010\" aria-describedby=\"caption-attachment-1010\" style=\"width: 225px\" class=\"wp-caption aligncenter\"><img loading=\"lazy\" decoding=\"async\" class=\"size-medium wp-image-1010\" src=\"https:\/\/blog.edu.turku.fi\/kielivirta\/files\/2019\/05\/Sanna-Pikke-ja-Henrik-225x300.jpg\" alt=\"\" width=\"225\" height=\"300\" srcset=\"https:\/\/blog.edu.turku.fi\/kielivirta\/files\/2019\/05\/Sanna-Pikke-ja-Henrik-225x300.jpg 225w, https:\/\/blog.edu.turku.fi\/kielivirta\/files\/2019\/05\/Sanna-Pikke-ja-Henrik-150x200.jpg 150w, https:\/\/blog.edu.turku.fi\/kielivirta\/files\/2019\/05\/Sanna-Pikke-ja-Henrik-768x1024.jpg 768w, https:\/\/blog.edu.turku.fi\/kielivirta\/files\/2019\/05\/Sanna-Pikke-ja-Henrik.jpg 1536w\" sizes=\"auto, (max-width: 225px) 100vw, 225px\" \/><figcaption id=\"caption-attachment-1010\" class=\"wp-caption-text\">J\u00e4rjestelytiimin vet\u00e4j\u00e4t kiitt\u00e4\u00e4 ja kuittaa! (Sanna, Henrik ja Pikke)<\/figcaption><\/figure>\n<p style=\"text-align: center\"><strong>Kiitos! Tack! Thank you! Merci! Danke! \u0421\u043f\u0430\u0441\u0438\u0431\u043e!<\/strong><\/p>\n","protected":false},"excerpt":{"rendered":"<p>Kielellisist\u00e4 leikki\u00e4 ja toimintaa Kupittaan urheiluhallissa to 11.4. 2019. Turun Kielivirta kokosi 11.4.2019 jo kolmatta kertaa Turun seudun kieliluokkien alakoululaiset Kielikarnevaali-tapahtumaan! Turun urheiluhallissa j\u00e4rjestettyyn karnevaalip\u00e4iv\u00e4\u00e4n osallistui kaiken kaikkiaan yli 1 000 oppilasta ja opettajaa! 1-2 -luokkien toiminnasta vastasi Turun yliopiston kieltenopiskelijat, kiitos kaikille kielirastitoimintaan osallistuneille! 3-6 -luokkien oppilaat pelasivat SEPPO-peli\u00e4. Joukkueet p\u00e4rj\u00e4siv\u00e4t hienosti, urheiluhallissa oli &hellip; <\/p>\n<p class=\"link-more\"><a href=\"https:\/\/blog.edu.turku.fi\/kielivirta\/?page_id=880\" class=\"more-link\">Jatka lukemista<span class=\"screen-reader-text\"> &#8221;Kielikarnevaali 11.4.2019 &#8211; alakoulu&#8221;<\/span><\/a><\/p>\n","protected":false},"author":2465,"featured_media":0,"parent":344,"menu_order":4,"comment_status":"closed","ping_status":"closed","template":"","meta":{"footnotes":""},"class_list":["post-880","page","type-page","status-publish","hentry"],"_links":{"self":[{"href":"https:\/\/blog.edu.turku.fi\/kielivirta\/index.php?rest_route=\/wp\/v2\/pages\/880","targetHints":{"allow":["GET"]}}],"collection":[{"href":"https:\/\/blog.edu.turku.fi\/kielivirta\/index.php?rest_route=\/wp\/v2\/pages"}],"about":[{"href":"https:\/\/blog.edu.turku.fi\/kielivirta\/index.php?rest_route=\/wp\/v2\/types\/page"}],"author":[{"embeddable":true,"href":"https:\/\/blog.edu.turku.fi\/kielivirta\/index.php?rest_route=\/wp\/v2\/users\/2465"}],"replies":[{"embeddable":true,"href":"https:\/\/blog.edu.turku.fi\/kielivirta\/index.php?rest_route=%2Fwp%2Fv2%2Fcomments&post=880"}],"version-history":[{"count":14,"href":"https:\/\/blog.edu.turku.fi\/kielivirta\/index.php?rest_route=\/wp\/v2\/pages\/880\/revisions"}],"predecessor-version":[{"id":1012,"href":"https:\/\/blog.edu.turku.fi\/kielivirta\/index.php?rest_route=\/wp\/v2\/pages\/880\/revisions\/1012"}],"up":[{"embeddable":true,"href":"https:\/\/blog.edu.turku.fi\/kielivirta\/index.php?rest_route=\/wp\/v2\/pages\/344"}],"wp:attachment":[{"href":"https:\/\/blog.edu.turku.fi\/kielivirta\/index.php?rest_route=%2Fwp%2Fv2%2Fmedia&parent=880"}],"curies":[{"name":"wp","href":"https:\/\/api.w.org\/{rel}","templated":true}]}}