{"id":59,"date":"2016-10-10T08:50:23","date_gmt":"2016-10-10T05:50:23","guid":{"rendered":"https:\/\/blog.edu.turku.fi\/kielivirta\/?page_id=59"},"modified":"2020-02-27T10:56:29","modified_gmt":"2020-02-27T08:56:29","slug":"yhteistyokumppanit","status":"publish","type":"page","link":"https:\/\/blog.edu.turku.fi\/kielivirta\/?page_id=59","title":{"rendered":"Kielivirran kavereita"},"content":{"rendered":"<h2>Toimijoita ja verkostoja<\/h2>\n<ul>\n<li><a href=\"http:\/\/www.utu.fi\/fi\/yksikot\/tnk\/perusopetus\/Documents\/Kahdella_kielella_kiitoon-opas_TNK_2018.pdf\">CLIL-liitoon<\/a><\/li>\n<li><a href=\"https:\/\/blog.edu.turku.fi\/etapit100\/etapit\/\">eTapIt<\/a><\/li>\n<li><a href=\"https:\/\/fissteps.wordpress.com\/\">FIS-STEP<\/a><\/li>\n<li><a href=\"https:\/\/www.goethe.de\/ins\/fi\/fi\/index.html\">Goethe Institut<\/a><\/li>\n<li><a href=\"https:\/\/blog.edu.turku.fi\/kieko\/\">KieKo<\/a><\/li>\n<li><a href=\"https:\/\/blog.edu.turku.fi\/kieliluokat\/\">Kieliluokat.fi<\/a><\/li>\n<li><a href=\"http:\/\/www.kielitivoli.fi\/\">Kielitivoli<\/a><\/li>\n<li><a href=\"http:\/\/kieliverkosto.fi\">Kieliverkosto<\/a><\/li>\n<li><a href=\"http:\/\/kieliakehiin.blogit.tampere.fi\/2016\/03\/20\/kielia-kehiin\/\">Kieli\u00e4 kehiin<\/a><\/li>\n<li><a href=\"http:\/\/www.turku.fi\/paivahoito-ja-koulutus\/perusopetus\/opetus\/liikunta\/liikkuva-koulu\">Liikkuva koulu<\/a><\/li>\n<li><a href=\"https:\/\/blog.edu.turku.fi\/monikulttuurinenopetus\/\">Monikulttuurinen opetus Turussa<\/a><\/li>\n<li><a href=\"http:\/\/www.oph.fi\/\">Opetushallitus<\/a><\/li>\n<li><a href=\"http:\/\/www.polkka.info\/index.html\">POLKKA<\/a><\/li>\n<li><a href=\"http:\/\/www.france.fi\/\">Ranskan Instituutti<\/a><\/li>\n<li><a href=\"https:\/\/suomivenajaseura.fi\/\">Suomi-Ven\u00e4j\u00e4-seura<\/a><\/li>\n<li><a href=\"https:\/\/svenskanu.fi\/\">Svenska.nu<\/a><\/li>\n<\/ul>\n","protected":false},"excerpt":{"rendered":"<p>Toimijoita ja verkostoja CLIL-liitoon eTapIt FIS-STEP Goethe Institut KieKo Kieliluokat.fi Kielitivoli Kieliverkosto Kieli\u00e4 kehiin Liikkuva koulu Monikulttuurinen opetus Turussa Opetushallitus POLKKA Ranskan Instituutti Suomi-Ven\u00e4j\u00e4-seura Svenska.nu<\/p>\n","protected":false},"author":161,"featured_media":0,"parent":0,"menu_order":4,"comment_status":"closed","ping_status":"closed","template":"","meta":{"footnotes":""},"class_list":["post-59","page","type-page","status-publish","hentry"],"_links":{"self":[{"href":"https:\/\/blog.edu.turku.fi\/kielivirta\/index.php?rest_route=\/wp\/v2\/pages\/59","targetHints":{"allow":["GET"]}}],"collection":[{"href":"https:\/\/blog.edu.turku.fi\/kielivirta\/index.php?rest_route=\/wp\/v2\/pages"}],"about":[{"href":"https:\/\/blog.edu.turku.fi\/kielivirta\/index.php?rest_route=\/wp\/v2\/types\/page"}],"author":[{"embeddable":true,"href":"https:\/\/blog.edu.turku.fi\/kielivirta\/index.php?rest_route=\/wp\/v2\/users\/161"}],"replies":[{"embeddable":true,"href":"https:\/\/blog.edu.turku.fi\/kielivirta\/index.php?rest_route=%2Fwp%2Fv2%2Fcomments&post=59"}],"version-history":[{"count":13,"href":"https:\/\/blog.edu.turku.fi\/kielivirta\/index.php?rest_route=\/wp\/v2\/pages\/59\/revisions"}],"predecessor-version":[{"id":1058,"href":"https:\/\/blog.edu.turku.fi\/kielivirta\/index.php?rest_route=\/wp\/v2\/pages\/59\/revisions\/1058"}],"wp:attachment":[{"href":"https:\/\/blog.edu.turku.fi\/kielivirta\/index.php?rest_route=%2Fwp%2Fv2%2Fmedia&parent=59"}],"curies":[{"name":"wp","href":"https:\/\/api.w.org\/{rel}","templated":true}]}}