{"id":57,"date":"2016-10-10T08:49:38","date_gmt":"2016-10-10T05:49:38","guid":{"rendered":"https:\/\/blog.edu.turku.fi\/kielivirta\/?page_id=57"},"modified":"2021-02-18T15:59:55","modified_gmt":"2021-02-18T13:59:55","slug":"toimintaa-ja-tapahtumia","status":"publish","type":"page","link":"https:\/\/blog.edu.turku.fi\/kielivirta\/?page_id=57","title":{"rendered":"Toimintaa oppilaille"},"content":{"rendered":"<p><strong>Kev\u00e4t 2021 ja 2021 Oppilasopas-koulutusta oppilaille<\/strong><\/p>\n<p><strong>Syksy 2021 ja kev\u00e4t 2021 <\/strong>toimintaa omissa kouluissa<\/p>\n<p><strong>Kev\u00e4t 2020<\/strong><\/p>\n<p>Kielikarnevaali to 6.2. klo 9-11\u00a0 kieliluokkakoulujen 3. luokkien oppilaille Kupittaan Urheiluhallissa<\/p>\n<p>Mukana Turun Yliopiston kielten opiskelijoita ohjaamassa oppilaita.<\/p>\n<p>Koulujen toiminta jatkuu kev\u00e4tkauden 2020.<\/p>\n<p><strong>Kev\u00e4t 2019<\/strong><\/p>\n<p>Kielikarnevaalit 11.4.2019\u00a0\u00a0 Kupittaan urheiluhallissa 1.-6. lk<\/p>\n<p>toiminta jatkuu kouluissa vierailuin ja natiivien avulla<\/p>\n<p><strong>Syksy 2018<\/strong><\/p>\n<p>Kouluissa suunnitellaan toimintaa kaikille kieliluokien oppilaille.<\/p>\n<p><strong>Laugh while you learn!<\/strong> Lokakuussa englantiluokat p\u00e4\u00e4sev\u00e4t osallistumaan interaktiiviseen teatteriesitykseen.\u00a0 Esitys on suositeltu 4.-9. lk<\/p>\n<p>&nbsp;<\/p>\n<p><strong>Kev\u00e4tlukukausi 2018 <\/strong><\/p>\n<ul>\n<li>17.4.2018 Kielikarnevaali Turun kieliluokkien tapahtuma Kupittaan urheiluhallissa<\/li>\n<li>juhlia, natiivien vierailuita, animaatiopajoja in English ja rugbya<\/li>\n<\/ul>\n<p><strong>Syyslukukausi 2017<\/strong><\/p>\n<ul>\n<li>harrastustoimintaa kouluissa<\/li>\n<\/ul>\n<p><strong>Kev\u00e4tlukukausi 2017<\/strong><\/p>\n<ul>\n<li>01-05\/2017\u00a0Ota selv\u00e4\u00e4 vlogaten, Topeliuksen yl\u00e4koulu<\/li>\n<li>Animaatioita englanniksi, Luostarivuoren yl\u00e4koulu<\/li>\n<li><a href=\"https:\/\/blog.edu.turku.fi\/kielivirta\/toimintaa-ja-tapahtumia\/kielikarnevaali-11-4-2017\/\">Kielikarnevaali 11.4<\/a>.,\u00a0Turun kieliluokkien tapahtuma Turun messukeskuksessa<\/li>\n<li>English club, Puolalan koulu<\/li>\n<li>Suomi100 animaatiot, Puolalan koulu<\/li>\n<li>Ven\u00e4j\u00e4nkielinen liikuntakerho,Puolala<\/li>\n<li>English Club, Luostarivuoren koulu, Martin yksikk\u00f6<\/li>\n<li>Kieli- ja kulttuuri-iltap\u00e4iv\u00e4t, Luostarivuoren koulu Martin koulu<\/li>\n<li>Kielikerhot, W\u00e4in\u00f6 Aaltosen koulu<\/li>\n<li>Deutch Club, Puolalan koulu<\/li>\n<\/ul>\n<p><strong>Syyslukukausi 2016<\/strong><\/p>\n<ul>\n<li>11.10. Atelier de <a href=\"https:\/\/quizlet.com\/class\/3433641\/\" target=\"_blank\" rel=\"noopener noreferrer\">Quizlet<\/a>\u00a0ranskan kieliluokkalaisille, Topeliuksen yl\u00e4koulu<\/li>\n<li>21.10-17.12. Teatterikurssi\u00a0ranskaksi, V\u00e4h\u00e4-Heikkil\u00e4n koulu<\/li>\n<li>3.10.-12.12. Ota selv\u00e4\u00e4 vlogaten, Topeliuksen yl\u00e4koulu<\/li>\n<li>25.10. ja 15.11. Opastetut vierailut\u00a0W\u00e4in\u00f6 Aaltosen museossa n\u00e4yttelyss\u00e4 Taide, uskonto, valta, ven\u00e4j\u00e4n kieliluokat, Puolalan koulu<\/li>\n<li>12.11. ja 1.12. Kieli -ja kulttuuri-iltap\u00e4iv\u00e4t (Japani ja Italia), Martti\/Luostarivuori<\/li>\n<li>17.11.-9.12. Draamakerho 5.-6.-luokkalaisille kielikylpyoppilaille, Martti\/Luostarivuori<\/li>\n<li>1.10-9.12. Kielikerho W\u00e4in\u00f6 Aaltosen alakoulussa<\/li>\n<li>1.12. Talven taikaa juhla, ven\u00e4j\u00e4n kieliluokkalaiset, Puolalan koulu<\/li>\n<li>13.12.\u00a0<a href=\"https:\/\/blog.edu.turku.fi\/kielivirta\/2016\/12\/14\/marshmallow-snowmen\/\">Vaahtokarkkity\u00f6paja<\/a>,\u00a0englannin kieliluokat, Puolalan koulu<\/li>\n<\/ul>\n<p>&nbsp;<\/p>\n","protected":false},"excerpt":{"rendered":"<p>Kev\u00e4t 2021 ja 2021 Oppilasopas-koulutusta oppilaille Syksy 2021 ja kev\u00e4t 2021 toimintaa omissa kouluissa Kev\u00e4t 2020 Kielikarnevaali to 6.2. klo 9-11\u00a0 kieliluokkakoulujen 3. luokkien oppilaille Kupittaan Urheiluhallissa Mukana Turun Yliopiston kielten opiskelijoita ohjaamassa oppilaita. Koulujen toiminta jatkuu kev\u00e4tkauden 2020. Kev\u00e4t 2019 Kielikarnevaalit 11.4.2019\u00a0\u00a0 Kupittaan urheiluhallissa 1.-6. lk toiminta jatkuu kouluissa vierailuin ja natiivien avulla Syksy &hellip; <\/p>\n<p class=\"link-more\"><a href=\"https:\/\/blog.edu.turku.fi\/kielivirta\/?page_id=57\" class=\"more-link\">Jatka lukemista<span class=\"screen-reader-text\"> &#8221;Toimintaa oppilaille&#8221;<\/span><\/a><\/p>\n","protected":false},"author":161,"featured_media":817,"parent":344,"menu_order":1,"comment_status":"closed","ping_status":"closed","template":"","meta":{"footnotes":""},"class_list":["post-57","page","type-page","status-publish","has-post-thumbnail","hentry"],"_links":{"self":[{"href":"https:\/\/blog.edu.turku.fi\/kielivirta\/index.php?rest_route=\/wp\/v2\/pages\/57","targetHints":{"allow":["GET"]}}],"collection":[{"href":"https:\/\/blog.edu.turku.fi\/kielivirta\/index.php?rest_route=\/wp\/v2\/pages"}],"about":[{"href":"https:\/\/blog.edu.turku.fi\/kielivirta\/index.php?rest_route=\/wp\/v2\/types\/page"}],"author":[{"embeddable":true,"href":"https:\/\/blog.edu.turku.fi\/kielivirta\/index.php?rest_route=\/wp\/v2\/users\/161"}],"replies":[{"embeddable":true,"href":"https:\/\/blog.edu.turku.fi\/kielivirta\/index.php?rest_route=%2Fwp%2Fv2%2Fcomments&post=57"}],"version-history":[{"count":31,"href":"https:\/\/blog.edu.turku.fi\/kielivirta\/index.php?rest_route=\/wp\/v2\/pages\/57\/revisions"}],"predecessor-version":[{"id":1084,"href":"https:\/\/blog.edu.turku.fi\/kielivirta\/index.php?rest_route=\/wp\/v2\/pages\/57\/revisions\/1084"}],"up":[{"embeddable":true,"href":"https:\/\/blog.edu.turku.fi\/kielivirta\/index.php?rest_route=\/wp\/v2\/pages\/344"}],"wp:featuredmedia":[{"embeddable":true,"href":"https:\/\/blog.edu.turku.fi\/kielivirta\/index.php?rest_route=\/wp\/v2\/media\/817"}],"wp:attachment":[{"href":"https:\/\/blog.edu.turku.fi\/kielivirta\/index.php?rest_route=%2Fwp%2Fv2%2Fmedia&parent=57"}],"curies":[{"name":"wp","href":"https:\/\/api.w.org\/{rel}","templated":true}]}}