{"id":55,"date":"2016-10-10T08:46:37","date_gmt":"2016-10-10T05:46:37","guid":{"rendered":"https:\/\/blog.edu.turku.fi\/kielivirta\/?page_id=55"},"modified":"2022-09-23T15:55:54","modified_gmt":"2022-09-23T12:55:54","slug":"opettajien-taydennyskoulutukset","status":"publish","type":"page","link":"https:\/\/blog.edu.turku.fi\/kielivirta\/?page_id=55","title":{"rendered":"Kieliluokkien opettajille"},"content":{"rendered":"<p style=\"text-align: justify\">Turun Kielivirta tarjoaa kieliluokkien opettajille mahdollisuuksia osallistua t\u00e4ydennyskoulutuksiin sek\u00e4 j\u00e4rjest\u00e4\u00e4 omia tapahtumia kieliluokkien opettajille. Lis\u00e4tietoja ja ilmoittautumiset koulujen vastuuopettajien kautta.<\/p>\n<h2>Syksy 2022<\/h2>\n<p><strong>26.9. Verkostoitumisp\u00e4iv\u00e4 Ravintolalaiva Bore klo 8-14, iltap\u00e4iv\u00e4 jatkuu klo 14-16 kielten opettajien seminaarilla <\/strong><\/p>\n<p>ilmoittautuminen<strong> SAP:<\/strong>ssa ja forms:sa<\/p>\n<p><strong>3.11. Final count down loppuseminaari<\/strong><\/p>\n<p>ilmoittautuminen forms:sa<\/p>\n<p>&nbsp;<\/p>\n<h2>Kev\u00e4t 2019<\/h2>\n<p><strong>17.1.<\/strong><strong>Ty\u00f6paja toiminnan suunnitteluun<br \/>\n<\/strong><\/p>\n<p><strong>6.2. Verkostoitumisp\u00e4iv\u00e4 Datacity 8.30-14.30<br \/>\n<\/strong><\/p>\n<p><strong>13.3.2019 klo 12.30-15.30 Ravintolalaiva Bore<\/strong> <strong>Peppu irti penkist\u00e4-menetelm\u00e4ll\u00e4 iloa kielten oppimiseen koulutus <\/strong>ilmoittautuminen SAP:ssa 8.3. menness\u00e4. Raisio ja Naantali ilmoittautuvat Pikelle.<\/p>\n<p><strong>Ideanyytt\u00e4rit<\/strong><\/p>\n<p><strong>Kielikarnevaalien suunnittelu ja toteutus<br \/>\n<\/strong><\/p>\n<p><strong>Kev\u00e4tpirskeet<\/strong><\/p>\n<h2>Kev\u00e4tlukukausi 2018<\/h2>\n<p>19.1. Kieli on kaikki! Kielikasvatusseminaari, Tampere<\/p>\n<p>13.3.-14.3. Kaksikielisen opetuksen seminaari, Turku<\/p>\n<p>9.4. Uuden hankkeen suunnittelu<\/p>\n<p>17.4. Kielikarnevaalit Kupittaan Urheiluhallissa<\/p>\n<p>ti 29.5. klo 16\u201318\u00a0Kielihankkeiden lukuvuoden p\u00e4\u00e4t\u00f6spirskeet <a href=\"https:\/\/www.nera.fi\/\">Ner\u00e5<\/a>ssa klo 16-<\/p>\n<hr \/>\n<h2>Syyslukukausi 2017<\/h2>\n<ul>\n<li>PE 1.9. Aloituskokous klo 8.15-9.30<\/li>\n<li>KE 27.9. Verkostoitumisp\u00e4iv\u00e4 I, klo 8.30-15 Villa Marjaniemi<\/li>\n<li>TI 31.10. Vastuuopettajatiimin kokous klo 14.30-15.45, Turun ammatti-instituutin kokoustilat<\/li>\n<li>PE 3.11. Kielitietoisuuden jalkauttaminen k\u00e4yt\u00e4nn\u00f6ss\u00e4, Kari Moilanen<\/li>\n<li>KE 15.11. Tiedot Erasmus + hakemuksen tiedot valmiiksi <a href=\"https:\/\/docs.google.com\/forms\/d\/e\/1FAIpQLSeplFT-e4aegmdRCFpuPxGGjW-mY5ouCjAZIVPra8BHKZ89hQ\/viewform?usp=sf_link\">verkkolomakkeella<\/a><\/li>\n<li>TO 30.11. Vastuuopettajatiimin kokous klo 14.30-15.45, Turun ammatti-instituutin kokoustilat<\/li>\n<\/ul>\n<hr \/>\n<h2>Kev\u00e4tlukukausi 2017<\/h2>\n<ul>\n<li><a href=\"https:\/\/blog.edu.turku.fi\/kielivirta\/2017\/02\/22\/kohti-monikielista-kielikasvatusta-kaksikielisen-opetuksen-kehittamisseminaari-opetushallituksessa-10-2-2017\/\">Kohti monikielist\u00e4 kielikasvatusta -kaksikielisen opetuksen kehitt\u00e4misseminaari<\/a>\u00a010.2.2017<\/li>\n<li>Turun Kielivirran verkostoitumisp\u00e4iv\u00e4 II<\/li>\n<\/ul>\n<h2>Syyslukukausi 2016<\/h2>\n<ul>\n<li><a href=\"https:\/\/docs.google.com\/document\/d\/1vM6a_Qk6enfF0cpkkqaYqpCPY32t9jcUtv0KdJgCr0M\/edit?usp=sharing\" target=\"_blank\" rel=\"noopener\">Turun Kielivirran\u00a0verkostoitumisp\u00e4iv\u00e4 I<\/a> keskiviikkona 19.10. klo 9-15 Ruissalon Marjaniemess\u00e4 Turun kieliluokkien opettajille<\/li>\n<li>T\u00e4ydennyskoulutus: <a href=\"http:\/\/www.erilaistenoppijoidenliitto.fi\/?page_id=472\" target=\"_blank\" rel=\"noopener\">Testauksesta t\u00e4sm\u00e4hoitoon, 28.10. klo 9-15 Helsinki<\/a><\/li>\n<li>T\u00e4ydennyskoulutus: <a href=\"https:\/\/www.seinajoki.fi\/varhaiskasvatusjakoulutus\/perusopetus\/opetuksenkehittaminen_2\/steps2016.html\" target=\"_blank\" rel=\"noopener\">STEPS, 10.-11.11. Sein\u00e4joki<\/a><\/li>\n<li><a href=\"https:\/\/blog.edu.turku.fi\/kielivirta\/2016\/11\/25\/kielen-opetuksen-tarkeydesta-18-11-2016\/\">Kielen oppimisen t\u00e4rkeydest\u00e4 18.11.<\/a> Helsinki, Goethe instituutti<\/li>\n<li><a href=\"https:\/\/blog.edu.turku.fi\/kielivirta\/2016\/11\/29\/kielten-uudet-opetussuunitelmat-evaita-laatijoille-ja-toteuttajille-24-11\/\">Kielten uudet opetussuunnitelmat, 24.11.<\/a> Helsinki, OPH<\/li>\n<\/ul>\n<p>&nbsp;<\/p>\n","protected":false},"excerpt":{"rendered":"<p>Turun Kielivirta tarjoaa kieliluokkien opettajille mahdollisuuksia osallistua t\u00e4ydennyskoulutuksiin sek\u00e4 j\u00e4rjest\u00e4\u00e4 omia tapahtumia kieliluokkien opettajille. Lis\u00e4tietoja ja ilmoittautumiset koulujen vastuuopettajien kautta. Syksy 2022 26.9. Verkostoitumisp\u00e4iv\u00e4 Ravintolalaiva Bore klo 8-14, iltap\u00e4iv\u00e4 jatkuu klo 14-16 kielten opettajien seminaarilla ilmoittautuminen SAP:ssa ja forms:sa 3.11. Final count down loppuseminaari ilmoittautuminen forms:sa &nbsp; Kev\u00e4t 2019 17.1.Ty\u00f6paja toiminnan suunnitteluun 6.2. Verkostoitumisp\u00e4iv\u00e4 Datacity &hellip; <\/p>\n<p class=\"link-more\"><a href=\"https:\/\/blog.edu.turku.fi\/kielivirta\/?page_id=55\" class=\"more-link\">Jatka lukemista<span class=\"screen-reader-text\"> &#8221;Kieliluokkien opettajille&#8221;<\/span><\/a><\/p>\n","protected":false},"author":161,"featured_media":0,"parent":0,"menu_order":2,"comment_status":"closed","ping_status":"closed","template":"","meta":{"footnotes":""},"class_list":["post-55","page","type-page","status-publish","hentry"],"_links":{"self":[{"href":"https:\/\/blog.edu.turku.fi\/kielivirta\/index.php?rest_route=\/wp\/v2\/pages\/55","targetHints":{"allow":["GET"]}}],"collection":[{"href":"https:\/\/blog.edu.turku.fi\/kielivirta\/index.php?rest_route=\/wp\/v2\/pages"}],"about":[{"href":"https:\/\/blog.edu.turku.fi\/kielivirta\/index.php?rest_route=\/wp\/v2\/types\/page"}],"author":[{"embeddable":true,"href":"https:\/\/blog.edu.turku.fi\/kielivirta\/index.php?rest_route=\/wp\/v2\/users\/161"}],"replies":[{"embeddable":true,"href":"https:\/\/blog.edu.turku.fi\/kielivirta\/index.php?rest_route=%2Fwp%2Fv2%2Fcomments&post=55"}],"version-history":[{"count":26,"href":"https:\/\/blog.edu.turku.fi\/kielivirta\/index.php?rest_route=\/wp\/v2\/pages\/55\/revisions"}],"predecessor-version":[{"id":1121,"href":"https:\/\/blog.edu.turku.fi\/kielivirta\/index.php?rest_route=\/wp\/v2\/pages\/55\/revisions\/1121"}],"wp:attachment":[{"href":"https:\/\/blog.edu.turku.fi\/kielivirta\/index.php?rest_route=%2Fwp%2Fv2%2Fmedia&parent=55"}],"curies":[{"name":"wp","href":"https:\/\/api.w.org\/{rel}","templated":true}]}}