{"id":357,"date":"2017-02-23T14:05:54","date_gmt":"2017-02-23T12:05:54","guid":{"rendered":"https:\/\/blog.edu.turku.fi\/kielivirta\/?page_id=357"},"modified":"2021-04-08T14:15:06","modified_gmt":"2021-04-08T11:15:06","slug":"materiaaleja-ja-ideoita-opetuksen-tueksi","status":"publish","type":"page","link":"https:\/\/blog.edu.turku.fi\/kielivirta\/?page_id=357","title":{"rendered":"Materiaaleja ja ideoita opetuksen tueksi"},"content":{"rendered":"<ul>\n<li>Turun Kieliluokkien <a href=\"https:\/\/edumailturku-my.sharepoint.com\/:f:\/g\/personal\/pikke_edu_turku_fi\/Eql5zibnadVNuNF1xmRDofgB7HqSufl2QOLKrVX8O-yPGw?e=HFBQc5\">itsearviointilomakkeita<\/a><\/li>\n<li>Kielirikasteisen opetuksen <a href=\"https:\/\/kielet.edu.hel.fi\/wp-content\/uploads\/2020\/02\/Handbook_for-English-enriched-programme.pdf\">k\u00e4sikirja<\/a> opettajien ty\u00f6n tueksi.<\/li>\n<li><a href=\"http:\/\/www.ecml.at\/ECML-Programme\/Programme2012-2015\/LanguageDescriptors\/tabid\/1800\/Default.aspx\">Language skills for succesful subject learning, <\/a>ECML<\/li>\n<li><a href=\"http:\/\/www.ecml.at\/Thematicareas\/ContentandLanguageIntegratedLearning\/tabid\/1625\/language\/en-GB\/Default.aspx\">CLIL<\/a><\/li>\n<li><a href=\"http:\/\/poptiede.fi\/wordpress\/wp-content\/uploads\/2017\/09\/Poptiede-Ilmio%CC%88iden-maailma.pdf\">Ilmi\u00f6iden maailma<\/a> -ilmi\u00f6opettamisen ty\u00f6kalupakki<\/li>\n<li><a href=\"https:\/\/www.microsoftmahdollista.fi\/100tarinaa\/wp-content\/uploads\/2017\/06\/Arviointikehikko_Microsoft_170602_Printversion.pdf\">Tie laaja-alaiseen osaamiseen<\/a>, Microsoft<\/li>\n<li><a href=\"http:\/\/www.oph.fi\/download\/131857_Kotikansainvalisyydentyokalupakki_15_3_2011.pdf\" target=\"_blank\" rel=\"noopener noreferrer\">Kotikansainv\u00e4lisyyden ty\u00f6kalupakki<\/a> &#8211; konkreettisia ty\u00f6kaluja kotikansainv\u00e4lisyyden toteuttamiseen, Helsingin kaupunki, opetusvirasto<\/li>\n<li><a href=\"https:\/\/issuu.com\/turun_normaalikoulu\/docs\/clil-opas_2013\" target=\"_blank\" rel=\"noopener noreferrer\">CLIL -opas<\/a>, Turun Normaalikoulu<\/li>\n<li><a href=\"http:\/\/www.oph.fi\/download\/152457_kotikansainvalisyys_kansainvalisyystaitoja_kaikille.pdf\">Kotikansainv\u00e4lisyysopas<\/a>, OPH<\/li>\n<li><a href=\"https:\/\/lfi-fi-bin.directo.fi\/@Bin\/f38780647e4713ef0ab4ae2a240f663d\/1506402691\/application\/pdf\/214842\/Fun%20with%20Flashcards%20-%20English%20Teachers%20cookbook%20for%20teaching%20English%20with%20flashcards.pdf\">Fun with flashcards<\/a>, 250 ideaa kuvakorttien k\u00e4ytt\u00f6\u00f6n<\/li>\n<\/ul>\n<ul>\n<li><a href=\"http:\/\/www.oph.fi\/download\/176255_kieli_koulun_ytimessa_nakokulmia_kielikasvatukseen.pdf\" target=\"_blank\" rel=\"noopener noreferrer\">Kieli koulun ytimess\u00e4<\/a> &#8211; n\u00e4k\u00f6kulmia kielikasvatukseen, OPH<\/li>\n<li><a href=\"https:\/\/kvglops.wordpress.com\/\" target=\"_blank\" rel=\"noopener noreferrer\">GLOBS<\/a><\/li>\n<li><a href=\"https:\/\/www.nmi.fi\/2019\/08\/30\/land-ahoy-materiaalipaketti-julkaistu\"><strong>Land ahoy<\/strong><\/a> tutustuttaa oppilaat merirosvoseikkailun kautta englannin kieleen ja \u00e4\u00e4nteisiin.<\/li>\n<\/ul>\n<h5>ranska<\/h5>\n<ul>\n<li><a href=\"http:\/\/www.alloprof.qc.ca\/bv\/\">Biblioth\u00e9que num\u00e9rique<\/a><\/li>\n<li><a href=\"http:\/\/www.1jour1actu.com\/\">1jour1actu<\/a><\/li>\n<li><a href=\"http:\/\/www.moteurpe.fr\/\">MoteurPE<\/a><\/li>\n<li><a href=\"http:\/\/voyagesenfrancais.fr\/spip.php?rubrique353&amp;lang=fr#.WcntkrKrSUk\">Voyages en France<\/a> &#8211; jeunes nomades<\/li>\n<li><a href=\"https:\/\/www.brainscape.com\/blog\/2011\/03\/youtube-channels-to-learn-french\/\">LeTube<\/a> &#8211; chaines Youtube pour apprendre le francais<\/li>\n<li><a href=\"http:\/\/www.ciep.fr\/delf-tout-public\/exemples-des-sujets\">Sujets de DELF<\/a><\/li>\n<li><a href=\"http:\/\/delffacile.weebly.com\/enfants.html\">Entrainement de DELF Prim<\/a><\/li>\n<\/ul>\n<h5>Materiaalia monella kielell\u00e4<\/h5>\n<ul>\n<li><a href=\"http:\/\/www.visitfinland.com\/fr\/\">Visit Finland<\/a>\u00a0&#8211; Tietoa Suomesta englanniksi, ruotsiksi, saksaksi, ven\u00e4j\u00e4ksi, espanjaksi, ruotsiksi ja viel\u00e4 muutamalla muulla kielell\u00e4.<\/li>\n<li><a href=\"https:\/\/www.visitturku.fi\/en\">VisitTurku<\/a>\u00a0&#8211; Tietoa Turusta englanniksi, ruotsiksi ja ven\u00e4j\u00e4ksi sek\u00e4 muilla 13 kielell\u00e4 s\u00e4hk\u00f6isiss\u00e4 oppaissa.<\/li>\n<\/ul>\n<p>Ilmoita sivulle sopivasta materiaalista koordinaattorille.<span style=\"font-size: 1rem\"> Kiitos avustasi!<\/span><\/p>\n","protected":false},"excerpt":{"rendered":"<p>Turun Kieliluokkien itsearviointilomakkeita Kielirikasteisen opetuksen k\u00e4sikirja opettajien ty\u00f6n tueksi. Language skills for succesful subject learning, ECML CLIL Ilmi\u00f6iden maailma -ilmi\u00f6opettamisen ty\u00f6kalupakki Tie laaja-alaiseen osaamiseen, Microsoft Kotikansainv\u00e4lisyyden ty\u00f6kalupakki &#8211; konkreettisia ty\u00f6kaluja kotikansainv\u00e4lisyyden toteuttamiseen, Helsingin kaupunki, opetusvirasto CLIL -opas, Turun Normaalikoulu Kotikansainv\u00e4lisyysopas, OPH Fun with flashcards, 250 ideaa kuvakorttien k\u00e4ytt\u00f6\u00f6n Kieli koulun ytimess\u00e4 &#8211; n\u00e4k\u00f6kulmia kielikasvatukseen, OPH &hellip; <\/p>\n<p class=\"link-more\"><a href=\"https:\/\/blog.edu.turku.fi\/kielivirta\/?page_id=357\" class=\"more-link\">Jatka lukemista<span class=\"screen-reader-text\"> &#8221;Materiaaleja ja ideoita opetuksen tueksi&#8221;<\/span><\/a><\/p>\n","protected":false},"author":161,"featured_media":0,"parent":55,"menu_order":2,"comment_status":"closed","ping_status":"closed","template":"","meta":{"footnotes":""},"class_list":["post-357","page","type-page","status-publish","hentry"],"_links":{"self":[{"href":"https:\/\/blog.edu.turku.fi\/kielivirta\/index.php?rest_route=\/wp\/v2\/pages\/357","targetHints":{"allow":["GET"]}}],"collection":[{"href":"https:\/\/blog.edu.turku.fi\/kielivirta\/index.php?rest_route=\/wp\/v2\/pages"}],"about":[{"href":"https:\/\/blog.edu.turku.fi\/kielivirta\/index.php?rest_route=\/wp\/v2\/types\/page"}],"author":[{"embeddable":true,"href":"https:\/\/blog.edu.turku.fi\/kielivirta\/index.php?rest_route=\/wp\/v2\/users\/161"}],"replies":[{"embeddable":true,"href":"https:\/\/blog.edu.turku.fi\/kielivirta\/index.php?rest_route=%2Fwp%2Fv2%2Fcomments&post=357"}],"version-history":[{"count":19,"href":"https:\/\/blog.edu.turku.fi\/kielivirta\/index.php?rest_route=\/wp\/v2\/pages\/357\/revisions"}],"predecessor-version":[{"id":1103,"href":"https:\/\/blog.edu.turku.fi\/kielivirta\/index.php?rest_route=\/wp\/v2\/pages\/357\/revisions\/1103"}],"up":[{"embeddable":true,"href":"https:\/\/blog.edu.turku.fi\/kielivirta\/index.php?rest_route=\/wp\/v2\/pages\/55"}],"wp:attachment":[{"href":"https:\/\/blog.edu.turku.fi\/kielivirta\/index.php?rest_route=%2Fwp%2Fv2%2Fmedia&parent=357"}],"curies":[{"name":"wp","href":"https:\/\/api.w.org\/{rel}","templated":true}]}}