{"id":344,"date":"2017-02-23T13:47:01","date_gmt":"2017-02-23T11:47:01","guid":{"rendered":"https:\/\/blog.edu.turku.fi\/kielivirta\/?page_id=344"},"modified":"2017-09-25T13:56:56","modified_gmt":"2017-09-25T10:56:56","slug":"toimintaa-ja-tapahtumia-2","status":"publish","type":"page","link":"https:\/\/blog.edu.turku.fi\/kielivirta\/?page_id=344","title":{"rendered":"Kieliluokkien oppilaille"},"content":{"rendered":"<p>Yhten\u00e4 Turun Kielivirta -hankkeen p\u00e4\u00e4tavoitteena on tarjota kieliluokkakoulujen oppilaille entist\u00e4 laajemmin harrastetoimintaa kohdekielill\u00e4. Harrastetoiminnan my\u00f6t\u00e4 koulujen ovet avautuvat eri alojen kohdekielisille toimijoille, oppilaat p\u00e4\u00e4sev\u00e4t vierailemaan ohjatusti kohdekielell\u00e4 ja harrastamaan eri kielill\u00e4 ja kieli\u00e4.<\/p>\n","protected":false},"excerpt":{"rendered":"<p>Yhten\u00e4 Turun Kielivirta -hankkeen p\u00e4\u00e4tavoitteena on tarjota kieliluokkakoulujen oppilaille entist\u00e4 laajemmin harrastetoimintaa kohdekielill\u00e4. Harrastetoiminnan my\u00f6t\u00e4 koulujen ovet avautuvat eri alojen kohdekielisille toimijoille, oppilaat p\u00e4\u00e4sev\u00e4t vierailemaan ohjatusti kohdekielell\u00e4 ja harrastamaan eri kielill\u00e4 ja kieli\u00e4.<\/p>\n","protected":false},"author":161,"featured_media":0,"parent":0,"menu_order":1,"comment_status":"closed","ping_status":"closed","template":"","meta":{"footnotes":""},"class_list":["post-344","page","type-page","status-publish","hentry"],"_links":{"self":[{"href":"https:\/\/blog.edu.turku.fi\/kielivirta\/index.php?rest_route=\/wp\/v2\/pages\/344","targetHints":{"allow":["GET"]}}],"collection":[{"href":"https:\/\/blog.edu.turku.fi\/kielivirta\/index.php?rest_route=\/wp\/v2\/pages"}],"about":[{"href":"https:\/\/blog.edu.turku.fi\/kielivirta\/index.php?rest_route=\/wp\/v2\/types\/page"}],"author":[{"embeddable":true,"href":"https:\/\/blog.edu.turku.fi\/kielivirta\/index.php?rest_route=\/wp\/v2\/users\/161"}],"replies":[{"embeddable":true,"href":"https:\/\/blog.edu.turku.fi\/kielivirta\/index.php?rest_route=%2Fwp%2Fv2%2Fcomments&post=344"}],"version-history":[{"count":6,"href":"https:\/\/blog.edu.turku.fi\/kielivirta\/index.php?rest_route=\/wp\/v2\/pages\/344\/revisions"}],"predecessor-version":[{"id":584,"href":"https:\/\/blog.edu.turku.fi\/kielivirta\/index.php?rest_route=\/wp\/v2\/pages\/344\/revisions\/584"}],"wp:attachment":[{"href":"https:\/\/blog.edu.turku.fi\/kielivirta\/index.php?rest_route=%2Fwp%2Fv2%2Fmedia&parent=344"}],"curies":[{"name":"wp","href":"https:\/\/api.w.org\/{rel}","templated":true}]}}