{"id":71,"date":"2017-04-19T09:56:30","date_gmt":"2017-04-19T06:56:30","guid":{"rendered":"https:\/\/blog.edu.turku.fi\/kieliluokat\/?page_id=71"},"modified":"2017-05-24T13:43:58","modified_gmt":"2017-05-24T10:43:58","slug":"framsidan","status":"publish","type":"page","link":"https:\/\/blog.edu.turku.fi\/kieliluokat\/sv\/framsidan\/","title":{"rendered":"Framsidan"},"content":{"rendered":"<h2>Spr\u00e5kklasserna i \u00c5bo<\/h2>\n<p>V\u00e4lkommen att bekanta er med den spr\u00e5kklassundervisning som \u00c5bo Stad erbjuder.<\/p>\n<p>Undervisning p\u00e5 fr\u00e4mmande spr\u00e5k erbjuds inom stadens skolv\u00e4sende p\u00e5 tyska, ryska, franska och engelska. D\u00e4rut\u00f6ver erbjuds \u00e4ven svenskt spr\u00e5kbad. Undervisningen ges genom hela grundskolan i flera skolor runt omkring stan.<\/p>\n<p>Spr\u00e5kklassverksamheten i \u00c5bo startade redan 1990. \u00c4ven sett ur nationellt, till och med europeiskt, perspektiv \u00e4r programmet synnerligen m\u00e5ngsidigt, omfattande m\u00e5nga spr\u00e5k.<\/p>\n<p>Hj\u00e4rtligt v\u00e4lkommen att studera till ett flerspr\u00e5kigt och internationellt \u00c5bo<\/p>\n<h4><a href=\"https:\/\/blog.edu.turku.fi\/kieliluokat\/sv\/var\/skolor\/\">Spr\u00e5kskolorna i \u00c5bo, N\u00e5dendal och Reso<\/a><\/h4>\n","protected":false},"excerpt":{"rendered":"<p>Spr\u00e5kklasserna i \u00c5bo V\u00e4lkommen att bekanta er med den spr\u00e5kklassundervisning som \u00c5bo Stad erbjuder. Undervisning p\u00e5 fr\u00e4mmande spr\u00e5k erbjuds inom stadens skolv\u00e4sende p\u00e5 tyska, ryska, franska och engelska. D\u00e4rut\u00f6ver erbjuds \u00e4ven svenskt spr\u00e5kbad. Undervisningen ges genom hela grundskolan i flera<\/p>\n","protected":false},"author":56,"featured_media":0,"parent":331,"menu_order":0,"comment_status":"closed","ping_status":"closed","template":"","meta":{"footnotes":""},"class_list":["post-71","page","type-page","status-publish","hentry"],"_links":{"self":[{"href":"https:\/\/blog.edu.turku.fi\/kieliluokat\/wp-json\/wp\/v2\/pages\/71","targetHints":{"allow":["GET"]}}],"collection":[{"href":"https:\/\/blog.edu.turku.fi\/kieliluokat\/wp-json\/wp\/v2\/pages"}],"about":[{"href":"https:\/\/blog.edu.turku.fi\/kieliluokat\/wp-json\/wp\/v2\/types\/page"}],"author":[{"embeddable":true,"href":"https:\/\/blog.edu.turku.fi\/kieliluokat\/wp-json\/wp\/v2\/users\/56"}],"replies":[{"embeddable":true,"href":"https:\/\/blog.edu.turku.fi\/kieliluokat\/wp-json\/wp\/v2\/comments?post=71"}],"version-history":[{"count":4,"href":"https:\/\/blog.edu.turku.fi\/kieliluokat\/wp-json\/wp\/v2\/pages\/71\/revisions"}],"predecessor-version":[{"id":507,"href":"https:\/\/blog.edu.turku.fi\/kieliluokat\/wp-json\/wp\/v2\/pages\/71\/revisions\/507"}],"up":[{"embeddable":true,"href":"https:\/\/blog.edu.turku.fi\/kieliluokat\/wp-json\/wp\/v2\/pages\/331"}],"wp:attachment":[{"href":"https:\/\/blog.edu.turku.fi\/kieliluokat\/wp-json\/wp\/v2\/media?parent=71"}],"curies":[{"name":"wp","href":"https:\/\/api.w.org\/{rel}","templated":true}]}}