{"id":67,"date":"2017-04-19T09:56:00","date_gmt":"2017-04-19T06:56:00","guid":{"rendered":"https:\/\/blog.edu.turku.fi\/kieliluokat\/?page_id=67"},"modified":"2017-05-24T13:44:36","modified_gmt":"2017-05-24T10:44:36","slug":"startseite","status":"publish","type":"page","link":"https:\/\/blog.edu.turku.fi\/kieliluokat\/de\/startseite\/","title":{"rendered":"Startseite"},"content":{"rendered":"<h3>Sprachschulen in Turku<\/h3>\n<p>Sie sind herzlich eingeladen den Unterricht der Sprachklassen der Stadt Turku kennen zu lernen.<\/p>\n<p>Unterricht in Fremdsprachen wird auf Deutsch, Russisch, Franz\u00f6sisch und Englisch sowie auf Schwedisch im Sprachbad w\u00e4hrend der Grundschulzeit in mehreren Schulen der Stadt angeboten.<\/p>\n<p>Fremdsprachiger Unterricht hat in Turku schon 1990 begonnen und ist auf nationalem sowie europ\u00e4ischem Niveau au\u00dfergew\u00f6hnlich umfangreich und vielsprachig.<\/p>\n<p>Herzlich Willkommen zum Studium in den Sprachklassen in Turku!<\/p>\n<h4><a href=\"https:\/\/blog.edu.turku.fi\/kieliluokat\/de\/wo\/schulen\/\">Sprachschulen in Turku, Naantali und Raisio<\/a><\/h4>\n","protected":false},"excerpt":{"rendered":"<p>Sprachschulen in Turku Sie sind herzlich eingeladen den Unterricht der Sprachklassen der Stadt Turku kennen zu lernen. Unterricht in Fremdsprachen wird auf Deutsch, Russisch, Franz\u00f6sisch und Englisch sowie auf Schwedisch im Sprachbad w\u00e4hrend der Grundschulzeit in mehreren Schulen der Stadt<\/p>\n","protected":false},"author":56,"featured_media":0,"parent":340,"menu_order":0,"comment_status":"closed","ping_status":"closed","template":"","meta":{"footnotes":""},"class_list":["post-67","page","type-page","status-publish","hentry"],"_links":{"self":[{"href":"https:\/\/blog.edu.turku.fi\/kieliluokat\/wp-json\/wp\/v2\/pages\/67","targetHints":{"allow":["GET"]}}],"collection":[{"href":"https:\/\/blog.edu.turku.fi\/kieliluokat\/wp-json\/wp\/v2\/pages"}],"about":[{"href":"https:\/\/blog.edu.turku.fi\/kieliluokat\/wp-json\/wp\/v2\/types\/page"}],"author":[{"embeddable":true,"href":"https:\/\/blog.edu.turku.fi\/kieliluokat\/wp-json\/wp\/v2\/users\/56"}],"replies":[{"embeddable":true,"href":"https:\/\/blog.edu.turku.fi\/kieliluokat\/wp-json\/wp\/v2\/comments?post=67"}],"version-history":[{"count":3,"href":"https:\/\/blog.edu.turku.fi\/kieliluokat\/wp-json\/wp\/v2\/pages\/67\/revisions"}],"predecessor-version":[{"id":508,"href":"https:\/\/blog.edu.turku.fi\/kieliluokat\/wp-json\/wp\/v2\/pages\/67\/revisions\/508"}],"up":[{"embeddable":true,"href":"https:\/\/blog.edu.turku.fi\/kieliluokat\/wp-json\/wp\/v2\/pages\/340"}],"wp:attachment":[{"href":"https:\/\/blog.edu.turku.fi\/kieliluokat\/wp-json\/wp\/v2\/media?parent=67"}],"curies":[{"name":"wp","href":"https:\/\/api.w.org\/{rel}","templated":true}]}}