{"id":65,"date":"2017-04-19T09:55:48","date_gmt":"2017-04-19T06:55:48","guid":{"rendered":"https:\/\/blog.edu.turku.fi\/kieliluokat\/?page_id=65"},"modified":"2017-05-24T13:43:24","modified_gmt":"2017-05-24T10:43:24","slug":"accueil","status":"publish","type":"page","link":"https:\/\/blog.edu.turku.fi\/kieliluokat\/fr\/accueil\/","title":{"rendered":"Accueil"},"content":{"rendered":"<h3>Enseignement bilingue \u00e0 Turku<\/h3>\n<p>Sur ce site nous vous pr\u00e9sentons l\u2019enseignement bilingue dans la ville de Turku.<\/p>\n<p>Dans plusieurs \u00e9coles \u00e0 Turku, les \u00e9l\u00e8ves peuvent \u00e9tudier durant toute la scolarit\u00e9 obligatoire dans des classes d\u2019enseignement bilingue o\u00f9 l&#8217;on enseigne partiellement en allemand, russe, fran\u00e7ais ou anglais, ou bien dans une classe d\u2019enseignement par immersion en su\u00e9dois.<\/p>\n<p>A Turku, l\u2019enseignement bilingue a commenc\u00e9 en 1990. Au plan national, et europ\u00e9en, le nombre des langues qui peuvent \u00eatre \u00e9tudi\u00e9es est exceptionnellement grand.<\/p>\n<p>Soyez les bienvenus \u00e0 Turku, une ville internationale !<\/p>\n<h4><a href=\"https:\/\/blog.edu.turku.fi\/kieliluokat\/fr\/ou\/ecoles\/\">Les \u00e9coles et coll\u00e8ges bilingues \u00e0 Turku, Naantali et Raisio<\/a><\/h4>\n","protected":false},"excerpt":{"rendered":"<p>Enseignement bilingue \u00e0 Turku Sur ce site nous vous pr\u00e9sentons l\u2019enseignement bilingue dans la ville de Turku. Dans plusieurs \u00e9coles \u00e0 Turku, les \u00e9l\u00e8ves peuvent \u00e9tudier durant toute la scolarit\u00e9 obligatoire dans des classes d\u2019enseignement bilingue o\u00f9 l&#8217;on enseigne partiellement<\/p>\n","protected":false},"author":56,"featured_media":0,"parent":336,"menu_order":0,"comment_status":"closed","ping_status":"closed","template":"","meta":{"footnotes":""},"class_list":["post-65","page","type-page","status-publish","hentry"],"_links":{"self":[{"href":"https:\/\/blog.edu.turku.fi\/kieliluokat\/wp-json\/wp\/v2\/pages\/65","targetHints":{"allow":["GET"]}}],"collection":[{"href":"https:\/\/blog.edu.turku.fi\/kieliluokat\/wp-json\/wp\/v2\/pages"}],"about":[{"href":"https:\/\/blog.edu.turku.fi\/kieliluokat\/wp-json\/wp\/v2\/types\/page"}],"author":[{"embeddable":true,"href":"https:\/\/blog.edu.turku.fi\/kieliluokat\/wp-json\/wp\/v2\/users\/56"}],"replies":[{"embeddable":true,"href":"https:\/\/blog.edu.turku.fi\/kieliluokat\/wp-json\/wp\/v2\/comments?post=65"}],"version-history":[{"count":3,"href":"https:\/\/blog.edu.turku.fi\/kieliluokat\/wp-json\/wp\/v2\/pages\/65\/revisions"}],"predecessor-version":[{"id":506,"href":"https:\/\/blog.edu.turku.fi\/kieliluokat\/wp-json\/wp\/v2\/pages\/65\/revisions\/506"}],"up":[{"embeddable":true,"href":"https:\/\/blog.edu.turku.fi\/kieliluokat\/wp-json\/wp\/v2\/pages\/336"}],"wp:attachment":[{"href":"https:\/\/blog.edu.turku.fi\/kieliluokat\/wp-json\/wp\/v2\/media?parent=65"}],"curies":[{"name":"wp","href":"https:\/\/api.w.org\/{rel}","templated":true}]}}