{"id":539,"date":"2017-05-30T10:33:38","date_gmt":"2017-05-30T07:33:38","guid":{"rendered":"https:\/\/blog.edu.turku.fi\/kieliluokat\/?page_id=539"},"modified":"2026-03-02T13:39:46","modified_gmt":"2026-03-02T11:39:46","slug":"puolalan-koulu-suomalais-venalainen-luokka","status":"publish","type":"page","link":"https:\/\/blog.edu.turku.fi\/kieliluokat\/fi\/missa\/koulut\/puolalan-koulu\/puolalan-koulu-suomalais-venalainen-luokka\/","title":{"rendered":"Puolalan koulu, suomalais-ven\u00e4l\u00e4inen luokka"},"content":{"rendered":"<p>Huom! Uusia suomalais-ven\u00e4l\u00e4isi\u00e4 luokkia ei muodosteta syksyst\u00e4 2025 alkaen.<\/p>\n<p><span style=\"color: #333333\"><strong>Luokat 1-2<\/strong><\/span><\/p>\n<ul>\n<li><span style=\"color: #333333\">Kielell\u00e4 leikitell\u00e4\u00e4n, loruillaan, lauletaan ja kuunnellaan satuja.<\/span><\/li>\n<li><span style=\"color: #333333\">Koulup\u00e4iv\u00e4n rutiineja opetellaan ven\u00e4j\u00e4ksi.<\/span><\/li>\n<li><span style=\"color: #333333\">Opetuksessa keskityt\u00e4\u00e4n ven\u00e4j\u00e4n kielen ymm\u00e4rt\u00e4miseen ja puhumiseen. V\u00e4hitellen opetellaan my\u00f6s oppisis\u00e4lt\u00f6j\u00e4 ven\u00e4j\u00e4n kielell\u00e4.<\/span><\/li>\n<li><span style=\"color: #333333\">Syntyper\u00e4inen kielenel\u00e4v\u00f6itt\u00e4j\u00e4 tukee kielen oppimista 1. luokalta l\u00e4htien.<\/span><\/li>\n<li><span style=\"color: #333333\">Ven\u00e4j\u00e4n kielen kirjainten opiskelu alkaa 2. luokan kev\u00e4\u00e4ll\u00e4.<\/span><\/li>\n<li><span style=\"color: #333333\">Lukemaan ja kirjoittamaan opetellaan suomeksi.<\/span><\/li>\n<\/ul>\n<p><span style=\"color: #333333\"><strong>Luokat 3-6<\/strong><\/span><\/p>\n<ul>\n<li><span style=\"color: #333333\">Ven\u00e4j\u00e4n kielen osuus opetuksessa lis\u00e4\u00e4ntyy.<\/span><\/li>\n<li><span style=\"color: #333333\">Tekstej\u00e4 aletaan lukea ja kirjoittaa ven\u00e4j\u00e4ksi.<\/span><\/li>\n<li><span style=\"color: #333333\">Ven\u00e4j\u00e4n kielt\u00e4 k\u00e4ytet\u00e4\u00e4n mahdollisuuksien mukaan muilla paitsi \u00e4idinkielen tunneilla.<\/span><\/li>\n<\/ul>\n<p><span style=\"color: #333333\"><strong>Luokat 7-9<\/strong><\/span><\/p>\n<ul>\n<li><span style=\"color: #333333\">Ven\u00e4j\u00e4\u00e4 opetetaan A1-kielen\u00e4 3 viikkotuntia jokaisella vuosiluokalla.<\/span><\/li>\n<li><span style=\"color: #333333\">7. luokalla oppilaat osallistuvat ven\u00e4j\u00e4n kielen kerhotoimintaan.<\/span><\/li>\n<li><span style=\"color: #333333\">8. ja 9. luokalla syvennet\u00e4\u00e4n ven\u00e4j\u00e4n kielen ja kulttuurin osaamista syntyper\u00e4isen kielenel\u00e4v\u00f6itt\u00e4j\u00e4n johdolla.<\/span><\/li>\n<li><span style=\"color: #333333\">Ven\u00e4j\u00e4n kielen ja kulttuurin opetuksessa k\u00e4ytet\u00e4\u00e4n monipuolisesti tieto- ja viestint\u00e4tekniikkaa sek\u00e4 tehd\u00e4\u00e4n yhteisty\u00f6t\u00e4 yst\u00e4vyyskoulujen kanssa.<\/span><\/li>\n<li><span style=\"color: #333333\">Muiden oppiaineiden opetus tapahtuu suomen kielell\u00e4.<\/span><\/li>\n<\/ul>\n<h4>Yhteystiedot<\/h4>\n<p>Puolalan koulu<br \/>\nKauppiaskatu 14, 20100 Turku<br \/>\n<a href=\"http:\/\/opaskartta.turku.fi\/Web\/Default.aspx?layers=Opaskartta&amp;cp=105482,69795&amp;z=2&amp;title=Puolalan%20koulu%2C%20Kauppiaskatu%2014%2C%20Turku&amp;language=fin\">Katso sijainti kartalta<\/a><\/p>\n<p>apulaisrehtori Jussi Tuimala<br \/>\npuh. 044 907 5629<br \/>\njussi.tuimala@edu.turku.fi<\/p>\n<p><a href=\"https:\/\/blog.edu.turku.fi\/puolala\/\">Koulun kotisivut<\/a><\/p>\n<p><a href=\"https:\/\/blog.edu.turku.fi\/kieliluokat\/fi\/missa\/koulut\/puolalan-koulu\/\">Takaisin koulun esittelysivulle<\/a><\/p>\n","protected":false},"excerpt":{"rendered":"<p>Huom! Uusia suomalais-ven\u00e4l\u00e4isi\u00e4 luokkia ei muodosteta syksyst\u00e4 2025 alkaen. Luokat 1-2 Kielell\u00e4 leikitell\u00e4\u00e4n, loruillaan, lauletaan ja kuunnellaan satuja. Koulup\u00e4iv\u00e4n rutiineja opetellaan ven\u00e4j\u00e4ksi. Opetuksessa keskityt\u00e4\u00e4n ven\u00e4j\u00e4n kielen ymm\u00e4rt\u00e4miseen ja puhumiseen. V\u00e4hitellen opetellaan my\u00f6s oppisis\u00e4lt\u00f6j\u00e4 ven\u00e4j\u00e4n kielell\u00e4. Syntyper\u00e4inen kielenel\u00e4v\u00f6itt\u00e4j\u00e4 tukee kielen oppimista<\/p>\n","protected":false},"author":56,"featured_media":0,"parent":173,"menu_order":0,"comment_status":"closed","ping_status":"closed","template":"","meta":{"footnotes":""},"class_list":["post-539","page","type-page","status-publish","hentry"],"_links":{"self":[{"href":"https:\/\/blog.edu.turku.fi\/kieliluokat\/wp-json\/wp\/v2\/pages\/539","targetHints":{"allow":["GET"]}}],"collection":[{"href":"https:\/\/blog.edu.turku.fi\/kieliluokat\/wp-json\/wp\/v2\/pages"}],"about":[{"href":"https:\/\/blog.edu.turku.fi\/kieliluokat\/wp-json\/wp\/v2\/types\/page"}],"author":[{"embeddable":true,"href":"https:\/\/blog.edu.turku.fi\/kieliluokat\/wp-json\/wp\/v2\/users\/56"}],"replies":[{"embeddable":true,"href":"https:\/\/blog.edu.turku.fi\/kieliluokat\/wp-json\/wp\/v2\/comments?post=539"}],"version-history":[{"count":11,"href":"https:\/\/blog.edu.turku.fi\/kieliluokat\/wp-json\/wp\/v2\/pages\/539\/revisions"}],"predecessor-version":[{"id":647,"href":"https:\/\/blog.edu.turku.fi\/kieliluokat\/wp-json\/wp\/v2\/pages\/539\/revisions\/647"}],"up":[{"embeddable":true,"href":"https:\/\/blog.edu.turku.fi\/kieliluokat\/wp-json\/wp\/v2\/pages\/173"}],"wp:attachment":[{"href":"https:\/\/blog.edu.turku.fi\/kieliluokat\/wp-json\/wp\/v2\/media?parent=539"}],"curies":[{"name":"wp","href":"https:\/\/api.w.org\/{rel}","templated":true}]}}