{"id":536,"date":"2017-05-30T10:31:48","date_gmt":"2017-05-30T07:31:48","guid":{"rendered":"https:\/\/blog.edu.turku.fi\/kieliluokat\/?page_id=536"},"modified":"2026-03-02T13:41:09","modified_gmt":"2026-03-02T11:41:09","slug":"puolalan-koulu-saksan-kieliluokka","status":"publish","type":"page","link":"https:\/\/blog.edu.turku.fi\/kieliluokat\/fi\/missa\/koulut\/puolalan-koulu\/puolalan-koulu-saksan-kieliluokka\/","title":{"rendered":"Puolalan koulu, saksan kieliluokka"},"content":{"rendered":"<p><strong>Luokat 1-2<\/strong><\/p>\n<ul>\n<li>Kielen oppiminen on toiminnallista; kielell\u00e4 leikitell\u00e4\u00e4n, loruillaan ja lauletaan.<\/li>\n<li>Koulup\u00e4iv\u00e4\u00e4n liittyvi\u00e4 rutiineja opetellaan hoitamaan saksan kielell\u00e4.<\/li>\n<li>Opetuksessa keskityt\u00e4\u00e4n saksan kielen ymm\u00e4rt\u00e4miseen ja puhutun kielen tuottamiseen.<\/li>\n<li>Saksan kielt\u00e4 luetaan ja kirjoitetaan luokan ja oppilaan taso huomioiden.<\/li>\n<li>Syntyper\u00e4inen kielenel\u00e4v\u00f6itt\u00e4j\u00e4 tukee saksan kielen oppimista 1. luokalta l\u00e4htien.<\/li>\n<li>Lukemaan ja kirjoittamaan opetellaan suomeksi.<\/li>\n<\/ul>\n<p><strong>Luokat 3-6<\/strong><\/p>\n<ul>\n<li>Kielitaidon lis\u00e4\u00e4ntyess\u00e4 saksan kielen osuus opetuksessa lis\u00e4\u00e4ntyy ja monipuolistuu.<\/li>\n<li>Oppilaat k\u00e4ytt\u00e4v\u00e4t kielt\u00e4 suullisen kommunikaation ja kuullunymm\u00e4rt\u00e4misen lis\u00e4ksi yh\u00e4 enemm\u00e4n luetunymm\u00e4rt\u00e4miseen sek\u00e4 tekev\u00e4t ik\u00e4- ja taitotasolleen sopivia projekteja.<\/li>\n<li>Saksan kielt\u00e4 k\u00e4ytet\u00e4\u00e4n mahdollisuuksien mukaan \u00e4idinkielt\u00e4 lukuun ottamatta kaikkien oppiaineiden tunneilla.<\/li>\n<li>Saksan kielen tunneilla harjoitellaan kielen rakenteita ja oikeakielisyytt\u00e4 3. luokalta l\u00e4htien.<\/li>\n<\/ul>\n<p><strong>Luokat 7-9<\/strong><\/p>\n<p>Saksan kieliluokkien opetuksen tavoitteena on oppilaan my\u00f6nteinen asennoituminen saksan kielen opiskeluun, hyv\u00e4 kulttuurillinen osaaminen ja laajemmat saksan kielen taidot kuin normaalissa A-kielen opiskelussa. Kielen opiskelussa painotetaan kaikkia kielen osa-alueita: puhuminen, kuunteleminen, kirjoittaminen ja lukeminen.<\/p>\n<p>Saksan kieliluokalla osallistutaan 9. luokalla kielikokeeseen Das Deutsche Sprachdiplom I, joka on todistus eurooppalaisen viitekehyksen taitotason B1 saksan kielen taidosta. Das Deutsche Sprachdiplom (DSD) on virallinen kielitutkinto, josta vastaavat Saksan liittovaltion ja osavaltioiden opetusviranomaiset. Kielitutkintoon osallistuminen on maksutonta.<\/p>\n<ul>\n<li>Saksan kielt\u00e4 opetetaan A1-kielen\u00e4 3 viikkotuntia jokaisella vuosiluokalla.<\/li>\n<li>Saksan kielt\u00e4 k\u00e4ytet\u00e4\u00e4n eri oppiaineissa mahdollisuuksien mukaan.<\/li>\n<li>Syntyper\u00e4inen kielenel\u00e4v\u00f6itt\u00e4j\u00e4 opettaa kieliluokkaa koko yl\u00e4koulun ajan keskim\u00e4\u00e4rin tunnin viikossa yhteisty\u00f6ss\u00e4 aineenopettajien kanssa.<\/li>\n<li>Saksan kieliluokalla osallistutaan 9. luokalla kielikokeeseen Das Deutsche Sprachdiplom I, joka on todistus eurooppalaisen viitekehyksen taitotason B1 saksan kielen taidosta. Das Deutsche Sprach-diplom (DSD) on virallinen kielitutkinto, josta vastaavat Saksan liittovaltion ja osavaltioiden opetusviranomaiset. Kielitutkintoon osallistuminen on maksutonta.<\/li>\n<li>Saksan kieliluokalla voidaan osallistua oppilasvaihtoon saksalaisen yst\u00e4vyyskoulun kanssa kulttuuritiedon lis\u00e4\u00e4miseksi ja kielitaidon kehitt\u00e4miseksi. Vaihtoon kuuluu itse kustannettava, noin viikon pituinen opintomatka kohdemaahan sek\u00e4 vastavierailun is\u00e4nn\u00f6iminen.<\/li>\n<li>Pyrit\u00e4\u00e4n yhteisty\u00f6h\u00f6n Helsingiss\u00e4 sijaitsevan saksalaisen koulun Deutsche Schulen kanssa.<\/li>\n<li>Arvioinnissa noudatetaan perusopetuksen yleisi\u00e4 arviointiperusteita.<\/li>\n<\/ul>\n<h4>Yhteystiedot<\/h4>\n<p>Puolalan koulu<br \/>\nKauppiaskatu 14, 20100 Turku<br \/>\n<a href=\"http:\/\/opaskartta.turku.fi\/Web\/Default.aspx?layers=Opaskartta&amp;cp=105482,69795&amp;z=2&amp;title=Puolalan%20koulu%2C%20Kauppiaskatu%2014%2C%20Turku&amp;language=fin\">Katso sijainti kartalta<\/a><\/p>\n<p>apulaisrehtori Jussi Tuimala<br \/>\npuh. 044 907 5629<br \/>\nkaisu.metsa-tokila@edu.turku.fi<\/p>\n<p><a href=\"https:\/\/blog.edu.turku.fi\/puolala\/\">Koulun kotisivut<\/a><\/p>\n<p><a href=\"https:\/\/blog.edu.turku.fi\/kieliluokat\/fi\/missa\/koulut\/puolalan-koulu\/\">Takaisin koulun esittelysivulle<\/a><\/p>\n<h4><\/h4>\n","protected":false},"excerpt":{"rendered":"<p>Luokat 1-2 Kielen oppiminen on toiminnallista; kielell\u00e4 leikitell\u00e4\u00e4n, loruillaan ja lauletaan. Koulup\u00e4iv\u00e4\u00e4n liittyvi\u00e4 rutiineja opetellaan hoitamaan saksan kielell\u00e4. Opetuksessa keskityt\u00e4\u00e4n saksan kielen ymm\u00e4rt\u00e4miseen ja puhutun kielen tuottamiseen. Saksan kielt\u00e4 luetaan ja kirjoitetaan luokan ja oppilaan taso huomioiden. Syntyper\u00e4inen kielenel\u00e4v\u00f6itt\u00e4j\u00e4 tukee<\/p>\n","protected":false},"author":56,"featured_media":0,"parent":173,"menu_order":0,"comment_status":"closed","ping_status":"closed","template":"","meta":{"footnotes":""},"class_list":["post-536","page","type-page","status-publish","hentry"],"_links":{"self":[{"href":"https:\/\/blog.edu.turku.fi\/kieliluokat\/wp-json\/wp\/v2\/pages\/536","targetHints":{"allow":["GET"]}}],"collection":[{"href":"https:\/\/blog.edu.turku.fi\/kieliluokat\/wp-json\/wp\/v2\/pages"}],"about":[{"href":"https:\/\/blog.edu.turku.fi\/kieliluokat\/wp-json\/wp\/v2\/types\/page"}],"author":[{"embeddable":true,"href":"https:\/\/blog.edu.turku.fi\/kieliluokat\/wp-json\/wp\/v2\/users\/56"}],"replies":[{"embeddable":true,"href":"https:\/\/blog.edu.turku.fi\/kieliluokat\/wp-json\/wp\/v2\/comments?post=536"}],"version-history":[{"count":5,"href":"https:\/\/blog.edu.turku.fi\/kieliluokat\/wp-json\/wp\/v2\/pages\/536\/revisions"}],"predecessor-version":[{"id":648,"href":"https:\/\/blog.edu.turku.fi\/kieliluokat\/wp-json\/wp\/v2\/pages\/536\/revisions\/648"}],"up":[{"embeddable":true,"href":"https:\/\/blog.edu.turku.fi\/kieliluokat\/wp-json\/wp\/v2\/pages\/173"}],"wp:attachment":[{"href":"https:\/\/blog.edu.turku.fi\/kieliluokat\/wp-json\/wp\/v2\/media?parent=536"}],"curies":[{"name":"wp","href":"https:\/\/api.w.org\/{rel}","templated":true}]}}