{"id":531,"date":"2017-05-30T10:29:23","date_gmt":"2017-05-30T07:29:23","guid":{"rendered":"https:\/\/blog.edu.turku.fi\/kieliluokat\/?page_id=531"},"modified":"2023-08-02T08:51:52","modified_gmt":"2023-08-02T05:51:52","slug":"puolalan-koulu-englannin-kieliluokka","status":"publish","type":"page","link":"https:\/\/blog.edu.turku.fi\/kieliluokat\/fi\/missa\/koulut\/puolalan-koulu\/puolalan-koulu-englannin-kieliluokka\/","title":{"rendered":"Puolalan koulu, englannin kieliluokka"},"content":{"rendered":"<p><strong>Luokat 1-2<\/strong><\/p>\n<ul>\n<li>Kielen oppiminen on toiminnallista; kielell\u00e4 leikitell\u00e4\u00e4n, loruillaan ja lauletaan.<\/li>\n<li>Koulup\u00e4iv\u00e4\u00e4n liittyvi\u00e4 rutiineja opetellaan hoitamaan englannin kielell\u00e4.<\/li>\n<li>Opetuksessa keskityt\u00e4\u00e4n englannin kielen ymm\u00e4rt\u00e4miseen ja puhutun kielen tuottamiseen.<\/li>\n<li>V\u00e4hitellen siirryt\u00e4\u00e4n opiskelemaan my\u00f6s oppisis\u00e4lt\u00f6j\u00e4 englannin kielell\u00e4.<\/li>\n<li>Syntyper\u00e4inen kielenel\u00e4v\u00f6itt\u00e4j\u00e4 tukee englannin kielen oppimista 1. luokalta l\u00e4htien.<\/li>\n<li>Lukemaan ja kirjoittamaan opetellaan suomeksi.<\/li>\n<\/ul>\n<p><strong>Luokat 3-6<\/strong><\/p>\n<ul>\n<li>Kielitaidon lis\u00e4\u00e4ntyess\u00e4 englannin kielen osuus opetuksessa lis\u00e4\u00e4ntyy ja monipuolistuu.<\/li>\n<li>Oppilaat k\u00e4ytt\u00e4v\u00e4t kielt\u00e4 suullisen kommunikaation ja kuullunymm\u00e4rt\u00e4misen lis\u00e4ksi yh\u00e4 enemm\u00e4n luetunymm\u00e4rt\u00e4miseen sek\u00e4 itsen\u00e4isten kirjallisten t\u00f6iden tuottamiseen.<\/li>\n<li>Englannin kielt\u00e4 k\u00e4ytet\u00e4\u00e4n soveltuvin osin \u00e4idinkielt\u00e4 lukuun ottamatta kaikkien oppiaineiden tunneilla.<\/li>\n<li>Englannin kielen ja kulttuurin opetuksessa k\u00e4ytet\u00e4\u00e4n monipuolisesti tieto- ja viestint\u00e4tekniikkaa.<\/li>\n<li>Englannin kielen tunneilla huolehditaan kielen rakenteista ja oikeakielisyydest\u00e4 3. luokalta l\u00e4htien.<\/li>\n<\/ul>\n<p><strong>Luokat 7-9<\/strong><\/p>\n<ul>\n<li>Yl\u00e4koulussa kieli on edelleen oppimisen v\u00e4line.<\/li>\n<li>Tavoitteena on alakoulussa hankitun kielitaidon varmentaminen ja kehitt\u00e4minen.<\/li>\n<li>Englannin kielt\u00e4 k\u00e4ytet\u00e4\u00e4n matematiikassa, fysiikassa, kemiassa, biologiassa, maantiedossa, historiassa ja yhteiskuntaopissa sek\u00e4 terveystiedossa.<\/li>\n<li>Suomenkielinen osuus kasvaa jonkin verran peruskoulun j\u00e4lkeisen jatko-opiskelun turvaamiseksi.<\/li>\n<li>Yl\u00e4koulun aikana voidaan osallistua oppilasvaihtoon eurooppalaisen yst\u00e4vyyskoulun kanssa.<\/li>\n<\/ul>\n<h4>Yhteystiedot<\/h4>\n<p>Puolalan koulu<br \/>\nKauppiaskatu 14, 20100 Turku<br \/>\n<a href=\"http:\/\/opaskartta.turku.fi\/Web\/Default.aspx?layers=Opaskartta&amp;cp=105482,69795&amp;z=2&amp;title=Puolalan%20koulu%2C%20Kauppiaskatu%2014%2C%20Turku&amp;language=fin\">Katso sijainti kartalta<\/a><\/p>\n<p>apulaisrehtori Kaisu Mets\u00e4-Tokila<br \/>\npuh.\u00a0050 432 3640<br \/>\nkaisu.metsa-tokila@edu.turku.fi<\/p>\n<p><a href=\"https:\/\/blog.edu.turku.fi\/puolala\/\">Koulun kotisivut<\/a><\/p>\n<p><a href=\"https:\/\/blog.edu.turku.fi\/kieliluokat\/fi\/missa\/koulut\/puolalan-koulu\/\">Takaisin koulun esittelysivulle<\/a><\/p>\n<h4><\/h4>\n","protected":false},"excerpt":{"rendered":"<p>Luokat 1-2 Kielen oppiminen on toiminnallista; kielell\u00e4 leikitell\u00e4\u00e4n, loruillaan ja lauletaan. Koulup\u00e4iv\u00e4\u00e4n liittyvi\u00e4 rutiineja opetellaan hoitamaan englannin kielell\u00e4. Opetuksessa keskityt\u00e4\u00e4n englannin kielen ymm\u00e4rt\u00e4miseen ja puhutun kielen tuottamiseen. V\u00e4hitellen siirryt\u00e4\u00e4n opiskelemaan my\u00f6s oppisis\u00e4lt\u00f6j\u00e4 englannin kielell\u00e4. Syntyper\u00e4inen kielenel\u00e4v\u00f6itt\u00e4j\u00e4 tukee englannin kielen oppimista<\/p>\n","protected":false},"author":56,"featured_media":0,"parent":173,"menu_order":0,"comment_status":"closed","ping_status":"closed","template":"","meta":{"footnotes":""},"class_list":["post-531","page","type-page","status-publish","hentry"],"_links":{"self":[{"href":"https:\/\/blog.edu.turku.fi\/kieliluokat\/wp-json\/wp\/v2\/pages\/531","targetHints":{"allow":["GET"]}}],"collection":[{"href":"https:\/\/blog.edu.turku.fi\/kieliluokat\/wp-json\/wp\/v2\/pages"}],"about":[{"href":"https:\/\/blog.edu.turku.fi\/kieliluokat\/wp-json\/wp\/v2\/types\/page"}],"author":[{"embeddable":true,"href":"https:\/\/blog.edu.turku.fi\/kieliluokat\/wp-json\/wp\/v2\/users\/56"}],"replies":[{"embeddable":true,"href":"https:\/\/blog.edu.turku.fi\/kieliluokat\/wp-json\/wp\/v2\/comments?post=531"}],"version-history":[{"count":5,"href":"https:\/\/blog.edu.turku.fi\/kieliluokat\/wp-json\/wp\/v2\/pages\/531\/revisions"}],"predecessor-version":[{"id":627,"href":"https:\/\/blog.edu.turku.fi\/kieliluokat\/wp-json\/wp\/v2\/pages\/531\/revisions\/627"}],"up":[{"embeddable":true,"href":"https:\/\/blog.edu.turku.fi\/kieliluokat\/wp-json\/wp\/v2\/pages\/173"}],"wp:attachment":[{"href":"https:\/\/blog.edu.turku.fi\/kieliluokat\/wp-json\/wp\/v2\/media?parent=531"}],"curies":[{"name":"wp","href":"https:\/\/api.w.org\/{rel}","templated":true}]}}