{"id":42,"date":"2017-03-30T15:34:15","date_gmt":"2017-03-30T12:34:15","guid":{"rendered":"https:\/\/blog.edu.turku.fi\/kieliluokat\/?page_id=42"},"modified":"2017-05-24T13:48:38","modified_gmt":"2017-05-24T10:48:38","slug":"kieliluokkatoiminnan-historia","status":"publish","type":"page","link":"https:\/\/blog.edu.turku.fi\/kieliluokat\/fi\/mita\/kieliluokkatoiminnan-historia\/","title":{"rendered":"Kieliluokkatoiminnan historia"},"content":{"rendered":"<h3>Turku on kieliluokkaopetuksen uranuurtaja<\/h3>\n<ul>\n<li>Turulla on pitk\u00e4t perinteet vieraskielisess\u00e4 opetuksessa<\/li>\n<li>Englanninkielinen opetus on alkanut Turussa vuonna 1990, ranska 1993, saksa 1994 ja ven\u00e4j\u00e4 1994<\/li>\n<li>Ruotsin kielikylpy 1992<\/li>\n<li>Kieliluokkatoiminta on laajamittaista ja keskushallintojohtoista<\/li>\n<li>Kaupungissa toimii useita kaksikielisi\u00e4 p\u00e4iv\u00e4koteja<\/li>\n<\/ul>\n<h4>Kieliluokkatoiminnan historia<\/h4>\n<p>Turun kaupungin koululaitoksessa alkoi vieraskielinen opetus jo vuonna 1990. Toiminta k\u00e4ynnistyi rehtori Hannu Isolaurin ja osastop\u00e4\u00e4llikk\u00f6 Tapio Alapaattikosken toimesta. Kokeilu tapahtui silloisen Kouluhallituksen virallisena kaksivuotisena kokeiluna. Hankkeen tavoitteena oli kokeilla muun kuin oppilaan oman \u00e4idinkielen k\u00e4ytt\u00f6\u00e4 opetuksessa. Puolalan kouluun perustettiin t\u00e4ll\u00f6in ensimm\u00e4inen englannin kieliluokka.<\/p>\n<p>Hyvien kokemusten ja uuden koululains\u00e4\u00e4d\u00e4nn\u00f6n my\u00f6t\u00e4 kieliluokkatoiminta sai pian jatkoa, kun ranskan kieliluokat aloittivat toimintansa V\u00e4h\u00e4-Heikkil\u00e4n koulussa 1993 ja ruotsin kielikylpyluokka Kerttulin koulussa 1992. Vuonna 1994 aloittivat saksan kieliluokat Puolalan koulussa ja ven\u00e4j\u00e4n kieliluokat Ter\u00e4srautelan koulussa. My\u00f6hemmin ven\u00e4j\u00e4n kieliluokka siirtyi Puolalan kouluun parempien liikenneyhteyksien vuoksi.<\/p>\n<p>Turulla on pitk\u00e4t perinteet ja vahva kokemus vieraskielisen opetuksen tarjoajana perusopetuksessa. Opettajat ovat kouluttautuneet aktiivisesti ja kieliluokat osallistuvat monipuolisesti kansainv\u00e4lisiin yhteisty\u00f6hankkeisiin ja kansallisiin projekteihin.<\/p>\n","protected":false},"excerpt":{"rendered":"<p>Turku on kieliluokkaopetuksen uranuurtaja Turulla on pitk\u00e4t perinteet vieraskielisess\u00e4 opetuksessa Englanninkielinen opetus on alkanut Turussa vuonna 1990, ranska 1993, saksa 1994 ja ven\u00e4j\u00e4 1994 Ruotsin kielikylpy 1992 Kieliluokkatoiminta on laajamittaista ja keskushallintojohtoista Kaupungissa toimii useita kaksikielisi\u00e4 p\u00e4iv\u00e4koteja Kieliluokkatoiminnan historia Turun<\/p>\n","protected":false},"author":56,"featured_media":0,"parent":30,"menu_order":0,"comment_status":"closed","ping_status":"closed","template":"","meta":{"footnotes":""},"class_list":["post-42","page","type-page","status-publish","hentry"],"_links":{"self":[{"href":"https:\/\/blog.edu.turku.fi\/kieliluokat\/wp-json\/wp\/v2\/pages\/42","targetHints":{"allow":["GET"]}}],"collection":[{"href":"https:\/\/blog.edu.turku.fi\/kieliluokat\/wp-json\/wp\/v2\/pages"}],"about":[{"href":"https:\/\/blog.edu.turku.fi\/kieliluokat\/wp-json\/wp\/v2\/types\/page"}],"author":[{"embeddable":true,"href":"https:\/\/blog.edu.turku.fi\/kieliluokat\/wp-json\/wp\/v2\/users\/56"}],"replies":[{"embeddable":true,"href":"https:\/\/blog.edu.turku.fi\/kieliluokat\/wp-json\/wp\/v2\/comments?post=42"}],"version-history":[{"count":7,"href":"https:\/\/blog.edu.turku.fi\/kieliluokat\/wp-json\/wp\/v2\/pages\/42\/revisions"}],"predecessor-version":[{"id":511,"href":"https:\/\/blog.edu.turku.fi\/kieliluokat\/wp-json\/wp\/v2\/pages\/42\/revisions\/511"}],"up":[{"embeddable":true,"href":"https:\/\/blog.edu.turku.fi\/kieliluokat\/wp-json\/wp\/v2\/pages\/30"}],"wp:attachment":[{"href":"https:\/\/blog.edu.turku.fi\/kieliluokat\/wp-json\/wp\/v2\/media?parent=42"}],"curies":[{"name":"wp","href":"https:\/\/api.w.org\/{rel}","templated":true}]}}