{"id":406,"date":"2017-05-11T12:03:17","date_gmt":"2017-05-11T09:03:17","guid":{"rendered":"https:\/\/blog.edu.turku.fi\/kieliluokat\/?page_id=406"},"modified":"2023-08-02T08:51:32","modified_gmt":"2023-08-02T05:51:32","slug":"puolala-schule","status":"publish","type":"page","link":"https:\/\/blog.edu.turku.fi\/kieliluokat\/de\/wo\/schulen\/puolala-schule\/","title":{"rendered":"Puolala Schule"},"content":{"rendered":"<h3>Willkommen an der Puolala Schule<\/h3>\n<p>Die Puolala Schule befindet sich mitten im Zentrum Turkus nahe guter Verkehrsverbindungen. Die erste Sprachklasse wurde schon 1990 an der Puolala Schule gegr\u00fcndet. Unterricht auf Englisch, Deutsch und Russisch wird von der 1.-9. Klassenstufe erteilt. Als Unterrichtsprinzip wird die CLIL-Methode angewandt.<\/p>\n<h4>Sprachunterricht in den Klassenstufen 1-9: Deutsche Sprachklasse<\/h4>\n<p><strong>Klassenstufe 1-2<\/strong><\/p>\n<ul>\n<li>Das Erlernen der Sprache erfolgt Spielend, mit Kinderreimen und Singend.<\/li>\n<li>Routinen, die zum Schultag geh\u00f6ren werden auf Deutsch erledigt.<\/li>\n<li>Im Unterricht konzentriert man sich auf H\u00f6rverst\u00e4ndnis\u00fcbungen und das Sprechen.<\/li>\n<li>Geschrieben und gelesen wird auf Deutsch unter Ber\u00fccksichtigung des Niveaus der Klasse und der Sch\u00fcler.<\/li>\n<li>Ein Muttersprachler unterst\u00fctzt das Erlernen der deutschen Sprache ab der ersten Klasse.<\/li>\n<li>Schreiben und Lesen wird auf Finnisch beigebracht.<\/li>\n<\/ul>\n<p><strong>Klassenstufe 3-6<\/strong><\/p>\n<ul>\n<li>Mit Verbesserung der Sprachkompetenz wird der Anteil der Fremdsprache am Unterricht erh\u00f6ht und vielf\u00e4ltiger.<\/li>\n<li>Die Sch\u00fcler \u00fcben die verbale Kommunikation, das H\u00f6rverst\u00e4ndnis sowie Textverst\u00e4ndnis und nehmen an f\u00fcr ihr Alter und Niveau entsprechenden Projekten teil.<\/li>\n<li>Die deutsche Sprache wird je nach M\u00f6glichkeit in allen F\u00e4chern bis auf das Fach der Muttersprache angewandt.<\/li>\n<li>In Deutschstunden werden Satzstruktur und Rechtschreibung ge\u00fcbt.<\/li>\n<\/ul>\n<p><strong>Klassenstufen 7-9<\/strong><\/p>\n<p>Unterrichtsziele der deutschen Sprachklassen sind eine positive Einstellung zum Erlernen der deutschen Sprache, eine Erweiterung des kulturellen Horizontes und ein vertiefenderes Erwerben deutscher Sprachkenntnisse als im normalen Unterrichtsfach A (Deutsch als 1. Fremdsprache). Im Sprachunterricht liegt der Schwerpunkt auf allen Teilgebieten des Spracherwerbs: Sprechen, H\u00f6ren, Schreiben und Lesen.<\/p>\n<ul>\n<li>Deutsch wird als A1-Sprache (1. Fremdsprache) mit drei Wochenstunden in jeder Klassenstufe unterrichtet.<\/li>\n<li>Deutsch wird je nach M\u00f6glichkeit in verschiedenen Sachf\u00e4chern angewandt.<\/li>\n<li>Ein\/e Muttersprachler\/in unterrichtet die Sprachklasse w\u00e4hrend der gesamten Oberstufe durchschnittlich eine Stunde pro Woche in Zusammenarbeit mit dem Fachlehrer.<\/li>\n<li>Die Sch\u00fcler\/innen der Deutsch-Sprachklassen legen in der 9. Klasse das Deutsche Sprachdiplom I ab. Das Deutsche Sprachdiplom \u2013 Erste Stufe (DSD I) entspricht nach dem Gemeinsamen europ\u00e4ischen Referenzrahmen der Kompetenzstufe B1. Das Deutsche Sprachdiplom der Kultusministerkonferenz wird vom Bund und den L\u00e4ndern gemeinsam getragen. Die Teilnahme am DSD I ist kostenlos.<\/li>\n<li>In der deutschen Sprachklasse kann an einem Sch\u00fcleraustausch mit den deutschen Partnerschulen teilgenommen werden um Kultur- und Sprachkenntnisse zu f\u00f6rdern. Der Austausch, welcher selbst fi-nanziert werden muss, umfasst eine einw\u00f6chige Sprachreise in das Gastland. Beim Gegenbesuch agiert man als Gastgeber.<\/li>\n<li>Eine Zusammenarbeit mit der Deutschen Schule in Helsinki wird angestrebt.<\/li>\n<\/ul>\n<h4>Kontaktinformationen<\/h4>\n<p>Kauppiaskatu 14, 20100 Turku<br \/>\n<a href=\"http:\/\/opaskartta.turku.fi\/Web\/Default.aspx?layers=Opaskartta&amp;cp=105482,69795&amp;z=2&amp;title=Puolalan%20koulu%2C%20Kauppiaskatu%2014%2C%20Turku&amp;language=fin\">siehe Lage am Plan<\/a><\/p>\n<p>Direktorin Kaisu Mets\u00e4-Tokila<br \/>\nTel. +358 050 432 3640<br \/>\nkaisu.metsa-tokila@edu.turku.fi<\/p>\n<p><a href=\"https:\/\/blog.edu.turku.fi\/puolala\">Homepage der Schule<\/a><\/p>\n","protected":false},"excerpt":{"rendered":"<p>Willkommen an der Puolala Schule Die Puolala Schule befindet sich mitten im Zentrum Turkus nahe guter Verkehrsverbindungen. Die erste Sprachklasse wurde schon 1990 an der Puolala Schule gegr\u00fcndet. Unterricht auf Englisch, Deutsch und Russisch wird von der 1.-9. Klassenstufe erteilt.<\/p>\n","protected":false},"author":56,"featured_media":0,"parent":400,"menu_order":0,"comment_status":"closed","ping_status":"closed","template":"","meta":{"footnotes":""},"class_list":["post-406","page","type-page","status-publish","hentry"],"_links":{"self":[{"href":"https:\/\/blog.edu.turku.fi\/kieliluokat\/wp-json\/wp\/v2\/pages\/406","targetHints":{"allow":["GET"]}}],"collection":[{"href":"https:\/\/blog.edu.turku.fi\/kieliluokat\/wp-json\/wp\/v2\/pages"}],"about":[{"href":"https:\/\/blog.edu.turku.fi\/kieliluokat\/wp-json\/wp\/v2\/types\/page"}],"author":[{"embeddable":true,"href":"https:\/\/blog.edu.turku.fi\/kieliluokat\/wp-json\/wp\/v2\/users\/56"}],"replies":[{"embeddable":true,"href":"https:\/\/blog.edu.turku.fi\/kieliluokat\/wp-json\/wp\/v2\/comments?post=406"}],"version-history":[{"count":6,"href":"https:\/\/blog.edu.turku.fi\/kieliluokat\/wp-json\/wp\/v2\/pages\/406\/revisions"}],"predecessor-version":[{"id":626,"href":"https:\/\/blog.edu.turku.fi\/kieliluokat\/wp-json\/wp\/v2\/pages\/406\/revisions\/626"}],"up":[{"embeddable":true,"href":"https:\/\/blog.edu.turku.fi\/kieliluokat\/wp-json\/wp\/v2\/pages\/400"}],"wp:attachment":[{"href":"https:\/\/blog.edu.turku.fi\/kieliluokat\/wp-json\/wp\/v2\/media?parent=406"}],"curies":[{"name":"wp","href":"https:\/\/api.w.org\/{rel}","templated":true}]}}