{"id":40,"date":"2017-03-30T15:33:17","date_gmt":"2017-03-30T12:33:17","guid":{"rendered":"https:\/\/blog.edu.turku.fi\/kieliluokat\/?page_id=40"},"modified":"2017-05-09T08:19:25","modified_gmt":"2017-05-09T05:19:25","slug":"menetelmat-ja-kasitteet","status":"publish","type":"page","link":"https:\/\/blog.edu.turku.fi\/kieliluokat\/fi\/mita\/menetelmat-ja-kasitteet\/","title":{"rendered":"Menetelm\u00e4t ja k\u00e4sitteet"},"content":{"rendered":"<p>Kieliluokilla annettavaa opetusta kutsutaan vieraskieliseksi opetukseksi. T\u00e4ll\u00f6in opetuksessa osa opetuksesta annetaan suomeksi ja osa vieraalla kielell\u00e4. Vieraskielinen opetus jatkuu koko perusopetuksen luokkien 1-9 ajan.<\/p>\n<p>Vieraskielisest\u00e4 opetuksesta voidaan k\u00e4ytt\u00e4\u00e4 my\u00f6s nimityksi\u00e4 kieliluokka-, kielirikaste-, kielipainotteinen tai kaksikielinen opetus.<\/p>\n<p>Turussa k\u00e4ytett\u00e4v\u00e4 menetelm\u00e4 kieliluokilla on <a href=\"https:\/\/blog.edu.turku.fi\/kieliluokat\/mita\/menetelmat-ja-kasitteet\/clil-menetelma\/\">CLIL<\/a> (Content and Language Integrated Learning).<\/p>\n<p>Ruotsin kielikylpyopetusta annetaan Turussa Martin koulussa ja se jatkuu Luostarivuoren yl\u00e4koulussa. Opetus perustuu varhaiseen, t\u00e4ydelliseen kielikylpymenetelm\u00e4\u00e4n.<\/p>\n<p><a href=\"https:\/\/blog.edu.turku.fi\/kieliluokat\/mita\/menetelmat-ja-kasitteet\/clil-menetelma\/\">Lue lis\u00e4\u00e4 CLIL- menetelm\u00e4st\u00e4<\/a><\/p>\n","protected":false},"excerpt":{"rendered":"<p>Kieliluokilla annettavaa opetusta kutsutaan vieraskieliseksi opetukseksi. T\u00e4ll\u00f6in opetuksessa osa opetuksesta annetaan suomeksi ja osa vieraalla kielell\u00e4. Vieraskielinen opetus jatkuu koko perusopetuksen luokkien 1-9 ajan. Vieraskielisest\u00e4 opetuksesta voidaan k\u00e4ytt\u00e4\u00e4 my\u00f6s nimityksi\u00e4 kieliluokka-, kielirikaste-, kielipainotteinen tai kaksikielinen opetus. Turussa k\u00e4ytett\u00e4v\u00e4 menetelm\u00e4 kieliluokilla<\/p>\n","protected":false},"author":56,"featured_media":0,"parent":30,"menu_order":0,"comment_status":"closed","ping_status":"closed","template":"","meta":{"footnotes":""},"class_list":["post-40","page","type-page","status-publish","hentry"],"_links":{"self":[{"href":"https:\/\/blog.edu.turku.fi\/kieliluokat\/wp-json\/wp\/v2\/pages\/40","targetHints":{"allow":["GET"]}}],"collection":[{"href":"https:\/\/blog.edu.turku.fi\/kieliluokat\/wp-json\/wp\/v2\/pages"}],"about":[{"href":"https:\/\/blog.edu.turku.fi\/kieliluokat\/wp-json\/wp\/v2\/types\/page"}],"author":[{"embeddable":true,"href":"https:\/\/blog.edu.turku.fi\/kieliluokat\/wp-json\/wp\/v2\/users\/56"}],"replies":[{"embeddable":true,"href":"https:\/\/blog.edu.turku.fi\/kieliluokat\/wp-json\/wp\/v2\/comments?post=40"}],"version-history":[{"count":3,"href":"https:\/\/blog.edu.turku.fi\/kieliluokat\/wp-json\/wp\/v2\/pages\/40\/revisions"}],"predecessor-version":[{"id":156,"href":"https:\/\/blog.edu.turku.fi\/kieliluokat\/wp-json\/wp\/v2\/pages\/40\/revisions\/156"}],"up":[{"embeddable":true,"href":"https:\/\/blog.edu.turku.fi\/kieliluokat\/wp-json\/wp\/v2\/pages\/30"}],"wp:attachment":[{"href":"https:\/\/blog.edu.turku.fi\/kieliluokat\/wp-json\/wp\/v2\/media?parent=40"}],"curies":[{"name":"wp","href":"https:\/\/api.w.org\/{rel}","templated":true}]}}