{"id":397,"date":"2017-05-11T11:57:48","date_gmt":"2017-05-11T08:57:48","guid":{"rendered":"https:\/\/blog.edu.turku.fi\/kieliluokat\/?page_id=397"},"modified":"2017-05-11T11:57:48","modified_gmt":"2017-05-11T08:57:48","slug":"clil-methode","status":"publish","type":"page","link":"https:\/\/blog.edu.turku.fi\/kieliluokat\/de\/was\/methoden-und-begriffe\/clil-methode\/","title":{"rendered":"CLIL-Methode"},"content":{"rendered":"<h3>Content and Language Integrated Learning<\/h3>\n<p>CLIL ist die Abk\u00fcrzung f\u00fcr Content and Language Integrated Learning und bezeichnet eine Methode des Fremdsprachunterrichts in der man Sachinhalte in einer Fremdsprache erlernt.<\/p>\n<p>In dieser Vorgangsweise stellt der in der Muttersprache und Fremdsprache erteilte Unterricht eine Gesamtheit dar. Der Unterricht erfolgt zweisprachig so, dass in Lernsituationen je nach Zweck und Situation die geeignete Sprache gew\u00e4hlt wird. Gem\u00e4\u00df der CLIL-Methode k\u00f6nnen die Lerninhalte aller F\u00e4cher bis auf die Muttersprache in der Fremdsprache unterrichtet werden. Die Sprache ist nicht das eigentliche Lernziel sondern viel mehr ein Mittel zum Lernen. Der formale Sprachunterricht erfolgt in den Sprachstunden.<\/p>\n","protected":false},"excerpt":{"rendered":"<p>Content and Language Integrated Learning CLIL ist die Abk\u00fcrzung f\u00fcr Content and Language Integrated Learning und bezeichnet eine Methode des Fremdsprachunterrichts in der man Sachinhalte in einer Fremdsprache erlernt. In dieser Vorgangsweise stellt der in der Muttersprache und Fremdsprache erteilte<\/p>\n","protected":false},"author":56,"featured_media":0,"parent":394,"menu_order":0,"comment_status":"closed","ping_status":"closed","template":"","meta":{"footnotes":""},"class_list":["post-397","page","type-page","status-publish","hentry"],"_links":{"self":[{"href":"https:\/\/blog.edu.turku.fi\/kieliluokat\/wp-json\/wp\/v2\/pages\/397","targetHints":{"allow":["GET"]}}],"collection":[{"href":"https:\/\/blog.edu.turku.fi\/kieliluokat\/wp-json\/wp\/v2\/pages"}],"about":[{"href":"https:\/\/blog.edu.turku.fi\/kieliluokat\/wp-json\/wp\/v2\/types\/page"}],"author":[{"embeddable":true,"href":"https:\/\/blog.edu.turku.fi\/kieliluokat\/wp-json\/wp\/v2\/users\/56"}],"replies":[{"embeddable":true,"href":"https:\/\/blog.edu.turku.fi\/kieliluokat\/wp-json\/wp\/v2\/comments?post=397"}],"version-history":[{"count":1,"href":"https:\/\/blog.edu.turku.fi\/kieliluokat\/wp-json\/wp\/v2\/pages\/397\/revisions"}],"predecessor-version":[{"id":398,"href":"https:\/\/blog.edu.turku.fi\/kieliluokat\/wp-json\/wp\/v2\/pages\/397\/revisions\/398"}],"up":[{"embeddable":true,"href":"https:\/\/blog.edu.turku.fi\/kieliluokat\/wp-json\/wp\/v2\/pages\/394"}],"wp:attachment":[{"href":"https:\/\/blog.edu.turku.fi\/kieliluokat\/wp-json\/wp\/v2\/media?parent=397"}],"curies":[{"name":"wp","href":"https:\/\/api.w.org\/{rel}","templated":true}]}}