{"id":391,"date":"2017-05-11T11:56:14","date_gmt":"2017-05-11T08:56:14","guid":{"rendered":"https:\/\/blog.edu.turku.fi\/kieliluokat\/?page_id=391"},"modified":"2017-05-30T10:19:33","modified_gmt":"2017-05-30T07:19:33","slug":"anmeldung","status":"publish","type":"page","link":"https:\/\/blog.edu.turku.fi\/kieliluokat\/de\/anmeldung\/","title":{"rendered":"Anmeldung"},"content":{"rendered":"<h3>Anmeldung zum fremdsprachigen Unterricht (CLIL-Methode)<\/h3>\n<p>Anleitungen zur Anmeldung finden Sie auf den Webseiten der Schulen oder k\u00f6nnen direkt vom Direktor erfragt werden. Die Anmeldung zum fremdsprachigen Unterricht erfolgt gleich wie zum finnischen Basisunterricht. Die Sch\u00fcler der ersten Klasse sollten im Januar des Einschulungsjahres angemeldet werden. Informationen \u00fcber die Schulanmeldung werden durch Medien \u00fcbermittelt sowie direkt nach Hause geschickt.<br \/>\nWer ist f\u00fcr den fremdsprachigen Unterricht geeignet?<\/p>\n<p>Von allen Kindern wird eine gute, dem Altersniveau entsprechende Beherrschung der finnischen Sprache verlangt. F\u00fcr den fremdsprachigen Unterricht der ersten Klasse ist eine Kenntnis der Fremdsprache nicht erforderlich. F\u00fcr alle anderen Klassenstufen sollten die Fremdsprachenkenntisse ausreichend sein.<\/p>\n<p>Die Kinder von aus dem Ausland nach Finnland ziehenden Familien k\u00f6nnen auch f\u00fcr den fremdsprachigen Unterricht angemeldet werden. Dies ist f\u00fcr sie eine hervorragende M\u00f6glichkeit die Ausbildung in der jeweiligen Fremdsprache fortzusetzen sowie ihre finnischen Sprachkenntnisse zu vertiefen.<\/p>\n<p><a href=\"https:\/\/blog.edu.turku.fi\/kieliluokat\/de\/was\/methoden-und-begriffe\/clil-methode\/\">Mehr \u00fcber den CLIL Unterricht<\/a><\/p>\n<p><a href=\"https:\/\/blog.edu.turku.fi\/kieliluokat\/de\/wo\/schulen\/\">Sprachschulen in Turku<\/a><\/p>\n","protected":false},"excerpt":{"rendered":"<p>Anmeldung zum fremdsprachigen Unterricht (CLIL-Methode) Anleitungen zur Anmeldung finden Sie auf den Webseiten der Schulen oder k\u00f6nnen direkt vom Direktor erfragt werden. Die Anmeldung zum fremdsprachigen Unterricht erfolgt gleich wie zum finnischen Basisunterricht. Die Sch\u00fcler der ersten Klasse sollten im<\/p>\n","protected":false},"author":56,"featured_media":0,"parent":340,"menu_order":0,"comment_status":"closed","ping_status":"closed","template":"","meta":{"footnotes":""},"class_list":["post-391","page","type-page","status-publish","hentry"],"_links":{"self":[{"href":"https:\/\/blog.edu.turku.fi\/kieliluokat\/wp-json\/wp\/v2\/pages\/391","targetHints":{"allow":["GET"]}}],"collection":[{"href":"https:\/\/blog.edu.turku.fi\/kieliluokat\/wp-json\/wp\/v2\/pages"}],"about":[{"href":"https:\/\/blog.edu.turku.fi\/kieliluokat\/wp-json\/wp\/v2\/types\/page"}],"author":[{"embeddable":true,"href":"https:\/\/blog.edu.turku.fi\/kieliluokat\/wp-json\/wp\/v2\/users\/56"}],"replies":[{"embeddable":true,"href":"https:\/\/blog.edu.turku.fi\/kieliluokat\/wp-json\/wp\/v2\/comments?post=391"}],"version-history":[{"count":5,"href":"https:\/\/blog.edu.turku.fi\/kieliluokat\/wp-json\/wp\/v2\/pages\/391\/revisions"}],"predecessor-version":[{"id":526,"href":"https:\/\/blog.edu.turku.fi\/kieliluokat\/wp-json\/wp\/v2\/pages\/391\/revisions\/526"}],"up":[{"embeddable":true,"href":"https:\/\/blog.edu.turku.fi\/kieliluokat\/wp-json\/wp\/v2\/pages\/340"}],"wp:attachment":[{"href":"https:\/\/blog.edu.turku.fi\/kieliluokat\/wp-json\/wp\/v2\/media?parent=391"}],"curies":[{"name":"wp","href":"https:\/\/api.w.org\/{rel}","templated":true}]}}