{"id":38,"date":"2017-03-30T15:32:57","date_gmt":"2017-03-30T12:32:57","guid":{"rendered":"https:\/\/blog.edu.turku.fi\/kieliluokat\/?page_id=38"},"modified":"2017-05-30T10:20:29","modified_gmt":"2017-05-30T07:20:29","slug":"millaista-kieliluokilla-on","status":"publish","type":"page","link":"https:\/\/blog.edu.turku.fi\/kieliluokat\/fi\/mita\/millaista-kieliluokilla-on\/","title":{"rendered":"Millaista kieliluokilla on?"},"content":{"rendered":"<p><em>Haluan oppia saksaa. Saksa on kiva kieli. Sit\u00e4 tarvitaan viel\u00e4 joskus.<\/em><br \/>\n(Alina 8v)<\/p>\n<p><em>Saksan luokalla tietenkin oppii saksaa ja siell\u00e4 on hauskaa.<\/em><br \/>\n(Okko 12v)<\/p>\n<p><em>Ranskan kieliluokalla on ollut kivaa, koska olen saanut puhua ranskaa ranskalaisten kanssa.<\/em><br \/>\n(Sofia 12v)<\/p>\n<p><em>Olen todella oppinut sit\u00e4 kielt\u00e4.\u00a0 Englantirikasteisiin luokkiin tulee my\u00f6s henkil\u00f6it\u00e4 eri maista ja on kiva oppia heid\u00e4n kulttuuria ja tapoja. Jos on pakko sanoa jotakin huonoa, niin sanoisin, ett\u00e4 onhan se aika rasittavaa esimerkiksi lukea joka kerta englanninosuuteen.<br \/>\n<\/em>(Frans 12v)<\/p>\n<p><em>Kun tulin englantirikasteiselle luokalle luulin, ett\u00e4 t\u00e4m\u00e4 olisi raskaampaa, mutta ei se sitten ollutkaan. Tulin t\u00e4lle luokalle, koska ajattelin, ett\u00e4 t\u00e4st\u00e4 on hy\u00f6ty\u00e4 tulevaisuudessa.<\/em><br \/>\n(tytt\u00f6 14v)<\/p>\n<p><em>Ranskan kieliluokalla olen kuullut tarinoita menneist\u00e4 ajoista my\u00f6s ranskaksi.<\/em><br \/>\n(Artturi 11v)<\/p>\n","protected":false},"excerpt":{"rendered":"<p>Haluan oppia saksaa. Saksa on kiva kieli. Sit\u00e4 tarvitaan viel\u00e4 joskus. (Alina 8v) Saksan luokalla tietenkin oppii saksaa ja siell\u00e4 on hauskaa. (Okko 12v) Ranskan kieliluokalla on ollut kivaa, koska olen saanut puhua ranskaa ranskalaisten kanssa. (Sofia 12v) Olen todella<\/p>\n","protected":false},"author":56,"featured_media":0,"parent":30,"menu_order":0,"comment_status":"closed","ping_status":"closed","template":"","meta":{"footnotes":""},"class_list":["post-38","page","type-page","status-publish","hentry"],"_links":{"self":[{"href":"https:\/\/blog.edu.turku.fi\/kieliluokat\/wp-json\/wp\/v2\/pages\/38","targetHints":{"allow":["GET"]}}],"collection":[{"href":"https:\/\/blog.edu.turku.fi\/kieliluokat\/wp-json\/wp\/v2\/pages"}],"about":[{"href":"https:\/\/blog.edu.turku.fi\/kieliluokat\/wp-json\/wp\/v2\/types\/page"}],"author":[{"embeddable":true,"href":"https:\/\/blog.edu.turku.fi\/kieliluokat\/wp-json\/wp\/v2\/users\/56"}],"replies":[{"embeddable":true,"href":"https:\/\/blog.edu.turku.fi\/kieliluokat\/wp-json\/wp\/v2\/comments?post=38"}],"version-history":[{"count":9,"href":"https:\/\/blog.edu.turku.fi\/kieliluokat\/wp-json\/wp\/v2\/pages\/38\/revisions"}],"predecessor-version":[{"id":527,"href":"https:\/\/blog.edu.turku.fi\/kieliluokat\/wp-json\/wp\/v2\/pages\/38\/revisions\/527"}],"up":[{"embeddable":true,"href":"https:\/\/blog.edu.turku.fi\/kieliluokat\/wp-json\/wp\/v2\/pages\/30"}],"wp:attachment":[{"href":"https:\/\/blog.edu.turku.fi\/kieliluokat\/wp-json\/wp\/v2\/media?parent=38"}],"curies":[{"name":"wp","href":"https:\/\/api.w.org\/{rel}","templated":true}]}}