{"id":379,"date":"2017-05-11T11:46:18","date_gmt":"2017-05-11T08:46:18","guid":{"rendered":"https:\/\/blog.edu.turku.fi\/kieliluokat\/?page_id=379"},"modified":"2023-08-02T08:58:05","modified_gmt":"2023-08-02T05:58:05","slug":"lecole-de-vaha-heikkila","status":"publish","type":"page","link":"https:\/\/blog.edu.turku.fi\/kieliluokat\/fr\/ou\/ecoles\/lecole-de-vaha-heikkila\/","title":{"rendered":"L\u2019\u00c9cole de V\u00e4h\u00e4-Heikkil\u00e4"},"content":{"rendered":"<h3>L\u2019enseignement en fran\u00e7ais \u00e0 l\u2019Ecole de V\u00e4h\u00e4-Heikkil\u00e4<\/h3>\n<p>Les classes fran\u00e7aises existent \u00e0 l\u2019Ecole de V\u00e4h\u00e4-Heikkil\u00e4 depuis 1993. Le fran\u00e7ais est la langue d\u2019enseignement dans toutes les autres mati\u00e8res except\u00e9 le finnois. Le travail dans les classes bilingues est fond\u00e9 sur le plan d\u2019enseignement officiel de la ville de Turku. Tous les manuels scolaires sont en finnois.<\/p>\n<p>L\u2019essentiel de la p\u00e9dagogie CLIL\/EMILE est l\u2019illustration, la d\u00e9monstration, la r\u00e9p\u00e9tition et la concr\u00e9tisation.<\/p>\n<p>Le professeur parle fran\u00e7ais dans toutes les situations quotidiennes. D\u00e8s le d\u00e9but, les \u00e9l\u00e8ves apprennent \u00e0 communiquer en fran\u00e7ais dans les situations de tous les jours. Un professeur francophone enseigne une \u00e0 deux le\u00e7ons par semaine dans toutes les classes bilingues. Les \u00e9l\u00e8ves d\u00e9couvrent la culture fran\u00e7aise sans oublier les caract\u00e9ristiques de la culture finlandaise.<\/p>\n<p>En 2000 l\u00b4Ecole de V\u00e4h\u00e4-Heikkil\u00e4 a re\u00e7u le Label europ\u00e9en des langues en r\u00e9compense de son en-seignement promouvant la langue et la culture fran\u00e7aises. En 2015 l\u00b4Ecole de V\u00e4h\u00e4-Heikkil\u00e4 s\u00b4est vue d\u00e9cerner le LabelFrance\u00c9ducation par le Minist\u00e8re des Affaires \u00e9trang\u00e8res, pour la r\u00e9compenser de la haute qualit\u00e9 de son enseignement bilingue.<\/p>\n<h4>L\u2019enseignement bilingue \u00e0 l\u2019Ecole de V\u00e4h\u00e4-Heikkil\u00e4<\/h4>\n<p><strong>Les classes 1-2<\/strong><\/p>\n<p>L\u2019objectif des premi\u00e8res ann\u00e9es scolaires est d\u2019encourager les \u00e9l\u00e8ves \u00e0 comprendre et s\u2019exprimer oralement en fran\u00e7ais. Les \u00e9l\u00e8ves apprennent la langue fran\u00e7aise surtout par la communication quotidienne \u00e0 l\u2019\u00e9cole, les chansons, les comptines ainsi que les exercices de vocabulaire et de prononciation.<\/p>\n<p>Les sujets enseign\u00e9s en fran\u00e7ais sont familiers aux \u00e9l\u00e8ves. On apprend \u00e0 lire et \u00e0 \u00e9crire en finnois.<\/p>\n<p><strong>Les classes 3-6<\/strong><\/p>\n<p>En troisi\u00e8me ann\u00e9e scolaire, les \u00e9l\u00e8ves commencent les \u00e9tudes du fran\u00e7ais comme premi\u00e8re langue \u00e9trang\u00e8re. Les \u00e9l\u00e8ves apprennent \u00e0 lire et \u00e0 \u00e9crire en fran\u00e7ais. En m\u00eame temps, ils sont de plus en plus encourag\u00e9s \u00e0 s\u2019exprimer oralement en fran\u00e7ais. Les comp\u00e9tences en lecture et en \u00e9criture sont am\u00e9lior\u00e9s. Pour l&#8217;enseignement de nouvelles mati\u00e8res, les contenus familiers sont pr\u00e9sent\u00e9s en fran\u00e7ais.<\/p>\n<p>A l\u2019Ecole de V\u00e4h\u00e4-Heikkil\u00e4 dans les classes fran\u00e7aises 4 et 5 les \u00e9l\u00e8ves passent les examens du DELF (Dipl\u00f4me d\u2019Etudes en Langue Fran\u00e7aise) respectivement niveaux A1.1. et A1.<\/p>\n<h4>Les objectifs de l\u2019enseignement en fran\u00e7ais<\/h4>\n<ul>\n<li>cr\u00e9er une attitude positive envers les \u00e9tudes<\/li>\n<li>d\u00e9velopper la personnalit\u00e9 et la confiance en soi<\/li>\n<li>encourager l\u2019ind\u00e9pendance des \u00e9l\u00e8ves<\/li>\n<li>encourager \u00e0 s\u2019exprimer et communiquer en fran\u00e7ais<\/li>\n<li>se familiariser avec la culture francophone<\/li>\n<\/ul>\n<h4>Contact<\/h4>\n<p>Myllym\u00e4entie 42 (voir la carte)<br \/>\n20810 Turku<\/p>\n<p>Directrice Taru P\u00e4t\u00e4ri<br \/>\nT\u00e9l. 050 432 3684<br \/>\ntaru.patari@edu.turku.fi<\/p>\n<p><a href=\"http:\/\/info.edu.turku.fi\/vahaheikkila\/\">Site Internet de l\u2019\u00e9cole<\/a><\/p>\n<p>&nbsp;<\/p>\n","protected":false},"excerpt":{"rendered":"<p>L\u2019enseignement en fran\u00e7ais \u00e0 l\u2019Ecole de V\u00e4h\u00e4-Heikkil\u00e4 Les classes fran\u00e7aises existent \u00e0 l\u2019Ecole de V\u00e4h\u00e4-Heikkil\u00e4 depuis 1993. Le fran\u00e7ais est la langue d\u2019enseignement dans toutes les autres mati\u00e8res except\u00e9 le finnois. Le travail dans les classes bilingues est fond\u00e9 sur<\/p>\n","protected":false},"author":56,"featured_media":0,"parent":350,"menu_order":0,"comment_status":"closed","ping_status":"closed","template":"","meta":{"footnotes":""},"class_list":["post-379","page","type-page","status-publish","hentry"],"_links":{"self":[{"href":"https:\/\/blog.edu.turku.fi\/kieliluokat\/wp-json\/wp\/v2\/pages\/379","targetHints":{"allow":["GET"]}}],"collection":[{"href":"https:\/\/blog.edu.turku.fi\/kieliluokat\/wp-json\/wp\/v2\/pages"}],"about":[{"href":"https:\/\/blog.edu.turku.fi\/kieliluokat\/wp-json\/wp\/v2\/types\/page"}],"author":[{"embeddable":true,"href":"https:\/\/blog.edu.turku.fi\/kieliluokat\/wp-json\/wp\/v2\/users\/56"}],"replies":[{"embeddable":true,"href":"https:\/\/blog.edu.turku.fi\/kieliluokat\/wp-json\/wp\/v2\/comments?post=379"}],"version-history":[{"count":4,"href":"https:\/\/blog.edu.turku.fi\/kieliluokat\/wp-json\/wp\/v2\/pages\/379\/revisions"}],"predecessor-version":[{"id":639,"href":"https:\/\/blog.edu.turku.fi\/kieliluokat\/wp-json\/wp\/v2\/pages\/379\/revisions\/639"}],"up":[{"embeddable":true,"href":"https:\/\/blog.edu.turku.fi\/kieliluokat\/wp-json\/wp\/v2\/pages\/350"}],"wp:attachment":[{"href":"https:\/\/blog.edu.turku.fi\/kieliluokat\/wp-json\/wp\/v2\/media?parent=379"}],"curies":[{"name":"wp","href":"https:\/\/api.w.org\/{rel}","templated":true}]}}