{"id":376,"date":"2017-05-11T11:42:35","date_gmt":"2017-05-11T08:42:35","guid":{"rendered":"https:\/\/blog.edu.turku.fi\/kieliluokat\/?page_id=376"},"modified":"2023-08-02T08:57:01","modified_gmt":"2023-08-02T05:57:01","slug":"le-college-de-topelius","status":"publish","type":"page","link":"https:\/\/blog.edu.turku.fi\/kieliluokat\/fr\/ou\/ecoles\/le-college-de-topelius\/","title":{"rendered":"Le Coll\u00e8ge de Topelius"},"content":{"rendered":"<h3>Le Coll\u00e8ge de Topelius \u2013 les classes bilingues<\/h3>\n<p>Le plan d\u2019enseignement des classes bilingues pour les classes 7-9 a \u00e9t\u00e9 mis en place en coo-p\u00e9ration avec l\u2019\u00e9cole de V\u00e4h\u00e4-Heikkil\u00e4 o\u00f9 les \u00e9l\u00e8ves des classes bilingues commencent leurs \u00e9tudes.<\/p>\n<p>L\u2019enseignement est donn\u00e9 partiellement en fran\u00e7ais en histoire, biologie, g\u00e9ographie, math\u00e9-matiques, physique, chimie, musique, et travaux m\u00e9nagers. L\u2019apprentissage des contenus de ces disciplines est assur\u00e9 par l\u2019enseignement en finnois. Ainsi, les \u00e9l\u00e8ves \u00e9tudient le fran\u00e7ais en 10 p\u00e9riodes scolaires (une p\u00e9riode correspond \u00e0 38 heures de cours) au cours des trois ann\u00e9es d\u2019\u00e9tudes au coll\u00e8ge.<\/p>\n<p>L&#8217;\u00e9quipe enseignante est compos\u00e9e d&#8217;enseignants francophones et d&#8217;un enseignant fran\u00e7ais natif qui est qualifi\u00e9 \u00e0 enseigner le fran\u00e7ais comme langue \u00e9trang\u00e8re. Il intervient dans les dis-ciplines dites non linguistiques, en collaboration avec les enseignants de la discipline concer-n\u00e9e, quand ceux-ci ne parlent pas fran\u00e7ais.<\/p>\n<p>Les \u00e9l\u00e8ves des classes bilingues passent le niveau A2 du DELF scolaire (Dipl\u00f4me d\u2019\u00e9tudes en langue fran\u00e7aise) en classe 7 et le niveau B1 en classe 9.<\/p>\n<h4>Contact<\/h4>\n<p>Hansakatu 2,\u00a020100 Turku<br \/>\n<a href=\"http:\/\/opaskartta.turku.fi\/Web\/Default.aspx?layers=Opaskartta&amp;cp=104111,68328&amp;z=2&amp;title=Topeliuksen%20koulu%2C%20Hansakatu%202%2C%20Turku&amp;language=fin\">Voir la carte<\/a><\/p>\n<p>Directeur M. Timo Himanen<br \/>\nPakkarinkatu 10, 20100 Turku<br \/>\nT\u00e9l. +358 449072358<br \/>\ntimo.himanen@edu.turku.fi<\/p>\n<p><a href=\"https:\/\/blog.edu.turku.fi\/topelius\/\">Site Internet du Coll\u00e8ge<\/a><\/p>\n","protected":false},"excerpt":{"rendered":"<p>Le Coll\u00e8ge de Topelius \u2013 les classes bilingues Le plan d\u2019enseignement des classes bilingues pour les classes 7-9 a \u00e9t\u00e9 mis en place en coo-p\u00e9ration avec l\u2019\u00e9cole de V\u00e4h\u00e4-Heikkil\u00e4 o\u00f9 les \u00e9l\u00e8ves des classes bilingues commencent leurs \u00e9tudes. L\u2019enseignement est<\/p>\n","protected":false},"author":56,"featured_media":0,"parent":350,"menu_order":0,"comment_status":"closed","ping_status":"closed","template":"","meta":{"footnotes":""},"class_list":["post-376","page","type-page","status-publish","hentry"],"_links":{"self":[{"href":"https:\/\/blog.edu.turku.fi\/kieliluokat\/wp-json\/wp\/v2\/pages\/376","targetHints":{"allow":["GET"]}}],"collection":[{"href":"https:\/\/blog.edu.turku.fi\/kieliluokat\/wp-json\/wp\/v2\/pages"}],"about":[{"href":"https:\/\/blog.edu.turku.fi\/kieliluokat\/wp-json\/wp\/v2\/types\/page"}],"author":[{"embeddable":true,"href":"https:\/\/blog.edu.turku.fi\/kieliluokat\/wp-json\/wp\/v2\/users\/56"}],"replies":[{"embeddable":true,"href":"https:\/\/blog.edu.turku.fi\/kieliluokat\/wp-json\/wp\/v2\/comments?post=376"}],"version-history":[{"count":2,"href":"https:\/\/blog.edu.turku.fi\/kieliluokat\/wp-json\/wp\/v2\/pages\/376\/revisions"}],"predecessor-version":[{"id":637,"href":"https:\/\/blog.edu.turku.fi\/kieliluokat\/wp-json\/wp\/v2\/pages\/376\/revisions\/637"}],"up":[{"embeddable":true,"href":"https:\/\/blog.edu.turku.fi\/kieliluokat\/wp-json\/wp\/v2\/pages\/350"}],"wp:attachment":[{"href":"https:\/\/blog.edu.turku.fi\/kieliluokat\/wp-json\/wp\/v2\/media?parent=376"}],"curies":[{"name":"wp","href":"https:\/\/api.w.org\/{rel}","templated":true}]}}